{"id":738006,"date":"2025-08-27T23:40:19","date_gmt":"2025-08-27T20:40:19","guid":{"rendered":"https:\/\/roveyayinevi.com.tr\/index.php\/urun\/yapmamak\/"},"modified":"2026-04-16T02:47:47","modified_gmt":"2026-04-15T23:47:47","slug":"yapmamak","status":"publish","type":"product","link":"https:\/\/roveyayinevi.com.tr\/index.php\/urun\/yapmamak\/","title":{"rendered":"Yapmamak"},"content":{"rendered":"<p>Optimist Yay\u0131n Grubu; d\u00fcnyaca \u00fcnl\u00fc Deeper Learning \u015firketinin kurucusu, e\u011fitmen ve insan kaynaklar\u0131 profesyoneli Steven D\u2019Souza\u2019n\u0131n ses getiren yeni kitab\u0131 Yapmamak\u2019\u0131 sunar. \u201cYapmamak. Bu, arkana yaslan\u0131p olaylar\u0131n ba\u015f\u0131na gelmesine izin vermek anlam\u0131na gelmiyor. Aksine, daha cesur ve daha ilham verici bir \u015feyi ifade ediyor: Durumun enerjisiyle birlikte, \u00e7evreyle uyum i\u00e7inde ve s\u0131n\u0131rl\u0131 kaynaklar\u0131 en iyi \u015fekilde kullanarak i\u015flev g\u00f6stermek. Deneyin. Yapmamak. \u015eimdiye kadar yapt\u0131\u011f\u0131n\u0131z en iyi \u015fey olabilir.\u201d &#8211; Daniel Pink, Drive\u2019\u0131n yazar\u0131<\/p>\n","protected":false},"excerpt":{"rendered":"<p>Optimist Yay\u0131n Grubu; d\u00fcnyaca \u00fcnl\u00fc Deeper Learning \u015firketinin kurucusu, e\u011fitmen ve insan kaynaklar\u0131 profesyoneli Steven D\u2019Souza\u2019n\u0131n ses getiren yeni kitab\u0131 Yapmamak\u2019\u0131 sunar. \u201cYapmamak. Bu, arkana yaslan\u0131p<span class=\"excerpt-hellip\"> [\u2026]<\/span><\/p>\n","protected":false},"featured_media":0,"template":"","meta":{"_monsterinsights_skip_tracking":false,"_monsterinsights_sitenote_active":false,"_monsterinsights_sitenote_note":"","_monsterinsights_sitenote_category":0},"product_brand":[],"product_cat":[14787,13488],"product_tag":[],"class_list":{"0":"post-738006","1":"product","2":"type-product","3":"status-publish","5":"product_cat-diger-toplum-ve-insan","6":"product_cat-toplum-ve-insan","7":"pa_cilt-ciltsiz","8":"pa_tur-kitap","9":"pa_yayinevi-optimist-yayin-dagitim","10":"pa_yazar-diana-renner","12":"first","13":"instock","14":"sale","15":"shipping-taxable","16":"purchasable","17":"product-type-simple"},"_links":{"self":[{"href":"https:\/\/roveyayinevi.com.tr\/index.php\/wp-json\/wp\/v2\/product\/738006","targetHints":{"allow":["GET"]}}],"collection":[{"href":"https:\/\/roveyayinevi.com.tr\/index.php\/wp-json\/wp\/v2\/product"}],"about":[{"href":"https:\/\/roveyayinevi.com.tr\/index.php\/wp-json\/wp\/v2\/types\/product"}],"wp:attachment":[{"href":"https:\/\/roveyayinevi.com.tr\/index.php\/wp-json\/wp\/v2\/media?parent=738006"}],"wp:term":[{"taxonomy":"product_brand","embeddable":true,"href":"https:\/\/roveyayinevi.com.tr\/index.php\/wp-json\/wp\/v2\/product_brand?post=738006"},{"taxonomy":"product_cat","embeddable":true,"href":"https:\/\/roveyayinevi.com.tr\/index.php\/wp-json\/wp\/v2\/product_cat?post=738006"},{"taxonomy":"product_tag","embeddable":true,"href":"https:\/\/roveyayinevi.com.tr\/index.php\/wp-json\/wp\/v2\/product_tag?post=738006"}],"curies":[{"name":"wp","href":"https:\/\/api.w.org\/{rel}","templated":true}]}}