{"id":738004,"date":"2025-08-27T23:40:16","date_gmt":"2025-08-27T20:40:16","guid":{"rendered":"https:\/\/roveyayinevi.com.tr\/index.php\/urun\/pazarlama-4-0\/"},"modified":"2026-04-16T02:47:47","modified_gmt":"2026-04-15T23:47:47","slug":"pazarlama-4-0","status":"publish","type":"product","link":"https:\/\/roveyayinevi.com.tr\/index.php\/urun\/pazarlama-4-0\/","title":{"rendered":"Pazarlama 4.0"},"content":{"rendered":"<p>\u201cTeknoloji d\u00fcnyas\u0131 bug\u00fcn o kadar h\u0131zl\u0131 ilerliyor ki, her bir de\u011fi\u015fim bir sonrakini daha da h\u0131zland\u0131r\u0131yor. B\u00f6yle bir ortamda ileriye do\u011fru giderken pazarlama uzmanlar\u0131n\u0131n yollar\u0131n\u0131 bulmalar\u0131na yard\u0131mc\u0131 olacak bir temele ve referans noktas\u0131na sahip olmalar\u0131 son derece \u00f6nemlidir. Bu y\u00f6nde yeni bir bilimsel temel atan Pazarlama 4.0 kitab\u0131, dijital ve mobil gelece\u011fi icat etmeye ve anlamaya \u00e7al\u0131\u015fan herkes i\u00e7in bir ba\u015flang\u0131\u00e7 noktas\u0131 ve paha bi\u00e7ilmez bir kaynak olacakt\u0131r.\u201d\u2014Howard Tullman,CEO, Chicagoland Entrepreneurial Center\/1871\u201c\u0130nternet ve IT, pazarlamay\u0131 k\u00f6k\u00fcnden de\u011fi\u015ftiriyor. Bu kitap yeni d\u00f6nemde pazarlama konusunda \u00e7ok \u00f6nemli bilgiler veriyor.\u201d\u2014Hermann Simon, Kurucu ve Ba\u015fkan, Simon-Kucher&amp;Partners\u201cKotler ve arkada\u015flar\u0131 bug\u00fcn\u00fcn dijital, interaktif pazar\u0131 ile pazarlaman\u0131n yeni rol\u00fcn\u00fc \u00e7ok g\u00fczel bir \u015fekilde sentezlemi\u015fler.\u201d\u2014Don Schultz, (Aktif Emekli) B\u00fct\u00fcnsel Pazarlama \u0130leti\u015fimi Profes\u00f6r\u00fc, Medill Gazetecilik, Medya, B\u00fct\u00fcnsel Pazarlama \u0130leti\u015fimi Fak\u00fcltesi, Northwestern \u00dcniversitesi\u201cBug\u00fcn pazarlama alan\u0131nda ge\u00e7ekle\u015fmekte olan devasa de\u011fi\u015fimleri belgeleme konusunda hi\u00e7 kimse pazarlaman\u0131n babas\u0131 Philip Kotler\u2019den daha nitelikli de\u011fildir. Pazarlaman\u0131n gelece\u011fi dijitaldir ve bu kitap da rehberiniz.\u201d\u2014Al Ries, Positioning: The Battle for Your Mind yazar\u0131Philip Kotler, Northwestern \u00dcniversitesi \u0130\u015f Y\u00f6netimi Akademisinde Profes\u00f6r unvan\u0131yla g\u00f6rev yapmaktad\u0131r. Modern Pazarlaman\u0131n Babas\u0131 olarak kabul edilir. Wall Street Journal taraf\u0131ndan i\u015f d\u00fcnyas\u0131n\u0131n en etkili alt\u0131 d\u00fc\u015f\u00fcn\u00fcr\u00fc aras\u0131nda g\u00f6sterilmi\u015ftir. Kitaplar\u0131 yakla\u015f\u0131k 25 dile \u00e7evrilmi\u015ftir ve d\u00fczenli olarak uluslararas\u0131 \u00e7evrelerde konu\u015fmalar yapmaktad\u0131r.Hermawan Kartajaya MarkPlus Inc. dan\u0131\u015fmanl\u0131k \u015firketinin kurucusu ve \u0130cra Kurulu ba\u015fkan\u0131d\u0131r. \u0130ngiltere merkezli Chartered Institute of Marketing adl\u0131 e\u011fitim ama\u00e7l\u0131 mesleki birli\u011fe g\u00f6re \u201cPazarlaman\u0131n Gelece\u011fini \u015eekillendirmi\u015f Olan 50 Guru\u201ddan biridir.Iwan Setiawan MarkPlus\u2019ta (www.markplusinc.com) COO olarak g\u00f6rev yapmakta ve orada \u015firketlerin pazarlama stratejilerinin tasar\u0131mlar\u0131na yard\u0131mc\u0131 olmaktad\u0131r. Ayr\u0131ca s\u0131k s\u0131k yazarl\u0131k ve konu\u015fmac\u0131l\u0131k yapan Iwan, Marketeers sitesinin (www.marketeers.com) ba\u015f edit\u00f6r\u00fcd\u00fcr.\u25cf Sekt\u00f6r\u00fcn\u00fczde daha yatay, kapsay\u0131c\u0131 ve sosyal bir i\u015f ortam\u0131na d\u00f6n\u00fc\u015f\u00fcm\u00fcn g\u00f6stergesi olan trendler nelerdir?\u25cf Pazardaki bu d\u00f6n\u00fc\u015f\u00fcmlere ayak uydurmak i\u00e7in planlar\u0131n\u0131z nelerdir?\u25cf Sekt\u00f6r\u00fcn\u00fczde ba\u011flant\u0131l\u0131 m\u00fc\u015fterilerin \u00e7eli\u015fkili do\u011fas\u0131n\u0131 g\u00f6steren durumlar\u0131n baz\u0131lar\u0131 nelerdir?\u25cf \u015eirketiniz, gen\u00e7lerin erken benimseyici ve trend belirleyiciler olarak oynad\u0131\u011f\u0131 rollerden yararlanarak daha b\u00fcy\u00fck bir fikir pay\u0131 nas\u0131l elde edebilir?\u25cf \u015eirketiniz, kad\u0131nlar\u0131n evdeki etkisinden yararlanarak pazar pay\u0131n\u0131 nas\u0131l b\u00fcy\u00fctebilir?\u25cf \u015eirketiniz, daha b\u00fcy\u00fck bir g\u00f6n\u00fcl pay\u0131 elde etmek i\u00e7in netanda\u015flar\u0131 nas\u0131l saptayabilir ve onlardan nas\u0131l yararlanabilir?\u25cf Markan\u0131z dijital d\u00fcnyada insandan insana bir dokunu\u015fa dayal\u0131 g\u00fc\u00e7l\u00fc bir farkl\u0131la\u015fmay\u0131 nas\u0131l geli\u015ftirebilir?\u25cf \u015eirketiniz ortak yarat\u0131m\u0131 benimseyip d\u00f6viz kuru benzeri fiyatland\u0131rmadan yararlanarak ve toplulu\u011fu harekete ge\u00e7irip sohbetleri te\u015fvik ederek geleneksel d\u00f6rt P\u2019den dijital d\u00f6rt C\u2019ye nas\u0131l ge\u00e7i\u015f yapabilir?\u25cf \u0130\u015fbirli\u011fine dayal\u0131 m\u00fc\u015fteri ili\u015fkilerini benimsemek i\u00e7in m\u00fc\u015fteri hizmetleri stratejinizde yap\u0131lmas\u0131 gereken temel de\u011fi\u015fiklikler nelerdir?<\/p>\n","protected":false},"excerpt":{"rendered":"<p>\u201cTeknoloji d\u00fcnyas\u0131 bug\u00fcn o kadar h\u0131zl\u0131 ilerliyor ki, her bir de\u011fi\u015fim bir sonrakini daha da h\u0131zland\u0131r\u0131yor. B\u00f6yle bir ortamda ileriye do\u011fru giderken pazarlama uzmanlar\u0131n\u0131n yollar\u0131n\u0131 bulmalar\u0131na<span class=\"excerpt-hellip\"> [\u2026]<\/span><\/p>\n","protected":false},"featured_media":0,"template":"","meta":{"_monsterinsights_skip_tracking":false,"_monsterinsights_sitenote_active":false,"_monsterinsights_sitenote_note":"","_monsterinsights_sitenote_category":0},"product_brand":[],"product_cat":[13043,17492],"product_tag":[],"class_list":{"0":"post-738004","1":"product","2":"type-product","3":"status-publish","5":"product_cat-ekonomi","6":"product_cat-pazarlama-satis-reklam","7":"pa_cilt-ciltsiz","8":"pa_tur-kitap","9":"pa_yayinevi-optimist-yayin-dagitim","10":"pa_yazar-philip-kotler","12":"first","13":"instock","14":"sale","15":"shipping-taxable","16":"purchasable","17":"product-type-simple"},"_links":{"self":[{"href":"https:\/\/roveyayinevi.com.tr\/index.php\/wp-json\/wp\/v2\/product\/738004","targetHints":{"allow":["GET"]}}],"collection":[{"href":"https:\/\/roveyayinevi.com.tr\/index.php\/wp-json\/wp\/v2\/product"}],"about":[{"href":"https:\/\/roveyayinevi.com.tr\/index.php\/wp-json\/wp\/v2\/types\/product"}],"wp:attachment":[{"href":"https:\/\/roveyayinevi.com.tr\/index.php\/wp-json\/wp\/v2\/media?parent=738004"}],"wp:term":[{"taxonomy":"product_brand","embeddable":true,"href":"https:\/\/roveyayinevi.com.tr\/index.php\/wp-json\/wp\/v2\/product_brand?post=738004"},{"taxonomy":"product_cat","embeddable":true,"href":"https:\/\/roveyayinevi.com.tr\/index.php\/wp-json\/wp\/v2\/product_cat?post=738004"},{"taxonomy":"product_tag","embeddable":true,"href":"https:\/\/roveyayinevi.com.tr\/index.php\/wp-json\/wp\/v2\/product_tag?post=738004"}],"curies":[{"name":"wp","href":"https:\/\/api.w.org\/{rel}","templated":true}]}}