{"id":738003,"date":"2025-08-27T23:40:16","date_gmt":"2025-08-27T20:40:16","guid":{"rendered":"https:\/\/roveyayinevi.com.tr\/index.php\/urun\/ozgun-liderlik\/"},"modified":"2026-04-16T02:47:47","modified_gmt":"2026-04-15T23:47:47","slug":"ozgun-liderlik","status":"publish","type":"product","link":"https:\/\/roveyayinevi.com.tr\/index.php\/urun\/ozgun-liderlik\/","title":{"rendered":"\u00d6zg\u00fcn Liderlik"},"content":{"rendered":"<p>Duygusal Fark\u0131ndal\u0131\u011f\u0131n\u0131z\u0131 Art\u0131r\u0131nLiderlik \u00fczerine yap\u0131lm\u0131\u015f onlarca ara\u015ft\u0131rma, yaz\u0131lm\u0131\u015f y\u00fczlerce kitap var ama ideal liderin bir tan\u0131m\u0131 yok. \u00d6nemli olan y\u00f6netirken kendi tarz\u0131n\u0131z\u0131 yaratmak ve \u00f6zg\u00fcn bir lider olabilmek\u2026 HBR Duygusal Zek\u00e2 Serisi \u00d6zg\u00fcn Liderlik kitab\u0131 farkl\u0131 olman\u0131n zor ama \u00e7ekici yanlar\u0131n\u0131 g\u00f6z \u00f6n\u00fcne seriyor, neden \u00f6zg\u00fcn olmak gerekti\u011fini anlat\u0131yor.- Emma Seppala- Sylvia Ann Hewlett- Rob Goffee- Herminia IbarraHBR Duygusal Zek\u00e2 Serisi, Harward Business Review sayfalar\u0131ndan i\u015f ya\u015fam\u0131n\u0131n insani yan\u0131 \u00fczerine bir okuma se\u00e7kisi sunuyor. Dizideki her kitap, duygular\u0131m\u0131z\u0131n i\u015f hayat\u0131m\u0131z\u0131 nas\u0131l etkiledi\u011fine, zor durumlarla ve zor insanlarla nas\u0131l ba\u015fa \u00e7\u0131kabilece\u011fimize, i\u015fyerindeki mutlulu\u011fa y\u00f6nelmenin ne anlama geldi\u011fine dair ilham veren denemelere ve ara\u015ft\u0131rmalara yer veriyor. Yapay zek\u00e2n\u0131n ve robotlar\u0131n her alanda geli\u015fmesi ve bir tehdit olarak alg\u0131lanmas\u0131na kar\u015f\u0131n, bizi biz yapan insani \u00f6zelliklerimizin g\u00fcc\u00fcnden faydalanmay\u0131 \u00f6\u011fretiyor. Hem keyifli ve hem de pratik olan bu kitaplar, profesyonellere ustala\u015fmak i\u00e7in kritik olan sosyal becerilerin neler oldu\u011funu anlat\u0131yor.Sayg\u0131lar\u0131m\u0131zla<\/p>\n","protected":false},"excerpt":{"rendered":"<p>Duygusal Fark\u0131ndal\u0131\u011f\u0131n\u0131z\u0131 Art\u0131r\u0131nLiderlik \u00fczerine yap\u0131lm\u0131\u015f onlarca ara\u015ft\u0131rma, yaz\u0131lm\u0131\u015f y\u00fczlerce kitap var ama ideal liderin bir tan\u0131m\u0131 yok. \u00d6nemli olan y\u00f6netirken kendi tarz\u0131n\u0131z\u0131 yaratmak ve \u00f6zg\u00fcn bir<span class=\"excerpt-hellip\"> [\u2026]<\/span><\/p>\n","protected":false},"featured_media":0,"template":"","meta":{"_monsterinsights_skip_tracking":false,"_monsterinsights_sitenote_active":false,"_monsterinsights_sitenote_note":"","_monsterinsights_sitenote_category":0},"product_brand":[],"product_cat":[13043,17647],"product_tag":[],"class_list":{"0":"post-738003","1":"product","2":"type-product","3":"status-publish","5":"product_cat-ekonomi","6":"product_cat-is-dunyasi","7":"pa_cilt-ciltsiz","8":"pa_tur-kitap","9":"pa_yayinevi-optimist-yayin-dagitim","10":"pa_yazar-optimist-kolektif","12":"first","13":"instock","14":"sale","15":"shipping-taxable","16":"purchasable","17":"product-type-simple"},"_links":{"self":[{"href":"https:\/\/roveyayinevi.com.tr\/index.php\/wp-json\/wp\/v2\/product\/738003","targetHints":{"allow":["GET"]}}],"collection":[{"href":"https:\/\/roveyayinevi.com.tr\/index.php\/wp-json\/wp\/v2\/product"}],"about":[{"href":"https:\/\/roveyayinevi.com.tr\/index.php\/wp-json\/wp\/v2\/types\/product"}],"wp:attachment":[{"href":"https:\/\/roveyayinevi.com.tr\/index.php\/wp-json\/wp\/v2\/media?parent=738003"}],"wp:term":[{"taxonomy":"product_brand","embeddable":true,"href":"https:\/\/roveyayinevi.com.tr\/index.php\/wp-json\/wp\/v2\/product_brand?post=738003"},{"taxonomy":"product_cat","embeddable":true,"href":"https:\/\/roveyayinevi.com.tr\/index.php\/wp-json\/wp\/v2\/product_cat?post=738003"},{"taxonomy":"product_tag","embeddable":true,"href":"https:\/\/roveyayinevi.com.tr\/index.php\/wp-json\/wp\/v2\/product_tag?post=738003"}],"curies":[{"name":"wp","href":"https:\/\/api.w.org\/{rel}","templated":true}]}}