{"id":738002,"date":"2025-08-27T23:40:15","date_gmt":"2025-08-27T20:40:15","guid":{"rendered":"https:\/\/roveyayinevi.com.tr\/index.php\/urun\/oz-farkindalik\/"},"modified":"2026-04-06T13:09:07","modified_gmt":"2026-04-06T10:09:07","slug":"oz-farkindalik","status":"publish","type":"product","link":"https:\/\/roveyayinevi.com.tr\/index.php\/urun\/oz-farkindalik\/","title":{"rendered":"\u00d6z Fark\u0131ndal\u0131k"},"content":{"rendered":"<p>\u00d6z Fark\u0131ndal\u0131k; yeteneklerinizi, eksikliklerinizi ve potansiyelinizi g\u00f6rmenizi sa\u011flar. Bu da duygusal zekan\u0131n temelini olu\u015fturur. Ama i\u015fyerinde verilen s\u0131radan \u00fc\u00e7 ayl\u0131k geribildirimler ya da kendi kendinize yapt\u0131\u011f\u0131n\u0131z kritikler, \u00f6z fark\u0131ndal\u0131\u011f\u0131n\u0131z\u0131 art\u0131rmaya yetmeyebilir.Bu kitap; d\u00fc\u015f\u00fcnce ve duygular\u0131n\u0131z\u0131 nas\u0131l daha iyi anlayabilece\u011finizi ve i\u015f arkada\u015flar\u0131n\u0131z\u0131, sizinle ilgili ger\u00e7ek fikirlerini payla\u015fmaya nas\u0131l ikna edebilece\u011finizi g\u00f6steriyor. \u00c7al\u0131\u015fanlar\u0131n\u0131z ve y\u00f6neticilerinizle daha verimli ve \u00f6d\u00fcllendirici ili\u015fkiler kurman\u0131z\u0131 sa\u011flayan \u00f6z fark\u0131ndal\u0131\u011f\u0131 geli\u015ftirmenin yollar\u0131n\u0131 anlat\u0131yor.*Daniel Goleman*Robert Steven Kaplan*Susan David\u0130\u015f Ya\u015fam\u0131\u0131n \u0130nsani Yan\u0131HBR Duygusal Zeka Serisi, Harward Business Review sayfalar\u0131ndan i\u015f ya\u015fam\u0131n\u0131n insani yan\u0131 \u00fczerine bir okuma se\u00e7kisi sunuyor. Dizideki her kitap, duygular\u0131m\u0131z\u0131n i\u015f hayat\u0131m\u0131z\u0131 nas\u0131l etkiledi\u011fine, zor durumlarla ve zor insanlarla nas\u0131l ba\u015fa \u00e7\u0131kabilece\u011fimize, i\u015fyerindeki mutlulu\u011fa y\u00f6nelmenin ne anlama geldi\u011fine dair ilham veren denemelere ve ara\u015ft\u0131rmalara yer veriyor. Yapay zekan\u0131n ve robotlar\u0131n her alanda geli\u015fmesi ve bir tehdit olarak alg\u0131lanmas\u0131na kar\u015f\u0131n, bizi biz yapan insani \u00f6zelliklerimizin g\u00fcc\u00fcnden faydalanmay\u0131 \u00f6\u011fretiyor. Hem keyifli ve hem de pratik olan bu kitaplar, profesyonellere ustala\u015fmak i\u00e7in kritik olan sosyal becerilerin neler oldu\u011funu anlat\u0131yor.<\/p>\n","protected":false},"excerpt":{"rendered":"<p>\u00d6z Fark\u0131ndal\u0131k; yeteneklerinizi, eksikliklerinizi ve potansiyelinizi g\u00f6rmenizi sa\u011flar. Bu da duygusal zekan\u0131n temelini olu\u015fturur. Ama i\u015fyerinde verilen s\u0131radan \u00fc\u00e7 ayl\u0131k geribildirimler ya da kendi kendinize yapt\u0131\u011f\u0131n\u0131z<span class=\"excerpt-hellip\"> [\u2026]<\/span><\/p>\n","protected":false},"featured_media":0,"template":"","meta":{"_monsterinsights_skip_tracking":false,"_monsterinsights_sitenote_active":false,"_monsterinsights_sitenote_note":"","_monsterinsights_sitenote_category":0},"product_brand":[],"product_cat":[14787,13488],"product_tag":[],"class_list":{"0":"post-738002","1":"product","2":"type-product","3":"status-publish","5":"product_cat-diger-toplum-ve-insan","6":"product_cat-toplum-ve-insan","7":"pa_cilt-ciltsiz","8":"pa_tur-kitap","9":"pa_yayinevi-optimist-yayin-dagitim","10":"pa_yazar-optimist-kolektif","12":"first","13":"instock","14":"sale","15":"shipping-taxable","16":"purchasable","17":"product-type-simple"},"_links":{"self":[{"href":"https:\/\/roveyayinevi.com.tr\/index.php\/wp-json\/wp\/v2\/product\/738002","targetHints":{"allow":["GET"]}}],"collection":[{"href":"https:\/\/roveyayinevi.com.tr\/index.php\/wp-json\/wp\/v2\/product"}],"about":[{"href":"https:\/\/roveyayinevi.com.tr\/index.php\/wp-json\/wp\/v2\/types\/product"}],"wp:attachment":[{"href":"https:\/\/roveyayinevi.com.tr\/index.php\/wp-json\/wp\/v2\/media?parent=738002"}],"wp:term":[{"taxonomy":"product_brand","embeddable":true,"href":"https:\/\/roveyayinevi.com.tr\/index.php\/wp-json\/wp\/v2\/product_brand?post=738002"},{"taxonomy":"product_cat","embeddable":true,"href":"https:\/\/roveyayinevi.com.tr\/index.php\/wp-json\/wp\/v2\/product_cat?post=738002"},{"taxonomy":"product_tag","embeddable":true,"href":"https:\/\/roveyayinevi.com.tr\/index.php\/wp-json\/wp\/v2\/product_tag?post=738002"}],"curies":[{"name":"wp","href":"https:\/\/api.w.org\/{rel}","templated":true}]}}