{"id":738001,"date":"2025-08-27T23:40:14","date_gmt":"2025-08-27T20:40:14","guid":{"rendered":"https:\/\/roveyayinevi.com.tr\/index.php\/urun\/bugun-nasilsin\/"},"modified":"2026-04-08T02:56:09","modified_gmt":"2026-04-07T23:56:09","slug":"bugun-nasilsin","status":"publish","type":"product","link":"https:\/\/roveyayinevi.com.tr\/index.php\/urun\/bugun-nasilsin\/","title":{"rendered":"Bug\u00fcn Nas\u0131ls\u0131n?"},"content":{"rendered":"<p>Bug\u00fcn hava nas\u0131l? G\u00fcne\u015fli mi ya\u011fmurlu mu? Bir de i\u00e7 d\u00fcnyan\u0131za bak\u0131n. Siz bug\u00fcn nas\u0131ls\u0131n\u0131z? Ne\u015feli mi, tela\u015fl\u0131 m\u0131? Peki, ne\u015feli bir g\u00fcl\u00fcmseme sizi ve \u00e7evrenizdekileri nas\u0131l etkiliyor? Ya da bir arkada\u015f\u0131n hayal k\u0131r\u0131kl\u0131\u011f\u0131n\u0131n y\u00fcz\u00fcne yans\u0131mas\u0131 size ne hissettiriyor? \u201cBug\u00fcn Nas\u0131ls\u0131n?\u201d ile Duygular\u0131m\u0131z\u0131n kendimize ve \u00e7evremize etkisini fark etmeye haz\u0131r m\u0131s\u0131n\u0131z?<\/p>\n","protected":false},"excerpt":{"rendered":"<p>Bug\u00fcn hava nas\u0131l? G\u00fcne\u015fli mi ya\u011fmurlu mu? Bir de i\u00e7 d\u00fcnyan\u0131za bak\u0131n. Siz bug\u00fcn nas\u0131ls\u0131n\u0131z? Ne\u015feli mi, tela\u015fl\u0131 m\u0131? Peki, ne\u015feli bir g\u00fcl\u00fcmseme sizi ve \u00e7evrenizdekileri<span class=\"excerpt-hellip\"> [\u2026]<\/span><\/p>\n","protected":false},"featured_media":0,"template":"","meta":{"_monsterinsights_skip_tracking":false,"_monsterinsights_sitenote_active":false,"_monsterinsights_sitenote_note":"","_monsterinsights_sitenote_category":0},"product_brand":[],"product_cat":[12274,12284],"product_tag":[],"class_list":{"0":"post-738001","1":"product","2":"type-product","3":"status-publish","5":"product_cat-cocuk-ve-genclik-kitaplari","6":"product_cat-hikayeler","7":"pa_cilt-ciltsiz","8":"pa_tur-kitap","9":"pa_yayinevi-abm-yayinevi","10":"pa_yazar-mireia-vidal","12":"first","13":"instock","14":"sale","15":"shipping-taxable","16":"purchasable","17":"product-type-simple"},"_links":{"self":[{"href":"https:\/\/roveyayinevi.com.tr\/index.php\/wp-json\/wp\/v2\/product\/738001","targetHints":{"allow":["GET"]}}],"collection":[{"href":"https:\/\/roveyayinevi.com.tr\/index.php\/wp-json\/wp\/v2\/product"}],"about":[{"href":"https:\/\/roveyayinevi.com.tr\/index.php\/wp-json\/wp\/v2\/types\/product"}],"wp:attachment":[{"href":"https:\/\/roveyayinevi.com.tr\/index.php\/wp-json\/wp\/v2\/media?parent=738001"}],"wp:term":[{"taxonomy":"product_brand","embeddable":true,"href":"https:\/\/roveyayinevi.com.tr\/index.php\/wp-json\/wp\/v2\/product_brand?post=738001"},{"taxonomy":"product_cat","embeddable":true,"href":"https:\/\/roveyayinevi.com.tr\/index.php\/wp-json\/wp\/v2\/product_cat?post=738001"},{"taxonomy":"product_tag","embeddable":true,"href":"https:\/\/roveyayinevi.com.tr\/index.php\/wp-json\/wp\/v2\/product_tag?post=738001"}],"curies":[{"name":"wp","href":"https:\/\/api.w.org\/{rel}","templated":true}]}}