{"id":737998,"date":"2025-08-27T23:40:10","date_gmt":"2025-08-27T20:40:10","guid":{"rendered":"https:\/\/roveyayinevi.com.tr\/index.php\/urun\/egitime-adanmis-bir-omur-mahir-iz\/"},"modified":"2026-04-16T02:47:47","modified_gmt":"2026-04-15T23:47:47","slug":"egitime-adanmis-bir-omur-mahir-iz","status":"publish","type":"product","link":"https:\/\/roveyayinevi.com.tr\/index.php\/urun\/egitime-adanmis-bir-omur-mahir-iz\/","title":{"rendered":"E\u011fitime Adanm\u0131\u015f Bir \u00d6m\u00fcr: Mahir \u0130z"},"content":{"rendered":"<p>Yak\u0131n tarihimizin abidevi \u015fahsiyeti, hayat\u0131n\u0131 insan yeti\u015ftirmeye adam\u0131\u015f bir \u00f6\u011fretmen&#8230; \u0130deal bir \u201cHoca\u201d nas\u0131l olur sorusuna ya\u015fant\u0131s\u0131yla cevap olan m\u00fctefekkir&#8230; E\u011fitime Adanm\u0131\u015f Bir \u00d6m\u00fcr: Mahir \u0130z, yazd\u0131\u011f\u0131 eserlerden \u00e7ok yeti\u015ftirdi\u011fi insanlarla k\u00fclt\u00fcr hayat\u0131m\u0131z\u0131 etkileyen Mahir \u0130z\u2019in hayat\u0131n\u0131, ki\u015fili\u011fini ve e\u011fitimci y\u00f6n\u00fcn\u00fc ak\u0131c\u0131 bir \u00fcslupla okura sunuyor, Mahir \u0130z\u2019in sahip oldu\u011fu tevazu dolay\u0131s\u0131yla hat\u0131ralar\u0131nda bahsetmedi\u011fi yanlar\u0131n\u0131 ve an\u0131lar\u0131n\u0131 g\u00fcn y\u00fcz\u00fcne \u00e7\u0131kar\u0131yor. \u201cMahir Hoca\u2019n\u0131n\u201d \u00e7ocukluk y\u0131llar\u0131ndan \u00f6l\u00fcm\u00fcne kadar olan ya\u015fam\u0131n\u0131 anlatan eser; Hoca\u2019n\u0131n \u00f6\u011fretmenlik, memurluk ve y\u00f6neticilik faaliyetlerinden, memlekete hizmetlerinden bahsediyor, ki\u015fili\u011fini, \u00fcslubunu, ald\u0131\u011f\u0131 e\u011fitimi ve entelekt\u00fcel kimli\u011fini tan\u0131t\u0131yor, eserleri ve yeti\u015ftirdi\u011fi \u00f6\u011frencileri hakk\u0131nda bilgiler veriyor.   \u201c\u00d6\u011f\u00fcnd\u00fc\u011f\u00fcn\u00fc de g\u00f6rmedim. \u0130stik\u00e2metin, do\u011fruluk ve d\u00fcr\u00fcstl\u00fc\u011f\u00fcn sanki m\u00fccessem bir heykeli idi. \u00dclkemizde, haneg\u00ee e\u011fitiminin son muallimlerindendi.\u201d M. \u015eevki Eygi   \u201cD\u00fc\u015f\u00fcncelerini h\u00e2t\u0131ralar, m\u0131sr\u00e2lar, \u015fakalar ve n\u00fckteler \u015feklinde konu\u015farak if\u00e2de derdi. \u00c7\u00fcnk\u00fc yazar de\u011fil Hocayd\u0131 ve hep Hoca olarak kald\u0131.\u201d Mehmet \u00c7avu\u015fo\u011flu <\/p>\n","protected":false},"excerpt":{"rendered":"<p>Yak\u0131n tarihimizin abidevi \u015fahsiyeti, hayat\u0131n\u0131 insan yeti\u015ftirmeye adam\u0131\u015f bir \u00f6\u011fretmen&#8230; \u0130deal bir \u201cHoca\u201d nas\u0131l olur sorusuna ya\u015fant\u0131s\u0131yla cevap olan m\u00fctefekkir&#8230; E\u011fitime Adanm\u0131\u015f Bir \u00d6m\u00fcr: Mahir \u0130z,<span class=\"excerpt-hellip\"> [\u2026]<\/span><\/p>\n","protected":false},"featured_media":0,"template":"","meta":{"_monsterinsights_skip_tracking":false,"_monsterinsights_sitenote_active":false,"_monsterinsights_sitenote_note":"","_monsterinsights_sitenote_category":0},"product_brand":[],"product_cat":[14009,12291],"product_tag":[],"class_list":{"0":"post-737998","1":"product","2":"type-product","3":"status-publish","5":"product_cat-biyografi-otobiyografi-edebiyat","6":"product_cat-edebiyat","7":"pa_cilt-ciltsiz","8":"pa_tur-kitap","9":"pa_yayinevi-ketebe-yayinlari","10":"pa_yazar-idris-topcuoglu","12":"first","13":"instock","14":"sale","15":"shipping-taxable","16":"purchasable","17":"product-type-simple"},"_links":{"self":[{"href":"https:\/\/roveyayinevi.com.tr\/index.php\/wp-json\/wp\/v2\/product\/737998","targetHints":{"allow":["GET"]}}],"collection":[{"href":"https:\/\/roveyayinevi.com.tr\/index.php\/wp-json\/wp\/v2\/product"}],"about":[{"href":"https:\/\/roveyayinevi.com.tr\/index.php\/wp-json\/wp\/v2\/types\/product"}],"wp:attachment":[{"href":"https:\/\/roveyayinevi.com.tr\/index.php\/wp-json\/wp\/v2\/media?parent=737998"}],"wp:term":[{"taxonomy":"product_brand","embeddable":true,"href":"https:\/\/roveyayinevi.com.tr\/index.php\/wp-json\/wp\/v2\/product_brand?post=737998"},{"taxonomy":"product_cat","embeddable":true,"href":"https:\/\/roveyayinevi.com.tr\/index.php\/wp-json\/wp\/v2\/product_cat?post=737998"},{"taxonomy":"product_tag","embeddable":true,"href":"https:\/\/roveyayinevi.com.tr\/index.php\/wp-json\/wp\/v2\/product_tag?post=737998"}],"curies":[{"name":"wp","href":"https:\/\/api.w.org\/{rel}","templated":true}]}}