{"id":737997,"date":"2025-08-27T23:40:09","date_gmt":"2025-08-27T20:40:09","guid":{"rendered":"https:\/\/roveyayinevi.com.tr\/index.php\/urun\/benim-bir-adim-var\/"},"modified":"2026-04-16T02:47:47","modified_gmt":"2026-04-15T23:47:47","slug":"benim-bir-adim-var","status":"publish","type":"product","link":"https:\/\/roveyayinevi.com.tr\/index.php\/urun\/benim-bir-adim-var\/","title":{"rendered":"Benim Bir Ad\u0131m Var"},"content":{"rendered":"<p>Chanel Miller\u2019\u0131n hayat\u0131 bir gece Stanford \u00dcniversitesi\u2019nin kamp\u00fcs\u00fcnde cinsel tacize u\u011frad\u0131\u011f\u0131nda de\u011fi\u015fti. Ba\u015fta b\u00fct\u00fcn d\u00fcnya onu Emily Doe ismiyle tan\u0131yordu. Davas\u0131 i\u00e7in yazd\u0131\u011f\u0131 yaz\u0131 BuzzFeed\u2019de yay\u0131nland\u0131\u011f\u0131nda milyonlarca ki\u015fiyi etkilemi\u015f ve harekete ge\u00e7irmi\u015f, d\u00fcnya \u00e7ap\u0131nda pek \u00e7ok dile \u00e7evrilmi\u015f, Kongre\u2019de okunmu\u015f, Kaliforniya yasalar\u0131nda de\u011fi\u015fiklik yap\u0131lmas\u0131na ilham vermi\u015f ve davadaki yarg\u0131c\u0131 koltu\u011fundan etmi\u015fti; ama en \u00f6nemlisi insanlara ilk kez kendi sald\u0131r\u0131 deneyimlerini payla\u015fma cesareti vermi\u015fti.   Art\u0131k Chanel Miller, Emily Doe ismini bir kenara b\u0131rak\u0131yor, ya\u015fad\u0131\u011f\u0131 travmayla ve kelimelerin g\u00fcc\u00fcyle ilgili hik\u00e2yesini anlatmak i\u00e7in kimli\u011fini geri alarak \u201cBenim Bir Ad\u0131m Var\u201d diyor. Yarg\u0131lama s\u0131ras\u0131nda ya\u015fad\u0131\u011f\u0131 utanc\u0131, ma\u011fdurlar\u0131n en iyi senaryolarda bile kar\u015f\u0131la\u015ft\u0131klar\u0131 bask\u0131y\u0131 tek tek g\u00f6zler \u00f6n\u00fcne seriyor. Hik\u00e2yesi, failleri korumaya y\u00f6nelik \u00f6nyarg\u0131l\u0131 bir k\u00fclt\u00fcre \u0131\u015f\u0131k tutuyor, en savunmas\u0131z olanlar\u0131 y\u00fcz\u00fcst\u00fc b\u0131rakmak i\u00e7in tasarlanm\u0131\u015f adalet sistemini su\u00e7luyor ve nihayetinde, \u0131st\u0131rab\u0131 arkada b\u0131rak\u0131p dolu dolu ve g\u00fczel bir hayat ya\u015famak i\u00e7in gereken cesareti a\u015f\u0131l\u0131yor.   Benim Bir Ad\u0131m Var, cinsel sald\u0131r\u0131 hakk\u0131ndaki d\u00fc\u015f\u00fcncelerinizi sonsuza dek de\u011fi\u015ftirecek, neyin kabul edilebilir oldu\u011funa dair inan\u00e7lar\u0131n\u0131za meydan okuyacak ve \u015fifan\u0131n \u00e7alkant\u0131l\u0131 ger\u00e7ekli\u011fini d\u00fcr\u00fcst\u00e7e ortaya serecek.   \u201cSald\u0131r\u0131ya u\u011fram\u0131\u015f \u00e7ok say\u0131da ki\u015fiden deneyimlerini kendilerine saklamalar\u0131n\u0131 ve bir ba\u015fkas\u0131n\u0131n potansiyelini korumak i\u00e7in ac\u0131lar\u0131n\u0131 k\u00fc\u00e7\u00fcltmelerini isteyen bir d\u00fcnyada, Benim Bir Ad\u0131m Var okurlardan yazar\u0131n g\u00f6z kama\u015ft\u0131r\u0131c\u0131, k\u00fc\u00e7\u00fclemez varl\u0131\u011f\u0131n\u0131 hesaba katmalar\u0131n\u0131 istiyor.\u201d \u2014The Guardian <\/p>\n","protected":false},"excerpt":{"rendered":"<p>Chanel Miller\u2019\u0131n hayat\u0131 bir gece Stanford \u00dcniversitesi\u2019nin kamp\u00fcs\u00fcnde cinsel tacize u\u011frad\u0131\u011f\u0131nda de\u011fi\u015fti. Ba\u015fta b\u00fct\u00fcn d\u00fcnya onu Emily Doe ismiyle tan\u0131yordu. Davas\u0131 i\u00e7in yazd\u0131\u011f\u0131 yaz\u0131 BuzzFeed\u2019de yay\u0131nland\u0131\u011f\u0131nda<span class=\"excerpt-hellip\"> [\u2026]<\/span><\/p>\n","protected":false},"featured_media":0,"template":"","meta":{"_monsterinsights_skip_tracking":false,"_monsterinsights_sitenote_active":false,"_monsterinsights_sitenote_note":"","_monsterinsights_sitenote_category":0},"product_brand":[],"product_cat":[13701,12291],"product_tag":[],"class_list":{"0":"post-737997","1":"product","2":"type-product","3":"status-publish","5":"product_cat-ani-mektup-gunluk","6":"product_cat-edebiyat","7":"pa_cilt-ciltsiz","8":"pa_tur-kitap","9":"pa_yayinevi-epsilon-yayinlari","10":"pa_yazar-chanel-miller","12":"first","13":"instock","14":"sale","15":"shipping-taxable","16":"purchasable","17":"product-type-simple"},"_links":{"self":[{"href":"https:\/\/roveyayinevi.com.tr\/index.php\/wp-json\/wp\/v2\/product\/737997","targetHints":{"allow":["GET"]}}],"collection":[{"href":"https:\/\/roveyayinevi.com.tr\/index.php\/wp-json\/wp\/v2\/product"}],"about":[{"href":"https:\/\/roveyayinevi.com.tr\/index.php\/wp-json\/wp\/v2\/types\/product"}],"wp:attachment":[{"href":"https:\/\/roveyayinevi.com.tr\/index.php\/wp-json\/wp\/v2\/media?parent=737997"}],"wp:term":[{"taxonomy":"product_brand","embeddable":true,"href":"https:\/\/roveyayinevi.com.tr\/index.php\/wp-json\/wp\/v2\/product_brand?post=737997"},{"taxonomy":"product_cat","embeddable":true,"href":"https:\/\/roveyayinevi.com.tr\/index.php\/wp-json\/wp\/v2\/product_cat?post=737997"},{"taxonomy":"product_tag","embeddable":true,"href":"https:\/\/roveyayinevi.com.tr\/index.php\/wp-json\/wp\/v2\/product_tag?post=737997"}],"curies":[{"name":"wp","href":"https:\/\/api.w.org\/{rel}","templated":true}]}}