{"id":737996,"date":"2025-08-27T23:40:08","date_gmt":"2025-08-27T20:40:08","guid":{"rendered":"https:\/\/roveyayinevi.com.tr\/index.php\/urun\/ne-acayip-seyler-olmus\/"},"modified":"2026-04-16T02:47:47","modified_gmt":"2026-04-15T23:47:47","slug":"ne-acayip-seyler-olmus","status":"publish","type":"product","link":"https:\/\/roveyayinevi.com.tr\/index.php\/urun\/ne-acayip-seyler-olmus\/","title":{"rendered":"Ne Acayip \u015eeyler Olmu\u015f"},"content":{"rendered":"<p>Tarihte ya\u015fanm\u0131\u015f \u00e7ok fazla garip olay var. \u00c7\u00fcnk\u00fc tarihte insan var. Hele baz\u0131 olaylar \u201cYok daha neler!\u201d dedirtecek kadar garip. Mesela ilk takma di\u015flerin hayvan di\u015flerinden yap\u0131ld\u0131\u011f\u0131n\u0131 okusan\u0131z, \u0130neklerin biyolojik silah olarak kullan\u0131ld\u0131\u011f\u0131n\u0131,  hatta bir de u\u00e7tuklar\u0131n\u0131 \u00f6\u011frenseniz hayret etmez misiniz? \u201cG\u00fcnah ke\u00e7isinin g\u00fcnah\u0131 ne?\u201d veya \u201cBir bit sahibinin talihini ne kadar de\u011fi\u015ftirebilir?\u201d diye sorsam size cevab\u0131n\u0131z ne olur? Peki ya kafas\u0131z bir horozun y\u0131llarca ya\u015fad\u0131\u011f\u0131n\u0131 okusan\u0131z \u015fa\u015f\u0131rmaz m\u0131s\u0131n\u0131z? Ne Acayip \u015eeyler Olmu\u015f\u2019ta bazen \u015fa\u015f\u0131r\u0131p bazen de \u201cYok art\u0131k!\u201d diyece\u011finiz olaylar okuyacaks\u0131n\u0131z. Her yeni sayfada acayip bir tarihe tan\u0131kl\u0131k edeceksiniz. Ve evet, ger\u00e7ekten bunlar\u0131n hepsi olmu\u015f.    <\/p>\n","protected":false},"excerpt":{"rendered":"<p>Tarihte ya\u015fanm\u0131\u015f \u00e7ok fazla garip olay var. \u00c7\u00fcnk\u00fc tarihte insan var. Hele baz\u0131 olaylar \u201cYok daha neler!\u201d dedirtecek kadar garip. Mesela ilk takma di\u015flerin hayvan di\u015flerinden<span class=\"excerpt-hellip\"> [\u2026]<\/span><\/p>\n","protected":false},"featured_media":0,"template":"","meta":{"_monsterinsights_skip_tracking":false,"_monsterinsights_sitenote_active":false,"_monsterinsights_sitenote_note":"","_monsterinsights_sitenote_category":0},"product_brand":[],"product_cat":[12312,12304],"product_tag":[],"class_list":{"0":"post-737996","1":"product","2":"type-product","3":"status-publish","5":"product_cat-diger","6":"product_cat-tarih","7":"pa_cilt-ciltsiz","8":"pa_tur-kitap","9":"pa_yayinevi-nesil-yayinlari","10":"pa_yazar-yusuf-yildiz","12":"first","13":"instock","14":"sale","15":"shipping-taxable","16":"purchasable","17":"product-type-simple"},"_links":{"self":[{"href":"https:\/\/roveyayinevi.com.tr\/index.php\/wp-json\/wp\/v2\/product\/737996","targetHints":{"allow":["GET"]}}],"collection":[{"href":"https:\/\/roveyayinevi.com.tr\/index.php\/wp-json\/wp\/v2\/product"}],"about":[{"href":"https:\/\/roveyayinevi.com.tr\/index.php\/wp-json\/wp\/v2\/types\/product"}],"wp:attachment":[{"href":"https:\/\/roveyayinevi.com.tr\/index.php\/wp-json\/wp\/v2\/media?parent=737996"}],"wp:term":[{"taxonomy":"product_brand","embeddable":true,"href":"https:\/\/roveyayinevi.com.tr\/index.php\/wp-json\/wp\/v2\/product_brand?post=737996"},{"taxonomy":"product_cat","embeddable":true,"href":"https:\/\/roveyayinevi.com.tr\/index.php\/wp-json\/wp\/v2\/product_cat?post=737996"},{"taxonomy":"product_tag","embeddable":true,"href":"https:\/\/roveyayinevi.com.tr\/index.php\/wp-json\/wp\/v2\/product_tag?post=737996"}],"curies":[{"name":"wp","href":"https:\/\/api.w.org\/{rel}","templated":true}]}}