{"id":737995,"date":"2025-08-27T23:40:07","date_gmt":"2025-08-27T20:40:07","guid":{"rendered":"https:\/\/roveyayinevi.com.tr\/index.php\/urun\/kuranda-anne-baba-okulu\/"},"modified":"2026-04-16T02:47:47","modified_gmt":"2026-04-15T23:47:47","slug":"kuranda-anne-baba-okulu","status":"publish","type":"product","link":"https:\/\/roveyayinevi.com.tr\/index.php\/urun\/kuranda-anne-baba-okulu\/","title":{"rendered":"Kur\u2019an\u2019da Anne Baba Okulu"},"content":{"rendered":"<p>Bu kitap; h\u0131z\u0131n, hazz\u0131n ve m\u00fckemmel olma anlay\u0131\u015f\u0131n\u0131n h\u00e2kim oldu\u011fu bir \u00e7a\u011fda anne baba olan veya anne baba olacak ki\u015filere, modern \u00e7a\u011f\u0131n dayatt\u0131\u011f\u0131 m\u00fckemmel ve efsanevi anne babal\u0131k yerine s\u00fck\u00fbnetin ve huzurun teneff\u00fcs edildi\u011fi vahiy temelli bir anne babal\u0131k anlay\u0131\u015f\u0131 sunmaktad\u0131r. G\u00fcn\u00fcm\u00fcz perspektifi bireylerin ya\u015fad\u0131\u011f\u0131 her problemi anne babalar\u0131n neden oldu\u011fu travmalar olarak g\u00f6stermekte ve anne baba olma korkutucu bir sorumluluk olarak lanse edilmektedir. H\u00e2lbuki anne babal\u0131k her insan\u0131n varolu\u015fsal zemininde zaman\u0131 gelince ortaya \u00e7\u0131kacak potansiyel bir donan\u0131md\u0131r. Anne babal\u0131k genetik kodlarda var olan e\u011fitimle \u015fekillenen ikram-\u0131 ilahidir. Bu kitapta Kur\u2019an\u2019da zikredilen peygamberlerin \u00e7ocuklar\u0131yla olan ileti\u015fimleri b\u00fct\u00fcnc\u00fcl bir \u015fekilde ele al\u0131nmakta ve anne baba olanlara veya olacaklara tela\u015fa kap\u0131lmadan f\u0131tri olarak kendilerinde bulunan anne babal\u0131k potansiyelini nas\u0131l geli\u015ftirebilecekleri anlat\u0131lmaktad\u0131r. <\/p>\n","protected":false},"excerpt":{"rendered":"<p>Bu kitap; h\u0131z\u0131n, hazz\u0131n ve m\u00fckemmel olma anlay\u0131\u015f\u0131n\u0131n h\u00e2kim oldu\u011fu bir \u00e7a\u011fda anne baba olan veya anne baba olacak ki\u015filere, modern \u00e7a\u011f\u0131n dayatt\u0131\u011f\u0131 m\u00fckemmel ve efsanevi<span class=\"excerpt-hellip\"> [\u2026]<\/span><\/p>\n","protected":false},"featured_media":0,"template":"","meta":{"_monsterinsights_skip_tracking":false,"_monsterinsights_sitenote_active":false,"_monsterinsights_sitenote_note":"","_monsterinsights_sitenote_category":0},"product_brand":[],"product_cat":[12718,12719],"product_tag":[],"class_list":{"0":"post-737995","1":"product","2":"type-product","3":"status-publish","5":"product_cat-din","6":"product_cat-islam","7":"pa_cilt-ciltsiz","8":"pa_tur-kitap","9":"pa_yayinevi-nesil-yayinlari","10":"pa_yazar-handan-yalvac-arici","12":"first","13":"instock","14":"sale","15":"shipping-taxable","16":"purchasable","17":"product-type-simple"},"_links":{"self":[{"href":"https:\/\/roveyayinevi.com.tr\/index.php\/wp-json\/wp\/v2\/product\/737995","targetHints":{"allow":["GET"]}}],"collection":[{"href":"https:\/\/roveyayinevi.com.tr\/index.php\/wp-json\/wp\/v2\/product"}],"about":[{"href":"https:\/\/roveyayinevi.com.tr\/index.php\/wp-json\/wp\/v2\/types\/product"}],"wp:attachment":[{"href":"https:\/\/roveyayinevi.com.tr\/index.php\/wp-json\/wp\/v2\/media?parent=737995"}],"wp:term":[{"taxonomy":"product_brand","embeddable":true,"href":"https:\/\/roveyayinevi.com.tr\/index.php\/wp-json\/wp\/v2\/product_brand?post=737995"},{"taxonomy":"product_cat","embeddable":true,"href":"https:\/\/roveyayinevi.com.tr\/index.php\/wp-json\/wp\/v2\/product_cat?post=737995"},{"taxonomy":"product_tag","embeddable":true,"href":"https:\/\/roveyayinevi.com.tr\/index.php\/wp-json\/wp\/v2\/product_tag?post=737995"}],"curies":[{"name":"wp","href":"https:\/\/api.w.org\/{rel}","templated":true}]}}