{"id":737994,"date":"2025-08-27T23:40:06","date_gmt":"2025-08-27T20:40:06","guid":{"rendered":"https:\/\/roveyayinevi.com.tr\/index.php\/urun\/vahsi-disilik\/"},"modified":"2026-04-16T02:47:47","modified_gmt":"2026-04-15T23:47:47","slug":"vahsi-disilik","status":"publish","type":"product","link":"https:\/\/roveyayinevi.com.tr\/index.php\/urun\/vahsi-disilik\/","title":{"rendered":"Vah\u015fi Di\u015filik"},"content":{"rendered":"<p>Di\u015fil enerji nedir? Ailemizden miras ald\u0131\u011f\u0131m\u0131z enerji d\u00f6ngu\u0308leri hayat\u0131m\u0131z\u0131 nas\u0131l etkiler? Di\u015fil enerjimi dengelemek i\u00e7in neler yapabilirim? Vah\u015fi Di\u015fi kimdir? \u0130\u00e7imizdeki yarat\u0131c\u0131l\u0131\u011f\u0131 ve ilham\u0131 nas\u0131l uyand\u0131rabiliriz? Menstru\u0308asyon d\u00f6ngu\u0308su\u0308 ile yarat\u0131c\u0131l\u0131k aras\u0131ndaki kadim ba\u011flant\u0131 nedir?   Bedeninizin kalbinin derinliklerine yolculuk yap\u0131n. Kad\u0131ns\u0131 yaralar\u0131n arazisini gezin. K\u00f6ku\u0308nu\u0308ze, tu\u0308m kad\u0131nl\u0131\u011f\u0131n merkezine gidin ve bedeninizle olan ili\u015fkinizi tamamen de\u011fi\u015ftirin. Vah\u015fi Di\u015filik, size, kadim vah\u015fi benli\u011finizi uyand\u0131rmak, yarat\u0131c\u0131 enerjinizi geri kazanmak, kutsal merkezinize yeniden ba\u011flanmak ve kendinizi beslemek i\u00e7in gu\u0308\u00e7lu\u0308 ara\u00e7lar sunuyor.   Bir kad\u0131n bedeninde olmak, onu anlamaya yetmiyor. Bu kitab\u0131n rehberli\u011finde, kad\u0131n bedeninin \u00e7ok katmanl\u0131 i\u015fleyi\u015fini anlamakla kalmay\u0131p g\u00f6ru\u0308nenin ard\u0131ndaki yarat\u0131c\u0131l\u0131k, haz ve ne\u015fe potansiyelimizi de uyand\u0131rabiliriz. Tami Lynn Kent kendi hik\u00e2yesini, dan\u0131\u015fanlar\u0131n\u0131n hik\u00e2yesi ve asl\u0131nda hepimizin hik\u00e2yesiyle birle\u015ftiriyor ve bize farkl\u0131 bir yakla\u015f\u0131m sunuyor. Uzman g\u00f6zu\u0308nden kad\u0131n do\u011fas\u0131n\u0131 ke\u015ffederken yolun kutsall\u0131\u011f\u0131n\u0131 da hissettirebilen bu kayna\u011fa kavu\u015fmam\u0131z\u0131 yu\u0308rekten kutluyorum. Sibel Ergu\u0308n, \u00c7evirmen, Yoga E\u011fitmeni   Vah\u015fi Di\u015filik kitab\u0131, bizleri enerjimizin do\u011fdu\u011fu yere, merkezimize do\u011fru bir yolculu\u011fa \u00e7\u0131kar\u0131yor. Tami\u2019nin katman katman ilerleyerek aktard\u0131\u011f\u0131 \u015fefkat ve beceriyle rahmimize do\u011fru giden yolu bulmay\u0131 \u00f6\u011freniyoruz. Kitab\u0131 okurken, dokunu\u015fun, nefesin ve fark\u0131ndal\u0131\u011f\u0131n, bedenimizi, daha \u00f6nce tan\u0131mad\u0131\u011f\u0131m\u0131z bir haliyle g\u00f6rmemize yard\u0131mc\u0131 oldu\u011funu anl\u0131yor ve b\u00f6ylelikle kendimizi ba\u015fka bir yerden tan\u0131yoruz. Selen \u00c7a\u011flay\u0131k, Maya Rahim Masaj\u0131 Uygulay\u0131c\u0131s\u0131 <\/p>\n","protected":false},"excerpt":{"rendered":"<p>Di\u015fil enerji nedir? Ailemizden miras ald\u0131\u011f\u0131m\u0131z enerji d\u00f6ngu\u0308leri hayat\u0131m\u0131z\u0131 nas\u0131l etkiler? Di\u015fil enerjimi dengelemek i\u00e7in neler yapabilirim? Vah\u015fi Di\u015fi kimdir? \u0130\u00e7imizdeki yarat\u0131c\u0131l\u0131\u011f\u0131 ve ilham\u0131 nas\u0131l uyand\u0131rabiliriz?<span class=\"excerpt-hellip\"> [\u2026]<\/span><\/p>\n","protected":false},"featured_media":0,"template":"","meta":{"_monsterinsights_skip_tracking":false,"_monsterinsights_sitenote_active":false,"_monsterinsights_sitenote_note":"","_monsterinsights_sitenote_category":0},"product_brand":[],"product_cat":[12364,12376],"product_tag":[],"class_list":{"0":"post-737994","1":"product","2":"type-product","3":"status-publish","5":"product_cat-genel-konular","6":"product_cat-kisisel-gelisim","7":"pa_cilt-ciltsiz","8":"pa_tur-kitap","9":"pa_yayinevi-omega","10":"pa_yazar-tami-lynn-kent","12":"first","13":"instock","14":"sale","15":"shipping-taxable","16":"purchasable","17":"product-type-simple"},"_links":{"self":[{"href":"https:\/\/roveyayinevi.com.tr\/index.php\/wp-json\/wp\/v2\/product\/737994","targetHints":{"allow":["GET"]}}],"collection":[{"href":"https:\/\/roveyayinevi.com.tr\/index.php\/wp-json\/wp\/v2\/product"}],"about":[{"href":"https:\/\/roveyayinevi.com.tr\/index.php\/wp-json\/wp\/v2\/types\/product"}],"wp:attachment":[{"href":"https:\/\/roveyayinevi.com.tr\/index.php\/wp-json\/wp\/v2\/media?parent=737994"}],"wp:term":[{"taxonomy":"product_brand","embeddable":true,"href":"https:\/\/roveyayinevi.com.tr\/index.php\/wp-json\/wp\/v2\/product_brand?post=737994"},{"taxonomy":"product_cat","embeddable":true,"href":"https:\/\/roveyayinevi.com.tr\/index.php\/wp-json\/wp\/v2\/product_cat?post=737994"},{"taxonomy":"product_tag","embeddable":true,"href":"https:\/\/roveyayinevi.com.tr\/index.php\/wp-json\/wp\/v2\/product_tag?post=737994"}],"curies":[{"name":"wp","href":"https:\/\/api.w.org\/{rel}","templated":true}]}}