{"id":737993,"date":"2025-08-27T23:40:06","date_gmt":"2025-08-27T20:40:06","guid":{"rendered":"https:\/\/roveyayinevi.com.tr\/index.php\/urun\/asurlar\/"},"modified":"2026-04-16T02:47:47","modified_gmt":"2026-04-15T23:47:47","slug":"asurlar","status":"publish","type":"product","link":"https:\/\/roveyayinevi.com.tr\/index.php\/urun\/asurlar\/","title":{"rendered":"Asurlar"},"content":{"rendered":"<p>Mezopotamya: Avc\u0131-toplay\u0131c\u0131 ya\u015famlar\u0131na veda eden insanlar\u0131n \u00e7ift\u00e7ilik yaparak medeniyetler kurmaya ba\u015flad\u0131klar\u0131 bu toprak par\u00e7as\u0131 G\u0131lgam\u0131\u015f Destan\u0131\u2019ndan Hammurabi\u2019nin \u201cg\u00f6ze g\u00f6z\u201d deyi\u015fini ortaya \u00e7\u0131karan u\u0308nlu\u0308 hukuk kurallar\u0131na kadar du\u0308nya tarihi ve ku\u0308ltu\u0308ru\u0308ne \u00e7ok \u00f6nemli katk\u0131larda bulunmu\u015ftur. Mezopotamya\u2019n\u0131n hik\u00e2yesi su\u0308rekli de\u011fi\u015fen s\u0131n\u0131rlar, yu\u0308kselen ve \u00e7\u00f6ken imparatorluklar, sava\u015flar ve fetihlerle doludur. Akad, Su\u0308mer, Babil gibi u\u0308nlu\u0308 devletleri i\u00e7eren bu listede en bu\u0308yu\u0308k \u015f\u00f6hreti Asur hak ediyor. \u0130n\u015fa ettikleri imparatorlu\u011fun yu\u0308kseli\u015fi ve yakla\u015f\u0131k 1200 y\u0131l boyunca nas\u0131l ayakta kald\u0131\u011f\u0131n\u0131n hik\u00e2yesi Z\u00e9na\u00efde Ragozin\u2019in canl\u0131 anlat\u0131m\u0131yla g\u00f6zler \u00f6nu\u0308ne seriliyor. <\/p>\n","protected":false},"excerpt":{"rendered":"<p>Mezopotamya: Avc\u0131-toplay\u0131c\u0131 ya\u015famlar\u0131na veda eden insanlar\u0131n \u00e7ift\u00e7ilik yaparak medeniyetler kurmaya ba\u015flad\u0131klar\u0131 bu toprak par\u00e7as\u0131 G\u0131lgam\u0131\u015f Destan\u0131\u2019ndan Hammurabi\u2019nin \u201cg\u00f6ze g\u00f6z\u201d deyi\u015fini ortaya \u00e7\u0131karan u\u0308nlu\u0308 hukuk kurallar\u0131na kadar<span class=\"excerpt-hellip\"> [\u2026]<\/span><\/p>\n","protected":false},"featured_media":0,"template":"","meta":{"_monsterinsights_skip_tracking":false,"_monsterinsights_sitenote_active":false,"_monsterinsights_sitenote_note":"","_monsterinsights_sitenote_category":0},"product_brand":[],"product_cat":[12312,12304],"product_tag":[],"class_list":{"0":"post-737993","1":"product","2":"type-product","3":"status-publish","5":"product_cat-diger","6":"product_cat-tarih","7":"pa_cilt-ciltsiz","8":"pa_tur-kitap","9":"pa_yayinevi-say-yayinlari","10":"pa_yazar-zenaide-a-ragozin","12":"first","13":"instock","14":"sale","15":"shipping-taxable","16":"purchasable","17":"product-type-simple"},"_links":{"self":[{"href":"https:\/\/roveyayinevi.com.tr\/index.php\/wp-json\/wp\/v2\/product\/737993","targetHints":{"allow":["GET"]}}],"collection":[{"href":"https:\/\/roveyayinevi.com.tr\/index.php\/wp-json\/wp\/v2\/product"}],"about":[{"href":"https:\/\/roveyayinevi.com.tr\/index.php\/wp-json\/wp\/v2\/types\/product"}],"wp:attachment":[{"href":"https:\/\/roveyayinevi.com.tr\/index.php\/wp-json\/wp\/v2\/media?parent=737993"}],"wp:term":[{"taxonomy":"product_brand","embeddable":true,"href":"https:\/\/roveyayinevi.com.tr\/index.php\/wp-json\/wp\/v2\/product_brand?post=737993"},{"taxonomy":"product_cat","embeddable":true,"href":"https:\/\/roveyayinevi.com.tr\/index.php\/wp-json\/wp\/v2\/product_cat?post=737993"},{"taxonomy":"product_tag","embeddable":true,"href":"https:\/\/roveyayinevi.com.tr\/index.php\/wp-json\/wp\/v2\/product_tag?post=737993"}],"curies":[{"name":"wp","href":"https:\/\/api.w.org\/{rel}","templated":true}]}}