{"id":737992,"date":"2025-08-27T23:40:05","date_gmt":"2025-08-27T20:40:05","guid":{"rendered":"https:\/\/roveyayinevi.com.tr\/index.php\/urun\/alman-felsefesine-giris\/"},"modified":"2026-04-16T02:47:47","modified_gmt":"2026-04-15T23:47:47","slug":"alman-felsefesine-giris","status":"publish","type":"product","link":"https:\/\/roveyayinevi.com.tr\/index.php\/urun\/alman-felsefesine-giris\/","title":{"rendered":"Alman Felsefesine Giri\u015f"},"content":{"rendered":"<p>Alman Felsefesi. Zihinlerde acaba neyi merkeze al\u0131r? Almanl\u0131k? K\u0131ta Avrupas\u0131? Rasyonalizm, idealizm, tarihsel ve diyalektik materyalizm? T\u00fcm bunlar\u0131n ele\u015ftirisi? Modern ve \u00e7a\u011fda\u015f felsefenin merkezinde yer alan bu felsefe, Kant, Frege, Wittgenstein ve Husserl olmasayd\u0131 Anglo-Amerikan \u201canalitik\u201d felsefeyi, Hegel, Marx, Nietzsche ve Heidegger olmasayd\u0131 da be\u015feri bilimlerin temellerini ortaya koymay\u0131 m\u00fcmk\u00fcn k\u0131lmazd\u0131. Bu do\u011fruysa \u015fayet, Alman felsefesine h\u00e2kim olmak, be\u015feri bilimlerin tamam\u0131nda y\u00fcr\u00fct\u00fclecek teorik a\u00e7\u0131dan sa\u011flam dayanaklar\u0131 ara\u015ft\u0131rmak i\u00e7in elzemdir. Alman felsefesi modern felsefenin temelini olu\u015fturmaya devam ediyor. Andrew Bowie\u2019nin bu k\u0131sa ama yo\u011funluklu giri\u015f kitab\u0131, Alman felsefesinin \u201cmodernite\u201dnin problemlerine verilen en ayd\u0131nlat\u0131c\u0131 kar\u015f\u0131l\u0131klardan biri oldu\u011fu fikrini merkeze al\u0131yor. Bowie, bir\u00e7ok \u00f6nemli Alman filozofun yan\u0131 s\u0131ra, nispeten ihmal edilmi\u015f ba\u015fka d\u00fc\u015f\u00fcn\u00fcrleri de, Friedrich Schlegel, Novalis, Schleiermacher ve Schelling\u2019in \u00e7al\u0131\u015fmalar\u0131n\u0131 da dahil ederek Alman felsefe gelene\u011fine \u0131\u015f\u0131k tutuyor. Alman Felsefesine Giri\u015f, felsefenin toplumsal ve tarihsel geli\u015fmeler aras\u0131ndaki ba\u011flant\u0131y\u0131 nas\u0131l kurdu\u011funu a\u00e7\u0131\u011fa \u00e7\u0131kararak bir co\u011frafyayla d\u00fc\u015f\u00fcnceyi, mek\u00e2n\u0131n s\u00fcreklili\u011fiyle zaman\u0131n s\u00fcreklili\u011fini bir araya getiriyor. \u00d6zg\u00fcrl\u00fck ile tarihsellik, ak\u0131l ile duygu nas\u0131l bir araya gelir ya da gelmelerinin s\u00fcreklili\u011fi sergilenir, bu eserde Bowie, bu problemlerin sat\u0131r aralar\u0131na dalarken d\u00fc\u015f\u00fcnmemizin erimini geni\u015fletiyor. G\u00fc\u00e7l\u00fc Ate\u015fo\u011flu <\/p>\n","protected":false},"excerpt":{"rendered":"<p>Alman Felsefesi. Zihinlerde acaba neyi merkeze al\u0131r? Almanl\u0131k? K\u0131ta Avrupas\u0131? Rasyonalizm, idealizm, tarihsel ve diyalektik materyalizm? T\u00fcm bunlar\u0131n ele\u015ftirisi? Modern ve \u00e7a\u011fda\u015f felsefenin merkezinde yer alan<span class=\"excerpt-hellip\"> [\u2026]<\/span><\/p>\n","protected":false},"featured_media":0,"template":"","meta":{"_monsterinsights_skip_tracking":false,"_monsterinsights_sitenote_active":false,"_monsterinsights_sitenote_note":"","_monsterinsights_sitenote_category":0},"product_brand":[],"product_cat":[12388,13555],"product_tag":[],"class_list":{"0":"post-737992","1":"product","2":"type-product","3":"status-publish","5":"product_cat-felsefe","6":"product_cat-genel-felsefe","7":"pa_cilt-ciltsiz","8":"pa_tur-kitap","9":"pa_yayinevi-say-yayinlari","10":"pa_yazar-german-philosophy","12":"first","13":"instock","14":"sale","15":"shipping-taxable","16":"purchasable","17":"product-type-simple"},"_links":{"self":[{"href":"https:\/\/roveyayinevi.com.tr\/index.php\/wp-json\/wp\/v2\/product\/737992","targetHints":{"allow":["GET"]}}],"collection":[{"href":"https:\/\/roveyayinevi.com.tr\/index.php\/wp-json\/wp\/v2\/product"}],"about":[{"href":"https:\/\/roveyayinevi.com.tr\/index.php\/wp-json\/wp\/v2\/types\/product"}],"wp:attachment":[{"href":"https:\/\/roveyayinevi.com.tr\/index.php\/wp-json\/wp\/v2\/media?parent=737992"}],"wp:term":[{"taxonomy":"product_brand","embeddable":true,"href":"https:\/\/roveyayinevi.com.tr\/index.php\/wp-json\/wp\/v2\/product_brand?post=737992"},{"taxonomy":"product_cat","embeddable":true,"href":"https:\/\/roveyayinevi.com.tr\/index.php\/wp-json\/wp\/v2\/product_cat?post=737992"},{"taxonomy":"product_tag","embeddable":true,"href":"https:\/\/roveyayinevi.com.tr\/index.php\/wp-json\/wp\/v2\/product_tag?post=737992"}],"curies":[{"name":"wp","href":"https:\/\/api.w.org\/{rel}","templated":true}]}}