{"id":737990,"date":"2025-08-27T23:40:02","date_gmt":"2025-08-27T20:40:02","guid":{"rendered":"https:\/\/roveyayinevi.com.tr\/index.php\/urun\/mutsuz-insanlar\/"},"modified":"2026-04-16T02:47:47","modified_gmt":"2026-04-15T23:47:47","slug":"mutsuz-insanlar","status":"publish","type":"product","link":"https:\/\/roveyayinevi.com.tr\/index.php\/urun\/mutsuz-insanlar\/","title":{"rendered":"Mutsuz \u0130nsanlar"},"content":{"rendered":"<p>Masals\u0131 bir a\u015fk ile evlendikten sonra hayat\u0131n\u0131n daha g\u00fczel olaca\u011f\u0131n\u0131 d\u00fc\u015f\u00fcnen Meltem, hayallerinin aksine, \u00e7ok k\u00f6t\u00fc bir ya\u015fama sahip olur. Kendisine \u015fiddet g\u00f6steren kocas\u0131na istemeden zarar verir ve i\u00e7inde bulundu\u011fu kaos dolu d\u00fcnyas\u0131ndan ka\u00e7maya \u00e7al\u0131\u015f\u0131r.  Fakat, mutsuz insanlar onun pe\u015fini b\u0131rakmaz.  Hayat\u0131na y\u00f6n bulma yolculu\u011funda mutlulukla tan\u0131\u015f\u0131r, hayat\u0131 ve kendini ilk defa tan\u0131maya ba\u015flar. T\u00fcm dertlerini, m\u00fccadelelerini geride b\u0131rak\u0131p, t\u00fcm h\u0131rslar\u0131ndan, g\u00fcndelik hayat\u0131n maddi ve manevi t\u00fcm hedeflerinden ar\u0131n\u0131p, mutlulu\u011fun yolunu bulmaya koyulur. Art\u0131k onun ihtiyac\u0131 olan tek \u015fey deniz ve sessizliktir. Gelece\u011fe dair umut ta\u015f\u0131mak, insan\u0131 mutsuz yap\u0131yordu. Umut dolu olmak, hayal kurmay\u0131 gerektiriyor, hayaller ger\u00e7ekle\u015fmedi\u011finde, mutsuzluk ile birlikte gelen umutsuzluklar, \u00e7aresizlikler insan\u0131 y\u0131prat\u0131yordu. Her mutsuz insan da yaln\u0131zl\u0131\u011f\u0131n\u0131 payla\u015fabilecek bir a\u015fk aray\u0131\u015f\u0131na giriyor, kar\u015f\u0131s\u0131na \u00e7\u0131kan her masum insan\u0131 y\u0131prat\u0131yordu. \u00c7\u00fcnk\u00fc, Mutsuz \u0130nsanlar\u2019\u0131n ihtiyac\u0131yd\u0131 a\u015fk. <\/p>\n","protected":false},"excerpt":{"rendered":"<p>Masals\u0131 bir a\u015fk ile evlendikten sonra hayat\u0131n\u0131n daha g\u00fczel olaca\u011f\u0131n\u0131 d\u00fc\u015f\u00fcnen Meltem, hayallerinin aksine, \u00e7ok k\u00f6t\u00fc bir ya\u015fama sahip olur. Kendisine \u015fiddet g\u00f6steren kocas\u0131na istemeden zarar<span class=\"excerpt-hellip\"> [\u2026]<\/span><\/p>\n","protected":false},"featured_media":0,"template":"","meta":{"_monsterinsights_skip_tracking":false,"_monsterinsights_sitenote_active":false,"_monsterinsights_sitenote_note":"","_monsterinsights_sitenote_category":0},"product_brand":[],"product_cat":[12291,12711],"product_tag":[],"class_list":{"0":"post-737990","1":"product","2":"type-product","3":"status-publish","5":"product_cat-edebiyat","6":"product_cat-roman-oyku","7":"pa_cilt-ciltsiz","8":"pa_tur-kitap","9":"pa_yayinevi-karina-yayinevi","10":"pa_yazar-eray-dedik","12":"first","13":"instock","14":"sale","15":"shipping-taxable","16":"purchasable","17":"product-type-simple"},"_links":{"self":[{"href":"https:\/\/roveyayinevi.com.tr\/index.php\/wp-json\/wp\/v2\/product\/737990","targetHints":{"allow":["GET"]}}],"collection":[{"href":"https:\/\/roveyayinevi.com.tr\/index.php\/wp-json\/wp\/v2\/product"}],"about":[{"href":"https:\/\/roveyayinevi.com.tr\/index.php\/wp-json\/wp\/v2\/types\/product"}],"wp:attachment":[{"href":"https:\/\/roveyayinevi.com.tr\/index.php\/wp-json\/wp\/v2\/media?parent=737990"}],"wp:term":[{"taxonomy":"product_brand","embeddable":true,"href":"https:\/\/roveyayinevi.com.tr\/index.php\/wp-json\/wp\/v2\/product_brand?post=737990"},{"taxonomy":"product_cat","embeddable":true,"href":"https:\/\/roveyayinevi.com.tr\/index.php\/wp-json\/wp\/v2\/product_cat?post=737990"},{"taxonomy":"product_tag","embeddable":true,"href":"https:\/\/roveyayinevi.com.tr\/index.php\/wp-json\/wp\/v2\/product_tag?post=737990"}],"curies":[{"name":"wp","href":"https:\/\/api.w.org\/{rel}","templated":true}]}}