{"id":737987,"date":"2025-08-27T23:39:58","date_gmt":"2025-08-27T20:39:58","guid":{"rendered":"https:\/\/roveyayinevi.com.tr\/index.php\/urun\/herkes-uykuya-daldiginda-1-yasam-agaci-ciltli\/"},"modified":"2026-04-16T02:47:46","modified_gmt":"2026-04-15T23:47:46","slug":"herkes-uykuya-daldiginda-1-yasam-agaci-ciltli","status":"publish","type":"product","link":"https:\/\/roveyayinevi.com.tr\/index.php\/urun\/herkes-uykuya-daldiginda-1-yasam-agaci-ciltli\/","title":{"rendered":"Herkes Uykuya Dald\u0131\u011f\u0131nda 1 &#8211; Ya\u015fam A\u011fac\u0131 (Ciltli)"},"content":{"rendered":"<p>1969\u2019un g\u00f6lgeleri hasta bir zihnin karanl\u0131\u011f\u0131nda yeniden do\u011fdu\u011funda Ya\u015fam A\u011fac\u0131\u2019n\u0131n etraf\u0131nda devasa bir f\u0131rt\u0131na ba\u015f g\u00f6steriyordu. Bu f\u0131rt\u0131na y\u00fcrekleri donduracak, ayr\u0131l\u0131klara neden olacak, insanlar\u0131 ya\u015fam ve \u00f6l\u00fcm aras\u0131ndaki incecik \u00e7izgide y\u00fcr\u00fcmeye zorlayacak olaylar\u0131n yaln\u0131zca ba\u015flang\u0131c\u0131yd\u0131.   Kendini yeniden g\u00f6stermeyi bekleyen delili\u011fin hik\u00e2yesi, sararm\u0131\u015f bir zarf ile ofisine geldi\u011finde G\u00fcven Da\u011fl\u0131, ba\u015f\u0131na geleceklerden bihaberdi. Karde\u015finin ka\u00e7\u0131r\u0131lmas\u0131ndan sonra \u00e7aresizli\u011fi en derin \u015fekilde hissetse de \u00f6l\u00fcm\u00fcn kendi etraf\u0131nda sinsice dola\u015ft\u0131\u011f\u0131n\u0131 bilmiyordu.   Peki, onu Ya\u015fam A\u011fac\u0131 Katili\u2019ne g\u00f6t\u00fcrecek anahtar\u0131n ge\u00e7mi\u015fte sakland\u0131\u011f\u0131n\u0131 d\u00fc\u015f\u00fcnen Tekin Komiser yan\u0131l\u0131yor muydu? Karanl\u0131\u011f\u0131n ele ge\u00e7irdi\u011fi bir y\u00fcrek, ger\u00e7ek a\u015fk\u0131 i\u00e7in neler yapabilir ve ne kadar ileriye gidebilirdi?   Ya\u015fama geri d\u00f6n\u00fc\u015f mucizesi ger\u00e7ekle\u015febilir miydi?   \u00d6l\u00fcmler, ayr\u0131l\u0131klar, kavu\u015fmalar\u2026   Ger\u00e7ek mucizenin ne oldu\u011funa tan\u0131kl\u0131k etmek ister misiniz?   \u201cG\u00f6z ard\u0131 edilen bir ge\u00e7mi\u015f, ulu bir a\u011fac\u0131n toprak alt\u0131ndaki k\u00f6kleri gibidir. Orada oldu\u011funu daima bilirsiniz. Silinmeye \u00e7al\u0131\u015fan hat\u0131ralar, her zaman zihnin karanl\u0131k k\u0131s\u0131mlar\u0131nda saklan\u0131r. Bu an\u0131lar\u0131n ortaya \u00e7\u0131kmas\u0131 i\u00e7in bir k\u0131r\u0131lma an\u0131 yeterlidir.\u201d <\/p>\n","protected":false},"excerpt":{"rendered":"<p>1969\u2019un g\u00f6lgeleri hasta bir zihnin karanl\u0131\u011f\u0131nda yeniden do\u011fdu\u011funda Ya\u015fam A\u011fac\u0131\u2019n\u0131n etraf\u0131nda devasa bir f\u0131rt\u0131na ba\u015f g\u00f6steriyordu. Bu f\u0131rt\u0131na y\u00fcrekleri donduracak, ayr\u0131l\u0131klara neden olacak, insanlar\u0131 ya\u015fam ve<span class=\"excerpt-hellip\"> [\u2026]<\/span><\/p>\n","protected":false},"featured_media":0,"template":"","meta":{"_monsterinsights_skip_tracking":false,"_monsterinsights_sitenote_active":false,"_monsterinsights_sitenote_note":"","_monsterinsights_sitenote_category":0},"product_brand":[],"product_cat":[12291,12711],"product_tag":[],"class_list":{"0":"post-737987","1":"product","2":"type-product","3":"status-publish","5":"product_cat-edebiyat","6":"product_cat-roman-oyku","7":"pa_cilt-ciltli","8":"pa_tur-kitap","9":"pa_yayinevi-ephesus-yayinlari","10":"pa_yazar-koray-yersuren","12":"first","13":"instock","14":"sale","15":"shipping-taxable","16":"purchasable","17":"product-type-simple"},"_links":{"self":[{"href":"https:\/\/roveyayinevi.com.tr\/index.php\/wp-json\/wp\/v2\/product\/737987","targetHints":{"allow":["GET"]}}],"collection":[{"href":"https:\/\/roveyayinevi.com.tr\/index.php\/wp-json\/wp\/v2\/product"}],"about":[{"href":"https:\/\/roveyayinevi.com.tr\/index.php\/wp-json\/wp\/v2\/types\/product"}],"wp:attachment":[{"href":"https:\/\/roveyayinevi.com.tr\/index.php\/wp-json\/wp\/v2\/media?parent=737987"}],"wp:term":[{"taxonomy":"product_brand","embeddable":true,"href":"https:\/\/roveyayinevi.com.tr\/index.php\/wp-json\/wp\/v2\/product_brand?post=737987"},{"taxonomy":"product_cat","embeddable":true,"href":"https:\/\/roveyayinevi.com.tr\/index.php\/wp-json\/wp\/v2\/product_cat?post=737987"},{"taxonomy":"product_tag","embeddable":true,"href":"https:\/\/roveyayinevi.com.tr\/index.php\/wp-json\/wp\/v2\/product_tag?post=737987"}],"curies":[{"name":"wp","href":"https:\/\/api.w.org\/{rel}","templated":true}]}}