{"id":737986,"date":"2025-08-27T23:39:57","date_gmt":"2025-08-27T20:39:57","guid":{"rendered":"https:\/\/roveyayinevi.com.tr\/index.php\/urun\/burasi-cok-onemli\/"},"modified":"2026-04-16T02:47:46","modified_gmt":"2026-04-15T23:47:46","slug":"burasi-cok-onemli","status":"publish","type":"product","link":"https:\/\/roveyayinevi.com.tr\/index.php\/urun\/burasi-cok-onemli\/","title":{"rendered":"Buras\u0131 \u00c7ok \u00d6nemli"},"content":{"rendered":"<p>\u015eunu \u00e7ok net bir bi\u00e7imde ifade edebilirim ki biz k\u00f6pr\u00fcy\u00fc ge\u00e7tik. EVET! T\u00fcrkiye Cumhuriyeti olarak biz art\u0131k k\u00f6pr\u00fcy\u00fc ge\u00e7tik.     \u00c7ok da uzun bir s\u00fcre kalmad\u0131; 2030 y\u0131l\u0131n\u0131 dahi bulmadan ekonomik ve refah d\u00fczeyi olarak \u00fclke tarihinin en g\u00fc\u00e7l\u00fc d\u00f6nemine girece\u011fiz&#8230; Ki\u015fi ba\u015f\u0131 gelir, cari denge, istihdam ve \u00fcretim anlam\u0131nda d\u00fcnyan\u0131n en geli\u015fmi\u015f \u00fclkelerinden biri olma s\u00fcrecimiz ba\u015flayacak.   Tarihten ald\u0131\u011f\u0131 b\u00fcy\u00fck mirasla&#8230; \u00dc\u00e7 k\u0131tan\u0131n kesi\u015fim noktas\u0131ndaki jeopolitik ve jeostratejik konumuyla&#8230; \u00d6zellikle son 20 y\u0131ld\u0131r konsolide etti\u011fi b\u00f6lgesel ve k\u00fcresel tecr\u00fcbeyle&#8230; Sahip oldu\u011fu g\u00fc\u00e7l\u00fc liderlikle&#8230; Ula\u015f\u0131mdan savunma sanayiine, ekonomiden enerjiye in\u015fa etti\u011fi sa\u011flam altyap\u0131 ve kapasitesiyle&#8230; T\u00fcrkiye bu tasavvuru ortaya koyabilmeye namzet en \u00f6nemli \u00fclkelerden biri olacakt\u0131r. <\/p>\n","protected":false},"excerpt":{"rendered":"<p>\u015eunu \u00e7ok net bir bi\u00e7imde ifade edebilirim ki biz k\u00f6pr\u00fcy\u00fc ge\u00e7tik. EVET! T\u00fcrkiye Cumhuriyeti olarak biz art\u0131k k\u00f6pr\u00fcy\u00fc ge\u00e7tik. \u00c7ok da uzun bir s\u00fcre kalmad\u0131; 2030<span class=\"excerpt-hellip\"> [\u2026]<\/span><\/p>\n","protected":false},"featured_media":0,"template":"","meta":{"_monsterinsights_skip_tracking":false,"_monsterinsights_sitenote_active":false,"_monsterinsights_sitenote_note":"","_monsterinsights_sitenote_category":0},"product_brand":[],"product_cat":[13590,12337],"product_tag":[],"class_list":{"0":"post-737986","1":"product","2":"type-product","3":"status-publish","5":"product_cat-arastirma-inceleme-politika-siyaset","6":"product_cat-politika-siyaset","7":"pa_cilt-ciltsiz","8":"pa_tur-kitap","9":"pa_yayinevi-turkuvaz-kitap","10":"pa_yazar-berat-albayrak","12":"first","13":"instock","14":"sale","15":"shipping-taxable","16":"purchasable","17":"product-type-simple"},"_links":{"self":[{"href":"https:\/\/roveyayinevi.com.tr\/index.php\/wp-json\/wp\/v2\/product\/737986","targetHints":{"allow":["GET"]}}],"collection":[{"href":"https:\/\/roveyayinevi.com.tr\/index.php\/wp-json\/wp\/v2\/product"}],"about":[{"href":"https:\/\/roveyayinevi.com.tr\/index.php\/wp-json\/wp\/v2\/types\/product"}],"wp:attachment":[{"href":"https:\/\/roveyayinevi.com.tr\/index.php\/wp-json\/wp\/v2\/media?parent=737986"}],"wp:term":[{"taxonomy":"product_brand","embeddable":true,"href":"https:\/\/roveyayinevi.com.tr\/index.php\/wp-json\/wp\/v2\/product_brand?post=737986"},{"taxonomy":"product_cat","embeddable":true,"href":"https:\/\/roveyayinevi.com.tr\/index.php\/wp-json\/wp\/v2\/product_cat?post=737986"},{"taxonomy":"product_tag","embeddable":true,"href":"https:\/\/roveyayinevi.com.tr\/index.php\/wp-json\/wp\/v2\/product_tag?post=737986"}],"curies":[{"name":"wp","href":"https:\/\/api.w.org\/{rel}","templated":true}]}}