{"id":737984,"date":"2025-08-27T23:39:55","date_gmt":"2025-08-27T20:39:55","guid":{"rendered":"https:\/\/roveyayinevi.com.tr\/index.php\/urun\/ma-ile-ral\/"},"modified":"2026-04-16T02:47:46","modified_gmt":"2026-04-15T23:47:46","slug":"ma-ile-ral","status":"publish","type":"product","link":"https:\/\/roveyayinevi.com.tr\/index.php\/urun\/ma-ile-ral\/","title":{"rendered":"Ma \u0130le Ral"},"content":{"rendered":"<p>&#8220;Son \u0131rmak kurudu\u011funda, son a\u011fa\u00e7 yok oldu\u011funda, son bal\u0131k tutuldu\u011funda beyaz adam paran\u0131n yenmeyen bir \u015fey oldu\u011funu anlayacak.&#8221; \u0130smail Aslanhatun, son kitab\u0131 Ma ile Ral&#8217;da do\u011fan\u0131n hassas dengeler \u00fczerine kurulu ekosistemini, bu ekosisteme yap\u0131lan k\u00fc\u00e7\u00fcc\u00fck m\u00fcdahalelerin bile do\u011fay\u0131 geri d\u00f6n\u00fc\u015f\u00fc olmayan yollara sokaca\u011f\u0131n\u0131 huzurlu kalemiyle bizlere iki ot\u00e7ulun g\u00f6z\u00fcnden anlatm\u0131\u015f. Okurken Afrika savanas\u0131 g\u00f6zlerinizin \u00f6n\u00fcnde canlanacak. <\/p>\n","protected":false},"excerpt":{"rendered":"<p>&#8220;Son \u0131rmak kurudu\u011funda, son a\u011fa\u00e7 yok oldu\u011funda, son bal\u0131k tutuldu\u011funda beyaz adam paran\u0131n yenmeyen bir \u015fey oldu\u011funu anlayacak.&#8221; \u0130smail Aslanhatun, son kitab\u0131 Ma ile Ral&#8217;da do\u011fan\u0131n<span class=\"excerpt-hellip\"> [\u2026]<\/span><\/p>\n","protected":false},"featured_media":0,"template":"","meta":{"_monsterinsights_skip_tracking":false,"_monsterinsights_sitenote_active":false,"_monsterinsights_sitenote_note":"","_monsterinsights_sitenote_category":0},"product_brand":[],"product_cat":[12291,12711],"product_tag":[],"class_list":{"0":"post-737984","1":"product","2":"type-product","3":"status-publish","5":"product_cat-edebiyat","6":"product_cat-roman-oyku","7":"pa_cilt-ciltsiz","8":"pa_tur-kitap","9":"pa_yayinevi-iki-eylul-yayinevi","10":"pa_yazar-ismail-aslanhatun","12":"first","13":"instock","14":"sale","15":"shipping-taxable","16":"purchasable","17":"product-type-simple"},"_links":{"self":[{"href":"https:\/\/roveyayinevi.com.tr\/index.php\/wp-json\/wp\/v2\/product\/737984","targetHints":{"allow":["GET"]}}],"collection":[{"href":"https:\/\/roveyayinevi.com.tr\/index.php\/wp-json\/wp\/v2\/product"}],"about":[{"href":"https:\/\/roveyayinevi.com.tr\/index.php\/wp-json\/wp\/v2\/types\/product"}],"wp:attachment":[{"href":"https:\/\/roveyayinevi.com.tr\/index.php\/wp-json\/wp\/v2\/media?parent=737984"}],"wp:term":[{"taxonomy":"product_brand","embeddable":true,"href":"https:\/\/roveyayinevi.com.tr\/index.php\/wp-json\/wp\/v2\/product_brand?post=737984"},{"taxonomy":"product_cat","embeddable":true,"href":"https:\/\/roveyayinevi.com.tr\/index.php\/wp-json\/wp\/v2\/product_cat?post=737984"},{"taxonomy":"product_tag","embeddable":true,"href":"https:\/\/roveyayinevi.com.tr\/index.php\/wp-json\/wp\/v2\/product_tag?post=737984"}],"curies":[{"name":"wp","href":"https:\/\/api.w.org\/{rel}","templated":true}]}}