{"id":737983,"date":"2025-08-27T23:39:54","date_gmt":"2025-08-27T20:39:54","guid":{"rendered":"https:\/\/roveyayinevi.com.tr\/index.php\/urun\/kucuk-prens-29\/"},"modified":"2026-04-16T02:47:46","modified_gmt":"2026-04-15T23:47:46","slug":"kucuk-prens-29","status":"publish","type":"product","link":"https:\/\/roveyayinevi.com.tr\/index.php\/urun\/kucuk-prens-29\/","title":{"rendered":"K\u00fc\u00e7\u00fck Prens"},"content":{"rendered":"<p>Bunlar\u0131 s\u00f6yledikten sonra tilkinin yan\u0131na d\u00f6nd\u00fc. \u201cElveda\u201d dedi. \u201cElveda\u201d dedi tilki de. \u201cVe i\u015fte s\u0131rr\u0131m: Bu \u00e7ok basit. \u0130nsan ger\u00e7ekleri sadece kalbiyle g\u00f6rebilir. En temel \u015feyi g\u00f6zler g\u00f6remez.\u201d \u201cTemel olan \u015feyi g\u00f6zler g\u00f6remez\u201d diye tekrarlad\u0131 K\u00fc\u00e7\u00fck Prens. \u00d6\u011frendi\u011finden emin olmak istiyordu. \u201cSenin g\u00fcl\u00fcn\u00fcn di\u011ferlerinden daha \u00f6nemli olmas\u0131n\u0131 sa\u011flayan \u015fey, ona ay\u0131rd\u0131\u011f\u0131n vakittir\u201d dedi K\u00fc\u00e7\u00fck Prens.  \u201c\u0130nsanlar bu en \u00f6nemli ger\u00e7e\u011fi unuttular. Ama sen unutmamal\u0131s\u0131n. Evcille\u015ftirdi\u011fin \u015feye kar\u015f\u0131 her zaman sorumlusun. G\u00fcl\u00fcne kar\u015f\u0131 sorumlusun.  \u201cG\u00fcl\u00fcme kar\u015f\u0131 sorumluyum\u201d diye tekrarlad\u0131 K\u00fc\u00e7\u00fck Prens, \u00f6\u011frendi\u011finden emin olmak i\u00e7in. Sonra yoluna devam etti. <\/p>\n","protected":false},"excerpt":{"rendered":"<p>Bunlar\u0131 s\u00f6yledikten sonra tilkinin yan\u0131na d\u00f6nd\u00fc. \u201cElveda\u201d dedi. \u201cElveda\u201d dedi tilki de. \u201cVe i\u015fte s\u0131rr\u0131m: Bu \u00e7ok basit. \u0130nsan ger\u00e7ekleri sadece kalbiyle g\u00f6rebilir. En temel \u015feyi<span class=\"excerpt-hellip\"> [\u2026]<\/span><\/p>\n","protected":false},"featured_media":0,"template":"","meta":{"_monsterinsights_skip_tracking":false,"_monsterinsights_sitenote_active":false,"_monsterinsights_sitenote_note":"","_monsterinsights_sitenote_category":0},"product_brand":[],"product_cat":[12274,12467],"product_tag":[],"class_list":{"0":"post-737983","1":"product","2":"type-product","3":"status-publish","5":"product_cat-cocuk-ve-genclik-kitaplari","6":"product_cat-dunya-klasikleri","7":"pa_cilt-ciltsiz","8":"pa_tur-kitap","9":"pa_yayinevi-iki-eylul-yayinevi","10":"pa_yazar-antoine-de-saint-exupery","12":"first","13":"instock","14":"sale","15":"shipping-taxable","16":"purchasable","17":"product-type-simple"},"_links":{"self":[{"href":"https:\/\/roveyayinevi.com.tr\/index.php\/wp-json\/wp\/v2\/product\/737983","targetHints":{"allow":["GET"]}}],"collection":[{"href":"https:\/\/roveyayinevi.com.tr\/index.php\/wp-json\/wp\/v2\/product"}],"about":[{"href":"https:\/\/roveyayinevi.com.tr\/index.php\/wp-json\/wp\/v2\/types\/product"}],"wp:attachment":[{"href":"https:\/\/roveyayinevi.com.tr\/index.php\/wp-json\/wp\/v2\/media?parent=737983"}],"wp:term":[{"taxonomy":"product_brand","embeddable":true,"href":"https:\/\/roveyayinevi.com.tr\/index.php\/wp-json\/wp\/v2\/product_brand?post=737983"},{"taxonomy":"product_cat","embeddable":true,"href":"https:\/\/roveyayinevi.com.tr\/index.php\/wp-json\/wp\/v2\/product_cat?post=737983"},{"taxonomy":"product_tag","embeddable":true,"href":"https:\/\/roveyayinevi.com.tr\/index.php\/wp-json\/wp\/v2\/product_tag?post=737983"}],"curies":[{"name":"wp","href":"https:\/\/api.w.org\/{rel}","templated":true}]}}