{"id":737981,"date":"2025-08-27T23:39:52","date_gmt":"2025-08-27T20:39:52","guid":{"rendered":"https:\/\/roveyayinevi.com.tr\/index.php\/urun\/dumanini-kaybeden-ejderha\/"},"modified":"2026-04-16T02:47:46","modified_gmt":"2026-04-15T23:47:46","slug":"dumanini-kaybeden-ejderha","status":"publish","type":"product","link":"https:\/\/roveyayinevi.com.tr\/index.php\/urun\/dumanini-kaybeden-ejderha\/","title":{"rendered":"Duman\u0131n\u0131 Kaybeden Ejderha"},"content":{"rendered":"<p>Dodo, arkada\u015flar\u0131yla vakit ge\u00e7irmeyi seven sevimli bir ejderhad\u0131r. G\u00fczel, g\u00fcne\u015fli bir g\u00fcnde hangi oyunu oynayacaklar\u0131n\u0131 d\u00fc\u015f\u00fcn\u00fcrken, arkada\u015f\u0131 Mito&#8217;nun akl\u0131na olduk\u00e7a ilgin\u00e7 bir yar\u0131\u015fma gelir. Bu ilgin\u00e7 yar\u0131\u015fmay\u0131 acaba kim kazanacak?   Peki kazanmak m\u0131 \u00f6nemli yoksa yar\u0131\u015f\u0131rken sevdiklerimiz ile keyifli vakit ge\u00e7irmek mi?  Yenilgilerimiz de bir e\u011flenceye d\u00f6n\u00fc\u015febilir mi? <\/p>\n","protected":false},"excerpt":{"rendered":"<p>Dodo, arkada\u015flar\u0131yla vakit ge\u00e7irmeyi seven sevimli bir ejderhad\u0131r. G\u00fczel, g\u00fcne\u015fli bir g\u00fcnde hangi oyunu oynayacaklar\u0131n\u0131 d\u00fc\u015f\u00fcn\u00fcrken, arkada\u015f\u0131 Mito&#8217;nun akl\u0131na olduk\u00e7a ilgin\u00e7 bir yar\u0131\u015fma gelir. Bu ilgin\u00e7<span class=\"excerpt-hellip\"> [\u2026]<\/span><\/p>\n","protected":false},"featured_media":0,"template":"","meta":{"_monsterinsights_skip_tracking":false,"_monsterinsights_sitenote_active":false,"_monsterinsights_sitenote_note":"","_monsterinsights_sitenote_category":0},"product_brand":[],"product_cat":[12274,12284],"product_tag":[],"class_list":{"0":"post-737981","1":"product","2":"type-product","3":"status-publish","5":"product_cat-cocuk-ve-genclik-kitaplari","6":"product_cat-hikayeler","7":"pa_cilt-ciltsiz","8":"pa_tur-kitap","9":"pa_yayinevi-iki-eylul-yayinevi","10":"pa_yazar-mujde-sen-unal","12":"first","13":"instock","14":"sale","15":"shipping-taxable","16":"purchasable","17":"product-type-simple"},"_links":{"self":[{"href":"https:\/\/roveyayinevi.com.tr\/index.php\/wp-json\/wp\/v2\/product\/737981","targetHints":{"allow":["GET"]}}],"collection":[{"href":"https:\/\/roveyayinevi.com.tr\/index.php\/wp-json\/wp\/v2\/product"}],"about":[{"href":"https:\/\/roveyayinevi.com.tr\/index.php\/wp-json\/wp\/v2\/types\/product"}],"wp:attachment":[{"href":"https:\/\/roveyayinevi.com.tr\/index.php\/wp-json\/wp\/v2\/media?parent=737981"}],"wp:term":[{"taxonomy":"product_brand","embeddable":true,"href":"https:\/\/roveyayinevi.com.tr\/index.php\/wp-json\/wp\/v2\/product_brand?post=737981"},{"taxonomy":"product_cat","embeddable":true,"href":"https:\/\/roveyayinevi.com.tr\/index.php\/wp-json\/wp\/v2\/product_cat?post=737981"},{"taxonomy":"product_tag","embeddable":true,"href":"https:\/\/roveyayinevi.com.tr\/index.php\/wp-json\/wp\/v2\/product_tag?post=737981"}],"curies":[{"name":"wp","href":"https:\/\/api.w.org\/{rel}","templated":true}]}}