{"id":737977,"date":"2025-08-27T23:39:47","date_gmt":"2025-08-27T20:39:47","guid":{"rendered":"https:\/\/roveyayinevi.com.tr\/index.php\/urun\/davein-kayasi-frann-preston-gannon\/"},"modified":"2026-04-16T02:47:46","modified_gmt":"2026-04-15T23:47:46","slug":"davein-kayasi-frann-preston-gannon","status":"publish","type":"product","link":"https:\/\/roveyayinevi.com.tr\/index.php\/urun\/davein-kayasi-frann-preston-gannon\/","title":{"rendered":"Dave\u2019in Kayas\u0131 Frann Preston-Gannon"},"content":{"rendered":"<p>Ma\u011fara adam\u0131 Dave\u2019le tan\u0131\u015f\u0131n. Dave kayas\u0131n\u0131 seviyor.  Jon da kayas\u0131n\u0131 seviyor. Dave\u2019in kayas\u0131 daha b\u00fcy\u00fck. Ama Jon\u2019un kayas\u0131 daha h\u0131zl\u0131. Peki, kimin kayas\u0131 en iyisi? Bakal\u0131m Dave ve Jon, kayalar\u0131yla neler yapacak?   Frann Preston-Gannon\u2019\u0131n yaz\u0131p resimledi\u011fi Dave serisinin ikinci kitab\u0131 Dave\u2019in Kayas\u0131\u2019n\u0131, Ay\u00e7a Ak\u0131n Hamarat T\u00fcrk\u00e7eye \u00e7evirdi. <\/p>\n","protected":false},"excerpt":{"rendered":"<p>Ma\u011fara adam\u0131 Dave\u2019le tan\u0131\u015f\u0131n. Dave kayas\u0131n\u0131 seviyor. Jon da kayas\u0131n\u0131 seviyor. Dave\u2019in kayas\u0131 daha b\u00fcy\u00fck. Ama Jon\u2019un kayas\u0131 daha h\u0131zl\u0131. Peki, kimin kayas\u0131 en iyisi? Bakal\u0131m<span class=\"excerpt-hellip\"> [\u2026]<\/span><\/p>\n","protected":false},"featured_media":0,"template":"","meta":{"_monsterinsights_skip_tracking":false,"_monsterinsights_sitenote_active":false,"_monsterinsights_sitenote_note":"","_monsterinsights_sitenote_category":0},"product_brand":[],"product_cat":[12913,12274],"product_tag":[],"class_list":{"0":"post-737977","1":"product","2":"type-product","3":"status-publish","5":"product_cat-3-6-yas-kitaplari","6":"product_cat-cocuk-ve-genclik-kitaplari","7":"pa_cilt-ciltsiz","8":"pa_tur-kitap","9":"pa_yayinevi-potikare-yayincilik","10":"pa_yazar-frann-preston-gannon","12":"first","13":"instock","14":"sale","15":"shipping-taxable","16":"purchasable","17":"product-type-simple"},"_links":{"self":[{"href":"https:\/\/roveyayinevi.com.tr\/index.php\/wp-json\/wp\/v2\/product\/737977","targetHints":{"allow":["GET"]}}],"collection":[{"href":"https:\/\/roveyayinevi.com.tr\/index.php\/wp-json\/wp\/v2\/product"}],"about":[{"href":"https:\/\/roveyayinevi.com.tr\/index.php\/wp-json\/wp\/v2\/types\/product"}],"wp:attachment":[{"href":"https:\/\/roveyayinevi.com.tr\/index.php\/wp-json\/wp\/v2\/media?parent=737977"}],"wp:term":[{"taxonomy":"product_brand","embeddable":true,"href":"https:\/\/roveyayinevi.com.tr\/index.php\/wp-json\/wp\/v2\/product_brand?post=737977"},{"taxonomy":"product_cat","embeddable":true,"href":"https:\/\/roveyayinevi.com.tr\/index.php\/wp-json\/wp\/v2\/product_cat?post=737977"},{"taxonomy":"product_tag","embeddable":true,"href":"https:\/\/roveyayinevi.com.tr\/index.php\/wp-json\/wp\/v2\/product_tag?post=737977"}],"curies":[{"name":"wp","href":"https:\/\/api.w.org\/{rel}","templated":true}]}}