{"id":737976,"date":"2025-08-27T23:39:46","date_gmt":"2025-08-27T20:39:46","guid":{"rendered":"https:\/\/roveyayinevi.com.tr\/index.php\/urun\/odaklanma-duygusal-zeka\/"},"modified":"2026-04-16T02:47:46","modified_gmt":"2026-04-15T23:47:46","slug":"odaklanma-duygusal-zeka","status":"publish","type":"product","link":"https:\/\/roveyayinevi.com.tr\/index.php\/urun\/odaklanma-duygusal-zeka\/","title":{"rendered":"Odaklanma &#8211; Duygusal Zeka"},"content":{"rendered":"<p>Odaklanmak, sadece sizin verimlili\u011finiz i\u00e7in de\u011fil, ba\u015far\u0131l\u0131 bir liderlik ve do\u011fru karar alabilmek i\u00e7in de kritik \u00f6neme sahiptir. Ancak odaklanmak, g\u00fcn\u00fcm\u00fcz d\u00fcnyas\u0131nda her zamankinden daha zor. Dikkatimizi cezbetmeye aday o kadar \u00e7ok d\u0131\u015f etken var ki. Bu kitapta odaklanma becerinizi nas\u0131l geli\u015ftirece\u011finizi, ekibinizin dikkatini nas\u0131l \u00e7ekece\u011finizi ve dikkatinizi da\u011f\u0131tan d\u0131\u015f etkenlere kar\u015f\u0131 nas\u0131l \u00f6nlemler alabilece\u011finizi g\u00f6receksiniz. *Daniel Goleman*Heidi Grant*Amy Jen Su\u0130\u015f Ya\u015fam\u0131n\u0131n \u0130nsani Yan\u0131HBR Duygusal Zeka Serisi, Harvard Business Review sayfalar\u0131ndan i\u015f ya\u015fam\u0131n\u0131n insani yan\u0131 \u00fczerine bir okuma se\u00e7kisi sunuyor. Dizideki her kitap, duygular\u0131m\u0131z\u0131n i\u015f hayat\u0131m\u0131z\u0131 nas\u0131l etkiledi\u011fine, zor durumlarla ve zor insanlarla nas\u0131l ba\u015fa \u00e7\u0131kabilece\u011fimize, i\u015fyerindeki mutlulu\u011fa y\u00f6nelmenin ne anlama geldi\u011fine dair ilham veren denemelere ve ara\u015ft\u0131rmalara yer veriyor. Yapay zekan\u0131n ve robotlar\u0131n her alanda geli\u015fmesi ve bir tehdit olarak alg\u0131lanmas\u0131na kar\u015f\u0131n, bizi biz yapan insani \u00f6zelliklerimizin g\u00fcc\u00fcnden faydalanmay\u0131 \u00f6\u011fretiyor. Hem keyifli ve hem de pratik olan bu kitaplar, profesyonellere ustala\u015fmak i\u00e7in kritik olan sosyal becerilerin neler oldu\u011funu anlat\u0131yor.Sayg\u0131lar\u0131m\u0131zla<\/p>\n","protected":false},"excerpt":{"rendered":"<p>Odaklanmak, sadece sizin verimlili\u011finiz i\u00e7in de\u011fil, ba\u015far\u0131l\u0131 bir liderlik ve do\u011fru karar alabilmek i\u00e7in de kritik \u00f6neme sahiptir. Ancak odaklanmak, g\u00fcn\u00fcm\u00fcz d\u00fcnyas\u0131nda her zamankinden daha zor.<span class=\"excerpt-hellip\"> [\u2026]<\/span><\/p>\n","protected":false},"featured_media":0,"template":"","meta":{"_monsterinsights_skip_tracking":false,"_monsterinsights_sitenote_active":false,"_monsterinsights_sitenote_note":"","_monsterinsights_sitenote_category":0},"product_brand":[],"product_cat":[15983,13488],"product_tag":[],"class_list":{"0":"post-737976","1":"product","2":"type-product","3":"status-publish","5":"product_cat-iletisim-ve-medya","6":"product_cat-toplum-ve-insan","7":"pa_cilt-ciltsiz","8":"pa_tur-kitap","9":"pa_yayinevi-optimist-yayin-dagitim","10":"pa_yazar-harvard-business-review","12":"first","13":"instock","14":"sale","15":"shipping-taxable","16":"purchasable","17":"product-type-simple"},"_links":{"self":[{"href":"https:\/\/roveyayinevi.com.tr\/index.php\/wp-json\/wp\/v2\/product\/737976","targetHints":{"allow":["GET"]}}],"collection":[{"href":"https:\/\/roveyayinevi.com.tr\/index.php\/wp-json\/wp\/v2\/product"}],"about":[{"href":"https:\/\/roveyayinevi.com.tr\/index.php\/wp-json\/wp\/v2\/types\/product"}],"wp:attachment":[{"href":"https:\/\/roveyayinevi.com.tr\/index.php\/wp-json\/wp\/v2\/media?parent=737976"}],"wp:term":[{"taxonomy":"product_brand","embeddable":true,"href":"https:\/\/roveyayinevi.com.tr\/index.php\/wp-json\/wp\/v2\/product_brand?post=737976"},{"taxonomy":"product_cat","embeddable":true,"href":"https:\/\/roveyayinevi.com.tr\/index.php\/wp-json\/wp\/v2\/product_cat?post=737976"},{"taxonomy":"product_tag","embeddable":true,"href":"https:\/\/roveyayinevi.com.tr\/index.php\/wp-json\/wp\/v2\/product_tag?post=737976"}],"curies":[{"name":"wp","href":"https:\/\/api.w.org\/{rel}","templated":true}]}}