{"id":737974,"date":"2025-08-27T23:39:45","date_gmt":"2025-08-27T20:39:45","guid":{"rendered":"https:\/\/roveyayinevi.com.tr\/index.php\/urun\/mutluluk-duygusal-zeka\/"},"modified":"2026-04-13T02:55:40","modified_gmt":"2026-04-12T23:55:40","slug":"mutluluk-duygusal-zeka","status":"publish","type":"product","link":"https:\/\/roveyayinevi.com.tr\/index.php\/urun\/mutluluk-duygusal-zeka\/","title":{"rendered":"Mutluluk &#8211; Duygusal Zeka"},"content":{"rendered":"<p>Mutluluk; herkesin ula\u015fmak istedi\u011fi, yakalamas\u0131 bazen \u00e7ok kolay bazense d\u00fcnyan\u0131n en y\u00fcksek zirvesine \u00e7\u0131kmak kadar zor\u2026 Ba\u015far\u0131 ne kadar \u00f6nemliyse mutlu bir i\u015f ya\u015fam\u0131 da en az onun kadar \u00f6nemli\u2026 Hatta belki de ba\u015far\u0131n\u0131n yolu ondan ge\u00e7iyor. HBR Duygusal Zek\u00e2 serisinin Mutluluk kitab\u0131 i\u015fyerinde mutlulu\u011fu yakalaman\u0131n yollar\u0131n\u0131 farkl\u0131 yakla\u015f\u0131mlar\u0131 derleyerek g\u00f6steriyor.Daniel GilbertAndr\u00e9 SpicerChristine Porath\u0130\u015f ya\u015fam\u0131n\u0131n insani yan\u0131HBR Duygusal Zek\u00e2 Serisi, Harward Business Review sayfalar\u0131ndan i\u015f ya\u015fam\u0131n\u0131n insani yan\u0131 \u00fczerine bir okuma se\u00e7kisi sunuyor. Dizideki her kitap, duygular\u0131m\u0131z\u0131n i\u015f hayat\u0131m\u0131z\u0131 nas\u0131l etkiledi\u011fine, zor durumlarla ve zor insanlarla nas\u0131l ba\u015fa \u00e7\u0131kabilece\u011fimize, i\u015fyerindeki mutlulu\u011fa y\u00f6nelmenin ne anlama geldi\u011fine dair ilham veren denemelere ve ara\u015ft\u0131rmalara yer veriyor. Yapay zek\u00e2n\u0131n ve robotlar\u0131n her alanda geli\u015fmesi ve bir tehdit olarak alg\u0131lanmas\u0131na kar\u015f\u0131n, bizi biz yapan insani \u00f6zelliklerimizin g\u00fcc\u00fcnden faydalanmay\u0131 \u00f6\u011fretiyor. Hem keyifli ve hem de pratik olan bu kitaplar, profesyonellere ustala\u015fmak i\u00e7in kritik olan sosyal becerilerin neler oldu\u011funu anlat\u0131yor<\/p>\n","protected":false},"excerpt":{"rendered":"<p>Mutluluk; herkesin ula\u015fmak istedi\u011fi, yakalamas\u0131 bazen \u00e7ok kolay bazense d\u00fcnyan\u0131n en y\u00fcksek zirvesine \u00e7\u0131kmak kadar zor\u2026 Ba\u015far\u0131 ne kadar \u00f6nemliyse mutlu bir i\u015f ya\u015fam\u0131 da en<span class=\"excerpt-hellip\"> [\u2026]<\/span><\/p>\n","protected":false},"featured_media":0,"template":"","meta":{"_monsterinsights_skip_tracking":false,"_monsterinsights_sitenote_active":false,"_monsterinsights_sitenote_note":"","_monsterinsights_sitenote_category":0},"product_brand":[],"product_cat":[12364,12376],"product_tag":[],"class_list":{"0":"post-737974","1":"product","2":"type-product","3":"status-publish","5":"product_cat-genel-konular","6":"product_cat-kisisel-gelisim","7":"pa_cilt-ciltsiz","8":"pa_tur-kitap","9":"pa_yayinevi-optimist-yayin-dagitim","10":"pa_yazar-harvard-business-review","12":"first","13":"instock","14":"sale","15":"shipping-taxable","16":"purchasable","17":"product-type-simple"},"_links":{"self":[{"href":"https:\/\/roveyayinevi.com.tr\/index.php\/wp-json\/wp\/v2\/product\/737974","targetHints":{"allow":["GET"]}}],"collection":[{"href":"https:\/\/roveyayinevi.com.tr\/index.php\/wp-json\/wp\/v2\/product"}],"about":[{"href":"https:\/\/roveyayinevi.com.tr\/index.php\/wp-json\/wp\/v2\/types\/product"}],"wp:attachment":[{"href":"https:\/\/roveyayinevi.com.tr\/index.php\/wp-json\/wp\/v2\/media?parent=737974"}],"wp:term":[{"taxonomy":"product_brand","embeddable":true,"href":"https:\/\/roveyayinevi.com.tr\/index.php\/wp-json\/wp\/v2\/product_brand?post=737974"},{"taxonomy":"product_cat","embeddable":true,"href":"https:\/\/roveyayinevi.com.tr\/index.php\/wp-json\/wp\/v2\/product_cat?post=737974"},{"taxonomy":"product_tag","embeddable":true,"href":"https:\/\/roveyayinevi.com.tr\/index.php\/wp-json\/wp\/v2\/product_tag?post=737974"}],"curies":[{"name":"wp","href":"https:\/\/api.w.org\/{rel}","templated":true}]}}