{"id":737971,"date":"2025-08-27T23:39:42","date_gmt":"2025-08-27T20:39:42","guid":{"rendered":"https:\/\/roveyayinevi.com.tr\/index.php\/urun\/liderin-elkitabi\/"},"modified":"2026-04-16T02:47:46","modified_gmt":"2026-04-15T23:47:46","slug":"liderin-elkitabi","status":"publish","type":"product","link":"https:\/\/roveyayinevi.com.tr\/index.php\/urun\/liderin-elkitabi\/","title":{"rendered":"Liderin Elkitab\u0131"},"content":{"rendered":"<p>Etki yaratmak, ilham vermek ve gelece\u011fe haz\u0131rlanmakY\u00f6neticilikte deneyimliyseniz ve kariyerinizi bir sonraki a\u015famaya ta\u015f\u0131may\u0131 planl\u0131yorsan\u0131z, i\u015finizin kapsam\u0131n\u0131 geni\u015fletmeyi hedefliyor ya da kendi \u015firketinizi kurmak istiyorsan\u0131z veya \u015fu anki i\u015finizde daha fazla etki yaratma arzusundaysan\u0131z bu kitap tam size g\u00f6re&#8230;Liderlikte bir \u00fcst d\u00fczeye s\u0131\u00e7ramak i\u00e7in farkl\u0131 d\u00fc\u015f\u00fcnmek hatta bir kimlik de\u011fi\u015fimi ya\u015famak gerekir. Sahip oldu\u011funuz imk\u00e2n ve ayr\u0131cal\u0131klarla birlikte omuzunuzdaki sorumluluk ve risk de artacakt\u0131r. Yapt\u0131klar\u0131n\u0131z daha fazla g\u00f6z \u00f6n\u00fcnde olacak, sorgulanacakt\u0131r. Ama en \u00f6nemlisi, bu de\u011fi\u015fim, her \u015feyi daha farkl\u0131 yapman\u0131z\u0131 gerektirecektir. \u00d6nceden kendi geli\u015fiminize odaklan\u0131p mesai arkada\u015flar\u0131n\u0131zla i\u015fbirli\u011fi i\u00e7inde \u00e7al\u0131\u015f\u0131r ve bir ba\u015fkas\u0131n\u0131n \u00e7izdi\u011fi yolda i\u015finizi icra ederken \u015fimdi bamba\u015fka bir yola gireceksiniz. Ba\u015far\u0131ya giden yolu \u00e7izmeniz ve \u00e7al\u0131\u015fanlar\u0131n\u0131z\u0131 bu konuda harekete ge\u00e7irmeniz gerekecek. Bu kitapta, kendinizi hangi alanlarda geli\u015ftirmeniz gerekti\u011fine ve ihtiya\u00e7 duyaca\u011f\u0131n\u0131z becerileri nas\u0131l edinece\u011finize dair bilgiler bulacaks\u0131n\u0131z.Ron Ashkenas, Schaffer Consulting\u2019in eski orta\u011f\u0131 olup pek \u00e7ok organizasyonda y\u00f6neticilik yapm\u0131\u015ft\u0131r. Kurumsal de\u011fi\u015fim, liderlik ve d\u00f6n\u00fc\u015f\u00fcm konular\u0131nda dan\u0131\u015fmanl\u0131k, ko\u00e7luk ve d\u00fc\u015f\u00fcnce ortakl\u0131\u011f\u0131 hizmeti vermektedir.Brook Manville, lidere dan\u0131\u015fmanl\u0131k ve y\u00f6netici ko\u00e7lu\u011fu yapmaktad\u0131r. McKinsey&amp;Company orta\u011f\u0131 olarak Fortune 500 listesindeki bir\u00e7ok \u015firkete dan\u0131\u015fmanl\u0131k hizmeti vermi\u015ftir. Kurumsal geli\u015fim ve bilgi odakl\u0131 stratejiler konusunda uzmand\u0131r. Harvard Business Review, Fast Company ve Sloan Management Review i\u00e7in yaz\u0131lar yazmaktad\u0131r.<\/p>\n","protected":false},"excerpt":{"rendered":"<p>Etki yaratmak, ilham vermek ve gelece\u011fe haz\u0131rlanmakY\u00f6neticilikte deneyimliyseniz ve kariyerinizi bir sonraki a\u015famaya ta\u015f\u0131may\u0131 planl\u0131yorsan\u0131z, i\u015finizin kapsam\u0131n\u0131 geni\u015fletmeyi hedefliyor ya da kendi \u015firketinizi kurmak istiyorsan\u0131z veya<span class=\"excerpt-hellip\"> [\u2026]<\/span><\/p>\n","protected":false},"featured_media":0,"template":"","meta":{"_monsterinsights_skip_tracking":false,"_monsterinsights_sitenote_active":false,"_monsterinsights_sitenote_note":"","_monsterinsights_sitenote_category":0},"product_brand":[],"product_cat":[13043,17647],"product_tag":[],"class_list":{"0":"post-737971","1":"product","2":"type-product","3":"status-publish","5":"product_cat-ekonomi","6":"product_cat-is-dunyasi","7":"pa_cilt-ciltsiz","8":"pa_tur-kitap","9":"pa_yayinevi-optimist-yayin-dagitim","10":"pa_yazar-harvard-business-review","12":"first","13":"instock","14":"sale","15":"shipping-taxable","16":"purchasable","17":"product-type-simple"},"_links":{"self":[{"href":"https:\/\/roveyayinevi.com.tr\/index.php\/wp-json\/wp\/v2\/product\/737971","targetHints":{"allow":["GET"]}}],"collection":[{"href":"https:\/\/roveyayinevi.com.tr\/index.php\/wp-json\/wp\/v2\/product"}],"about":[{"href":"https:\/\/roveyayinevi.com.tr\/index.php\/wp-json\/wp\/v2\/types\/product"}],"wp:attachment":[{"href":"https:\/\/roveyayinevi.com.tr\/index.php\/wp-json\/wp\/v2\/media?parent=737971"}],"wp:term":[{"taxonomy":"product_brand","embeddable":true,"href":"https:\/\/roveyayinevi.com.tr\/index.php\/wp-json\/wp\/v2\/product_brand?post=737971"},{"taxonomy":"product_cat","embeddable":true,"href":"https:\/\/roveyayinevi.com.tr\/index.php\/wp-json\/wp\/v2\/product_cat?post=737971"},{"taxonomy":"product_tag","embeddable":true,"href":"https:\/\/roveyayinevi.com.tr\/index.php\/wp-json\/wp\/v2\/product_tag?post=737971"}],"curies":[{"name":"wp","href":"https:\/\/api.w.org\/{rel}","templated":true}]}}