{"id":737970,"date":"2025-08-27T23:39:41","date_gmt":"2025-08-27T20:39:41","guid":{"rendered":"https:\/\/roveyayinevi.com.tr\/index.php\/urun\/leading-digital\/"},"modified":"2026-04-16T02:47:46","modified_gmt":"2026-04-15T23:47:46","slug":"leading-digital","status":"publish","type":"product","link":"https:\/\/roveyayinevi.com.tr\/index.php\/urun\/leading-digital\/","title":{"rendered":"Leading Digital"},"content":{"rendered":"<p>Bug\u00fcn i\u015f d\u00fcnyas\u0131n\u0131n en \u00f6nemli hik\u00e2yesi teknolojidir; bu kadar basit ve net. Nihai m\u00fc\u015fterinin sesini duymak, ara\u015ft\u0131rma ve odak gruplar\u0131n\u0131n dar merceklerinden kurtulmak istiyor musunuz? Sosyal medya size bu olana\u011f\u0131 veriyor. B\u00fct\u00fcn \u00e7al\u0131\u015fanlar\u0131n\u0131z\u0131n nerede olurlarsa olsunlar, eri\u015filebilir ve verimli olmas\u0131n\u0131 istiyor musunuz? Mobil bili\u015fim buna olanak sa\u011fl\u0131yor. Belli ba\u015fl\u0131 i\u015f alanlar\u0131nda daha etkili \u00f6ng\u00f6r\u00fcler, mant\u0131k y\u00fcr\u00fctmeler ve kararlar arzu ediyor musunuz? B\u00fcy\u00fck veri bunu taahh\u00fct ediyor. Ba\u015ftan a\u015fa\u011f\u0131ya yeni \u00f6rg\u00fct yap\u0131lar\u0131, i\u015f s\u00fcre\u00e7leri ve m\u00fc\u015fteri \u00f6nermeleri ortaya koymak ve zamanla ko\u015fullar de\u011fi\u015ftik\u00e7e \u00e7abucak de\u011fi\u015fikli\u011fe gitmek istiyor musunuz? Biliyoruz ki bunlar\u0131n hepsi m\u00fcmk\u00fcn!\u201cDijital Ustalar\u0131n\u0131n temel \u00f6zelliklerini nefis bir \u015fekilde tarif eden ve \u00f6n\u00fcm\u00fcze dijital d\u00f6n\u00fc\u015f\u00fcm i\u00e7in ince d\u00fc\u015f\u00fcn\u00fclm\u00fc\u015f ve faydal\u0131 bir liderlik senaryosu koyan bir kitap. Bu kitap strateji ve y\u00f6netim prati\u011fine ender rastlan\u0131r bir katk\u0131 getiriyor.\u201d- John GlaserHealth Services, Siemens\u2019in CEO\u2019su \u201cYazarlar k\u00fcresel \u015firketlerin, i\u015f yapma bi\u00e7imlerini de\u011fi\u015ftirip iyile\u015ftirmek i\u00e7in dijital teknolojiyi nas\u0131l kulland\u0131klar\u0131 \u00fczerine ayr\u0131nt\u0131l\u0131 bir \u00e7al\u0131\u015fma ger\u00e7ekle\u015ftirmi\u015f. Bu kitapla bizi d\u00f6n\u00fc\u015f\u00fcm yolculu\u011funa \u00e7\u0131kar\u0131yorlar. \u015eirketinizin bu derin de\u011fi\u015fim s\u00fcrecinden ge\u00e7i\u015fine liderlik etmek istiyorsan\u0131z, Leading Digital\u2019\u0131 mutlaka okumal\u0131s\u0131n\u0131z.\u201d- Jean-Christophe LaLanneAir France-KLM Group Y\u00fcr\u00fctmeden sorumlu Ba\u015fkan Yard\u0131mc\u0131s\u0131 ve Ba\u015f Enformasyon Sorumlusu \u201cBu kan\u0131tlarla konu\u015fan, etkileyici kitap verdi\u011fi g\u00fc\u00e7l\u00fc \u00f6rneklerle, dijital teknolojilere vak\u0131f olman\u0131n hat\u0131r\u0131 say\u0131l\u0131r \u00f6l\u00e7\u00fcde y\u00fcksek bir k\u00e2r ve verimlilik d\u00fczeyi getirdi\u011fini ortaya koyuyor ve size Dijital Ustas\u0131 olma yolunu g\u00f6steriyor.\u201d<\/p>\n","protected":false},"excerpt":{"rendered":"<p>Bug\u00fcn i\u015f d\u00fcnyas\u0131n\u0131n en \u00f6nemli hik\u00e2yesi teknolojidir; bu kadar basit ve net. Nihai m\u00fc\u015fterinin sesini duymak, ara\u015ft\u0131rma ve odak gruplar\u0131n\u0131n dar merceklerinden kurtulmak istiyor musunuz? Sosyal<span class=\"excerpt-hellip\"> [\u2026]<\/span><\/p>\n","protected":false},"featured_media":0,"template":"","meta":{"_monsterinsights_skip_tracking":false,"_monsterinsights_sitenote_active":false,"_monsterinsights_sitenote_note":"","_monsterinsights_sitenote_category":0},"product_brand":[],"product_cat":[13043,19008],"product_tag":[],"class_list":{"0":"post-737970","1":"product","2":"type-product","3":"status-publish","5":"product_cat-ekonomi","6":"product_cat-yonetim","7":"pa_cilt-ciltsiz","8":"pa_tur-kitap","9":"pa_yayinevi-turk-hava-yollari-yayinlari","10":"pa_yazar-george-westerman","12":"first","13":"instock","14":"sale","15":"shipping-taxable","16":"purchasable","17":"product-type-simple"},"_links":{"self":[{"href":"https:\/\/roveyayinevi.com.tr\/index.php\/wp-json\/wp\/v2\/product\/737970","targetHints":{"allow":["GET"]}}],"collection":[{"href":"https:\/\/roveyayinevi.com.tr\/index.php\/wp-json\/wp\/v2\/product"}],"about":[{"href":"https:\/\/roveyayinevi.com.tr\/index.php\/wp-json\/wp\/v2\/types\/product"}],"wp:attachment":[{"href":"https:\/\/roveyayinevi.com.tr\/index.php\/wp-json\/wp\/v2\/media?parent=737970"}],"wp:term":[{"taxonomy":"product_brand","embeddable":true,"href":"https:\/\/roveyayinevi.com.tr\/index.php\/wp-json\/wp\/v2\/product_brand?post=737970"},{"taxonomy":"product_cat","embeddable":true,"href":"https:\/\/roveyayinevi.com.tr\/index.php\/wp-json\/wp\/v2\/product_cat?post=737970"},{"taxonomy":"product_tag","embeddable":true,"href":"https:\/\/roveyayinevi.com.tr\/index.php\/wp-json\/wp\/v2\/product_tag?post=737970"}],"curies":[{"name":"wp","href":"https:\/\/api.w.org\/{rel}","templated":true}]}}