{"id":737968,"date":"2025-08-27T23:39:40","date_gmt":"2025-08-27T20:39:40","guid":{"rendered":"https:\/\/roveyayinevi.com.tr\/index.php\/urun\/koronavirus-liderlik-ve-toparlanma\/"},"modified":"2026-04-16T02:47:46","modified_gmt":"2026-04-15T23:47:46","slug":"koronavirus-liderlik-ve-toparlanma","status":"publish","type":"product","link":"https:\/\/roveyayinevi.com.tr\/index.php\/urun\/koronavirus-liderlik-ve-toparlanma\/","title":{"rendered":"Koronavir\u00fcs &#8211; Liderlik Ve Toparlanma"},"content":{"rendered":"<p>T\u00fcm d\u00fcnyay\u0131 etkisi alt\u0131na alan Covid-19 salg\u0131n\u0131 k\u00fcresel ekonomiye de zarar verdi. Ancak gelece\u011fe odaklanan organizasyonlar kriz y\u00f6netiminin bir ad\u0131m ilerisine ge\u00e7erek, kriz sonras\u0131 i\u00e7in kendilerini nas\u0131l konumland\u0131racaklar\u0131na karar veriyor.Koronavir\u00fcs: Liderlik ve Toparlanma, Covid-19 k\u00fcresel salg\u0131n\u0131nda \u015firketinizi y\u00f6netmenize, \u00e7al\u0131\u015fanlar\u0131n\u0131z\u0131 (ve kendinizi) sa\u011fl\u0131kl\u0131 ve \u00fcretken tutman\u0131za, toparlanman\u0131za ve krizin sundu\u011fu f\u0131rsatlar\u0131 ke\u015ffederek yol daha g\u00fc\u00e7l\u00fc \u015fekilde devam edebilmenize yard\u0131m edecek g\u00f6r\u00fc\u015f ve \u00f6nerilerle size yol g\u00f6steriyor. &#8211; Scott Berinato- Laura M. Giurge- Megan Tobias Neely\u015eirketinizin gelece\u011fini \u015fekillendirecek konulara dair yakla\u015f\u0131m\u0131n\u0131z\u0131 geli\u015ftirmeye ve fikirlerinizi derinle\u015ftirmeye yard\u0131mc\u0131 oluyor. Harvard Business Review\u2019un blok zinciri, siber g\u00fcvenlik, yapay zek\u00e2, \u00e7eviklik gibi h\u0131zla de\u011fi\u015fen ve gelece\u011fi \u015fekillendiren konularla ilgili haz\u0131rlad\u0131\u011f\u0131 kitaplar, organizasyonlar\u0131 bug\u00fcn\u00fcn rekabet ko\u015fullar\u0131na ve yar\u0131na haz\u0131rlayacak en iyi ara\u015ft\u0131rmalara, r\u00f6portaj ve analizlere yer veriyor; uygulamaya y\u00f6nelik \u00f6neriler sunuyor.<\/p>\n","protected":false},"excerpt":{"rendered":"<p>T\u00fcm d\u00fcnyay\u0131 etkisi alt\u0131na alan Covid-19 salg\u0131n\u0131 k\u00fcresel ekonomiye de zarar verdi. Ancak gelece\u011fe odaklanan organizasyonlar kriz y\u00f6netiminin bir ad\u0131m ilerisine ge\u00e7erek, kriz sonras\u0131 i\u00e7in kendilerini<span class=\"excerpt-hellip\"> [\u2026]<\/span><\/p>\n","protected":false},"featured_media":0,"template":"","meta":{"_monsterinsights_skip_tracking":false,"_monsterinsights_sitenote_active":false,"_monsterinsights_sitenote_note":"","_monsterinsights_sitenote_category":0},"product_brand":[],"product_cat":[13043,17647],"product_tag":[],"class_list":{"0":"post-737968","1":"product","2":"type-product","3":"status-publish","5":"product_cat-ekonomi","6":"product_cat-is-dunyasi","7":"pa_cilt-ciltsiz","8":"pa_tur-kitap","9":"pa_yayinevi-optimist-yayin-dagitim","10":"pa_yazar-harvard-business-review","12":"first","13":"instock","14":"sale","15":"shipping-taxable","16":"purchasable","17":"product-type-simple"},"_links":{"self":[{"href":"https:\/\/roveyayinevi.com.tr\/index.php\/wp-json\/wp\/v2\/product\/737968","targetHints":{"allow":["GET"]}}],"collection":[{"href":"https:\/\/roveyayinevi.com.tr\/index.php\/wp-json\/wp\/v2\/product"}],"about":[{"href":"https:\/\/roveyayinevi.com.tr\/index.php\/wp-json\/wp\/v2\/types\/product"}],"wp:attachment":[{"href":"https:\/\/roveyayinevi.com.tr\/index.php\/wp-json\/wp\/v2\/media?parent=737968"}],"wp:term":[{"taxonomy":"product_brand","embeddable":true,"href":"https:\/\/roveyayinevi.com.tr\/index.php\/wp-json\/wp\/v2\/product_brand?post=737968"},{"taxonomy":"product_cat","embeddable":true,"href":"https:\/\/roveyayinevi.com.tr\/index.php\/wp-json\/wp\/v2\/product_cat?post=737968"},{"taxonomy":"product_tag","embeddable":true,"href":"https:\/\/roveyayinevi.com.tr\/index.php\/wp-json\/wp\/v2\/product_tag?post=737968"}],"curies":[{"name":"wp","href":"https:\/\/api.w.org\/{rel}","templated":true}]}}