{"id":737967,"date":"2025-08-27T23:39:39","date_gmt":"2025-08-27T20:39:39","guid":{"rendered":"https:\/\/roveyayinevi.com.tr\/index.php\/urun\/is-dunyasinda-linkedin-ile-networking\/"},"modified":"2026-04-16T02:47:46","modified_gmt":"2026-04-15T23:47:46","slug":"is-dunyasinda-linkedin-ile-networking","status":"publish","type":"product","link":"https:\/\/roveyayinevi.com.tr\/index.php\/urun\/is-dunyasinda-linkedin-ile-networking\/","title":{"rendered":"\u0130\u015f D\u00fcnyas\u0131nda Linked\u0131n \u0130le Networking"},"content":{"rendered":"<p>LinkedIn ile yeni i\u015fbirlikleri olu\u015fturun. \u0130li\u015fkilerinizi ba\u015far\u0131yla y\u00f6netin. Tan\u0131n\u0131rl\u0131\u011f\u0131n\u0131z\u0131 art\u0131r\u0131n.LinkedIn&#8217;in bir kariyer sitesi olmad\u0131\u011f\u0131n\u0131 fark etme zaman\u0131 geldi, hatta ge\u00e7iyor!LinkedIn, i\u015fbirliklerini geli\u015ftirmek, yeni bir \u00e7evre olu\u015fturmak ve mevcut ili\u015fkilerinizi g\u00fc\u00e7lendirmek i\u00e7in kald\u0131ra\u00e7 etkisi olu\u015fturuyor.\u0130\u015f d\u00fcnyas\u0131n\u0131n uluslararas\u0131 rehberi LinkedIn, milyonlarca \u00fcyesiyle dijital ilk izleniminizi y\u00f6netmek ve networking yapmak i\u00e7in 26.2 milyar dolar de\u011ferinde bir kanal oldu.\u00dcstelik Ertu\u011frul Belen&#8217;in ger\u00e7ek vakalar ve uygulamalarla geli\u015ftirdi\u011fi P.A.N.O. Network Y\u00f6netim Stratejisi y\u00f6ntemiyle LinkedIn\u2019de etkili bir profil olu\u015fturmak, ak\u0131ll\u0131 aramalar yaparak istenilen ki\u015filere h\u0131zl\u0131 ula\u015fmak, onlarla networking yapmak, profilinizde yay\u0131n ve payla\u015f\u0131m stratejilerini y\u00f6netmek art\u0131k \u00e7ok daha kolay!\u00d6ns\u00f6z\u00fcn\u00fc Sina Afra&#8217;n\u0131n yazd\u0131\u011f\u0131 kitab\u0131n referanslar\u0131nda BIST 100 grup firma profesyonelleri, giri\u015fimciler, yat\u0131r\u0131mc\u0131lar ve sekt\u00f6rel uzmanlar\u0131n ger\u00e7ek hik\u00e2ye ve g\u00f6zlemlerine yer veriliyor.\u201cLinkedIn\u2019de dog\u0306ru profili olus\u0327turmaktan, ak\u0131ll\u0131 arama, networking ve paylas\u0327\u0131m stratejilerine kadar pek \u00e7ok konuda t\u00fcyolar veren bu kitap, is\u0327 d\u00fcnyas\u0131nda yer alan herkes i\u00e7in bas\u0327ucu kitab\u0131 olmaya aday.\u201d &#8211; Sina Afra, Afra Global 3, Evtiko CEO ve Giris\u0327imcilik Vakf\u0131 Y\u00f6netim Kurulu Bas\u0327kan\u0131&#8221;Ertu\u011frul Belen\u2019in bu alandaki birikimleri ve tecr\u00fcbeleri sayesinde \u201c\u0130\u015f D\u00fcnyas\u0131nda LinkedIn ile Networking\u201d kitab\u0131 i\u015f hayat\u0131n\u0131n basamaklar\u0131n\u0131 \u00e7\u0131kan herkes i\u00e7in de\u011ferli bir kaynak olacak.&#8221;- Arda Kutsal, Webrazzi, CEO&#8221;Hayalinizi hedefe, hedefinizi hayata ge\u00e7irme s\u00fcrecindeki o heyecanl\u0131 yolculukta network\u00fcn\u00fcz\u00fc hem olu\u015fturmak, hem de etkili kullanmak i\u00e7in bu kitab\u0131 okumal\u0131s\u0131n\u0131z.&#8221;-Melek Pulatkonak, TurkishWIN ve BinYaprak KurucusuSayg\u0131lar\u0131m\u0131zla<\/p>\n","protected":false},"excerpt":{"rendered":"<p>LinkedIn ile yeni i\u015fbirlikleri olu\u015fturun. \u0130li\u015fkilerinizi ba\u015far\u0131yla y\u00f6netin. Tan\u0131n\u0131rl\u0131\u011f\u0131n\u0131z\u0131 art\u0131r\u0131n.LinkedIn&#8217;in bir kariyer sitesi olmad\u0131\u011f\u0131n\u0131 fark etme zaman\u0131 geldi, hatta ge\u00e7iyor!LinkedIn, i\u015fbirliklerini geli\u015ftirmek, yeni bir \u00e7evre olu\u015fturmak<span class=\"excerpt-hellip\"> [\u2026]<\/span><\/p>\n","protected":false},"featured_media":0,"template":"","meta":{"_monsterinsights_skip_tracking":false,"_monsterinsights_sitenote_active":false,"_monsterinsights_sitenote_note":"","_monsterinsights_sitenote_category":0},"product_brand":[],"product_cat":[13043,17647],"product_tag":[],"class_list":{"0":"post-737967","1":"product","2":"type-product","3":"status-publish","5":"product_cat-ekonomi","6":"product_cat-is-dunyasi","7":"pa_cilt-ciltsiz","8":"pa_tur-kitap","9":"pa_yayinevi-optimist-yayin-dagitim","10":"pa_yazar-ertugrul-belen","12":"first","13":"instock","14":"sale","15":"shipping-taxable","16":"purchasable","17":"product-type-simple"},"_links":{"self":[{"href":"https:\/\/roveyayinevi.com.tr\/index.php\/wp-json\/wp\/v2\/product\/737967","targetHints":{"allow":["GET"]}}],"collection":[{"href":"https:\/\/roveyayinevi.com.tr\/index.php\/wp-json\/wp\/v2\/product"}],"about":[{"href":"https:\/\/roveyayinevi.com.tr\/index.php\/wp-json\/wp\/v2\/types\/product"}],"wp:attachment":[{"href":"https:\/\/roveyayinevi.com.tr\/index.php\/wp-json\/wp\/v2\/media?parent=737967"}],"wp:term":[{"taxonomy":"product_brand","embeddable":true,"href":"https:\/\/roveyayinevi.com.tr\/index.php\/wp-json\/wp\/v2\/product_brand?post=737967"},{"taxonomy":"product_cat","embeddable":true,"href":"https:\/\/roveyayinevi.com.tr\/index.php\/wp-json\/wp\/v2\/product_cat?post=737967"},{"taxonomy":"product_tag","embeddable":true,"href":"https:\/\/roveyayinevi.com.tr\/index.php\/wp-json\/wp\/v2\/product_tag?post=737967"}],"curies":[{"name":"wp","href":"https:\/\/api.w.org\/{rel}","templated":true}]}}