{"id":737965,"date":"2025-08-27T23:39:38","date_gmt":"2025-08-27T20:39:38","guid":{"rendered":"https:\/\/roveyayinevi.com.tr\/index.php\/urun\/iletisim-2-hbrs\/"},"modified":"2026-04-16T02:47:45","modified_gmt":"2026-04-15T23:47:45","slug":"iletisim-2-hbrs","status":"publish","type":"product","link":"https:\/\/roveyayinevi.com.tr\/index.php\/urun\/iletisim-2-hbrs\/","title":{"rendered":"\u0130leti\u015fim 2 &#8211; Hbrs"},"content":{"rendered":"<p>HBR\u2019s 10 Must Reads, her y\u00f6neticinin bilmesi gereken en \u00f6nemli konulara odaklan\u0131yor. Harvard Business Review\u2019in y\u00fczlerce makalesi aras\u0131ndan se\u00e7ilen \u0130leti\u015fim 2, zamana meydan okuyan fikirlerle g\u00fcn\u00fcm\u00fcz i\u015f d\u00fcnyas\u0131n\u0131n yoluna \u0131\u015f\u0131k tutuyor.K\u00fcreselle\u015fme, yeni teknolojiler, \u015firketlerin de\u011fer yaratma ve m\u00fc\u015fteriyle etkile\u015fim kurma y\u00f6ntemlerindeki de\u011fi\u015fimler, yukar\u0131dan a\u015fa\u011f\u0131 uzanan emir komuta zincirine dayal\u0131 liderlik modelinin etkisini azaltt\u0131. Geleneksel kurumsal ileti\u015fim yerini, \u00e7ok daha dinamik ve geli\u015fmi\u015f bir s\u00fcrece b\u0131rak\u0131yor. \u0130leti\u015fim 2\u2019de, do\u011fru ileti\u015fim taktikleriyle \u00e7al\u0131\u015fanlar\u0131n\u0131z\u0131 daha iyi motive etmenin, bu sayede i\u015finizi daha h\u0131zl\u0131 geli\u015ftirmenim ve mesaj\u0131n\u0131z\u0131 yerine en iyi \u015fekilde ula\u015ft\u0131rabilmenin yollar\u0131n\u0131 bulacaks\u0131n\u0131z.\u0130\u015f d\u00fcnyas\u0131ndaki yeni e\u011filimler, \u015firketleri, kurumsal ileti\u015fimden kurumsal sohbete y\u00f6nelmeye zorluyor. Hizmet sekt\u00f6r\u00fcn\u00fcn ekonomideki \u00f6nemi \u00fcretim sekt\u00f6r\u00fcn\u00fcn \u00f6n\u00fcne ge\u00e7tik\u00e7e ve bilgi i\u015f\u00e7ileri di\u011fer i\u015fg\u00fcc\u00fc t\u00fcrlerini g\u00f6lgede b\u0131rakt\u0131k\u00e7a, bilgiyi daha geli\u015fmi\u015f y\u00f6ntemlerle de\u011ferlendirme ve payla\u015fma ihtiyac\u0131 da \u00f6nem kazan\u0131yor. \u015eirketler yatay bir yap\u0131lanmaya kavu\u015ftuk\u00e7a, hiyerar\u015fi azald\u0131k\u00e7a ve \u00f6n cephedeki \u00e7al\u0131\u015fanlar de\u011fer yaratma s\u00fcrecine daha faza d\u00e2hil olduk\u00e7a, yatay ve a\u015fa\u011f\u0131dan yukar\u0131ya ileti\u015fim de yukar\u0131dan a\u015fa\u011f\u0131ya ileti\u015fim kadar \u00f6nem kazan\u0131yor.\u0130\u015fg\u00fcc\u00fcn\u00fcn \u00e7e\u015fitlili\u011fi ve da\u011f\u0131l\u0131m\u0131 artt\u0131k\u00e7a farkl\u0131 k\u00fclt\u00fcrel ve co\u011frafi b\u00f6lgelere ula\u015fmak, ak\u0131\u015fkan ve karma\u015f\u0131k bir ileti\u015fim gerektiriyor. Organizasyonlarda kendine yer bulmaya ba\u015flayan gen\u00e7 \u00e7al\u0131\u015fanlar, meslekta\u015flar\u0131ndan ve otorite fig\u00fcrlerinden ak\u0131\u015fkan ve \u00e7ift y\u00f6nl\u00fc bir ileti\u015fim bekliyor. Dijital a\u011flar\u0131n sa\u011flad\u0131\u011f\u0131 anl\u0131k ba\u011flant\u0131 olana\u011f\u0131n\u0131n i\u015f d\u00fcnyas\u0131n\u0131n normu haline gelmesiyle ve sosyal medya platformlar\u0131n\u0131n giderek g\u00fc\u00e7lenip b\u00fcy\u00fcmesiyle birlikte eski, sohbete daha az dayal\u0131 ileti\u015fim s\u00fcrd\u00fcr\u00fclemez hale geliyor.Kurum i\u00e7i sosyal ara\u00e7lar i\u015fbirli\u011fini, inovasyonu, karar becerisini ve \u00e7al\u0131\u015fan ba\u011fl\u0131l\u0131\u011f\u0131n\u0131 art\u0131rabilir. Sosyal ara\u00e7lar\u0131n potansiyelini ortaya \u00e7\u0131karabilmek i\u00e7in, organizasyonlar\u0131n bu ara\u00e7lar\u0131 neden kulland\u0131\u011f\u0131n\u0131 net \u015fekilde tan\u0131mlamas\u0131, gayriresmi ileti\u015fimi, bilgi payla\u015f\u0131m\u0131n\u0131 ve \u00f6\u011frenimi te\u015fvik etmesi, davran\u0131\u015f kurallar\u0131n\u0131 ifade etmesi gerekiyor.\u0130leti\u015fim 2\u2019de, alan\u0131n\u0131n en etkili uzmanlar\u0131n\u0131n Harvard Business Review\u2019den derlenen 11 makalesini bulacaks\u0131n\u0131z. K\u00fclt\u00fcrler aras\u0131 m\u00fczakerelerde daha iyi sonu\u00e7lar elde etme, tavsiye verme ve alma becerinizi geli\u015ftirme, etkili veri g\u00f6rselle\u015ftirmeleri olu\u015fturma, dijital ara\u00e7lar\u0131 kullanarak i\u015fbirli\u011fini, \u00f6\u011frenmeyi ve inovasyonu te\u015fvik etme gibi konularda, Erin Meyer, Heidi Grant ve Douglas Stone gibi isimlerin fikirlerinden ilham alacak, ileti\u015fim yoluyla organizasyonunuza g\u00fc\u00e7 katacaks\u0131n\u0131z.Sayg\u0131lar\u0131m\u0131zla.<\/p>\n","protected":false},"excerpt":{"rendered":"<p>HBR\u2019s 10 Must Reads, her y\u00f6neticinin bilmesi gereken en \u00f6nemli konulara odaklan\u0131yor. Harvard Business Review\u2019in y\u00fczlerce makalesi aras\u0131ndan se\u00e7ilen \u0130leti\u015fim 2, zamana meydan okuyan fikirlerle g\u00fcn\u00fcm\u00fcz<span class=\"excerpt-hellip\"> [\u2026]<\/span><\/p>\n","protected":false},"featured_media":0,"template":"","meta":{"_monsterinsights_skip_tracking":false,"_monsterinsights_sitenote_active":false,"_monsterinsights_sitenote_note":"","_monsterinsights_sitenote_category":0},"product_brand":[],"product_cat":[13043,19008],"product_tag":[],"class_list":{"0":"post-737965","1":"product","2":"type-product","3":"status-publish","5":"product_cat-ekonomi","6":"product_cat-yonetim","7":"pa_cilt-ciltsiz","8":"pa_tur-kitap","9":"pa_yayinevi-optimist-yayin-dagitim","10":"pa_yazar-harvard-business-review","12":"first","13":"instock","14":"sale","15":"shipping-taxable","16":"purchasable","17":"product-type-simple"},"_links":{"self":[{"href":"https:\/\/roveyayinevi.com.tr\/index.php\/wp-json\/wp\/v2\/product\/737965","targetHints":{"allow":["GET"]}}],"collection":[{"href":"https:\/\/roveyayinevi.com.tr\/index.php\/wp-json\/wp\/v2\/product"}],"about":[{"href":"https:\/\/roveyayinevi.com.tr\/index.php\/wp-json\/wp\/v2\/types\/product"}],"wp:attachment":[{"href":"https:\/\/roveyayinevi.com.tr\/index.php\/wp-json\/wp\/v2\/media?parent=737965"}],"wp:term":[{"taxonomy":"product_brand","embeddable":true,"href":"https:\/\/roveyayinevi.com.tr\/index.php\/wp-json\/wp\/v2\/product_brand?post=737965"},{"taxonomy":"product_cat","embeddable":true,"href":"https:\/\/roveyayinevi.com.tr\/index.php\/wp-json\/wp\/v2\/product_cat?post=737965"},{"taxonomy":"product_tag","embeddable":true,"href":"https:\/\/roveyayinevi.com.tr\/index.php\/wp-json\/wp\/v2\/product_tag?post=737965"}],"curies":[{"name":"wp","href":"https:\/\/api.w.org\/{rel}","templated":true}]}}