{"id":737963,"date":"2025-08-27T23:39:36","date_gmt":"2025-08-27T20:39:36","guid":{"rendered":"https:\/\/roveyayinevi.com.tr\/index.php\/urun\/girisimcinin-el-kitabi\/"},"modified":"2026-04-16T02:47:45","modified_gmt":"2026-04-15T23:47:45","slug":"girisimcinin-el-kitabi","status":"publish","type":"product","link":"https:\/\/roveyayinevi.com.tr\/index.php\/urun\/girisimcinin-el-kitabi\/","title":{"rendered":"Giri\u015fimcinin El Kitab\u0131"},"content":{"rendered":"<p>Yeni \u0130\u015finizi Kurarken ve B\u00fcy\u00fct\u00fcrken \u0130htiyac\u0131n\u0131z Olan Her \u015eeyBir i\u015f hayaliniz ya da pazardaki bir ihtiyaca nas\u0131l cevap verece\u011finize dair bir fikriniz var veya bir i\u015f kurmak niyetindesiniz; bu durumda kuraca\u011f\u0131n\u0131z i\u015fletmenin ba\u015far\u0131ya ula\u015faca\u011f\u0131ndan nas\u0131l emin olabilirsiniz?Fikriniz, h\u0131zla b\u00fcy\u00fcyecek bir \u015firket kurmak veya ni\u015f bir alanda faaliyet g\u00f6sterecek g\u00fc\u00e7l\u00fc bir oyuncu olmak yahut evinize yak\u0131n bir yerde market kurmak olsa da y\u00fcr\u00fct\u00fclecek temel s\u00fcre\u00e7 ayn\u0131d\u0131r. \u0130yi bir ticari f\u0131rsat\u0131 g\u00f6rd\u00fc\u011f\u00fcn\u00fczde anlars\u0131n\u0131z ve \u015firket kurup idari veya teknik becerilerinizi kullan\u0131p insani ve finansal sermayenizi birle\u015ftirerek o f\u0131rsat\u0131 de\u011ferlendirmeye \u00e7al\u0131\u015f\u0131rs\u0131n\u0131z. Tabii ki hi\u00e7bir \u015fey bu kadar basit de\u011fildir. Giri\u015fimcilik maceras\u0131 s\u00fcrprizlerle doludur. Fikir \u00f6nemlidir ama bir f\u0131rsattan en iyi \u015fekilde yararlanman\u0131n yolu, giri\u015fimci taraf\u0131ndan hayata ge\u00e7irilmi\u015f kurumsal yap\u0131dan ge\u00e7er. Giri\u015fimcinin Elkitab\u0131 size, bu s\u00fcreci ayr\u0131nt\u0131s\u0131yla anlatmay\u0131 ama\u00e7l\u0131yor.Bu kitap giri\u015fimcili\u011fi, \u201cBen i\u015f kurabilecek biri miyim\u201d sorusundan ba\u015flay\u0131p ba\u015far\u0131l\u0131 bir i\u015f sahibi olunca sorulmas\u0131 gereken \u201cKurup b\u00fcy\u00fctt\u00fc\u011f\u00fcm bu \u015firketteki yat\u0131r\u0131m\u0131m\u0131 nas\u0131l nakde \u00e7evirir ve cebime koyar\u0131m\u201d sorusuna kadar, do\u011frusal bir \u00e7izgide anlat\u0131yor. Sizin ya\u015fayacaklar\u0131n\u0131z b\u00fcy\u00fck olas\u0131l\u0131kla buradaki basit \u00e7er\u00e7evelerden farkl\u0131 olacakt\u0131r. \u00c7\u00fcnk\u00fc giri\u015fimcilik s\u00fcreci, kendi i\u00e7inde tekrarlarla ilerleyen bir macerad\u0131r. Giri\u015fimcinin Elkitab\u0131\u2019nda, kar\u015f\u0131la\u015fma ihtimalinizin en y\u00fcksek oldu\u011fu sorunlara ve bunlar kar\u015f\u0131s\u0131nda uygulaman\u0131z gereken do\u011fru yakla\u015f\u0131mlara g\u00fczel bir genel bak\u0131\u015f sunuluyor.<\/p>\n","protected":false},"excerpt":{"rendered":"<p>Yeni \u0130\u015finizi Kurarken ve B\u00fcy\u00fct\u00fcrken \u0130htiyac\u0131n\u0131z Olan Her \u015eeyBir i\u015f hayaliniz ya da pazardaki bir ihtiyaca nas\u0131l cevap verece\u011finize dair bir fikriniz var veya bir i\u015f<span class=\"excerpt-hellip\"> [\u2026]<\/span><\/p>\n","protected":false},"featured_media":0,"template":"","meta":{"_monsterinsights_skip_tracking":false,"_monsterinsights_sitenote_active":false,"_monsterinsights_sitenote_note":"","_monsterinsights_sitenote_category":0},"product_brand":[],"product_cat":[13043,17647],"product_tag":[],"class_list":{"0":"post-737963","1":"product","2":"type-product","3":"status-publish","5":"product_cat-ekonomi","6":"product_cat-is-dunyasi","7":"pa_cilt-ciltsiz","8":"pa_tur-kitap","9":"pa_yayinevi-optimist-yayin-dagitim","10":"pa_yazar-harvard-business-review","12":"first","13":"instock","14":"sale","15":"shipping-taxable","16":"purchasable","17":"product-type-simple"},"_links":{"self":[{"href":"https:\/\/roveyayinevi.com.tr\/index.php\/wp-json\/wp\/v2\/product\/737963","targetHints":{"allow":["GET"]}}],"collection":[{"href":"https:\/\/roveyayinevi.com.tr\/index.php\/wp-json\/wp\/v2\/product"}],"about":[{"href":"https:\/\/roveyayinevi.com.tr\/index.php\/wp-json\/wp\/v2\/types\/product"}],"wp:attachment":[{"href":"https:\/\/roveyayinevi.com.tr\/index.php\/wp-json\/wp\/v2\/media?parent=737963"}],"wp:term":[{"taxonomy":"product_brand","embeddable":true,"href":"https:\/\/roveyayinevi.com.tr\/index.php\/wp-json\/wp\/v2\/product_brand?post=737963"},{"taxonomy":"product_cat","embeddable":true,"href":"https:\/\/roveyayinevi.com.tr\/index.php\/wp-json\/wp\/v2\/product_cat?post=737963"},{"taxonomy":"product_tag","embeddable":true,"href":"https:\/\/roveyayinevi.com.tr\/index.php\/wp-json\/wp\/v2\/product_tag?post=737963"}],"curies":[{"name":"wp","href":"https:\/\/api.w.org\/{rel}","templated":true}]}}