{"id":737961,"date":"2025-08-27T23:39:35","date_gmt":"2025-08-27T20:39:35","guid":{"rendered":"https:\/\/roveyayinevi.com.tr\/index.php\/urun\/etkileme-ve-ikna-duygusal-zeka\/"},"modified":"2026-04-16T02:47:45","modified_gmt":"2026-04-15T23:47:45","slug":"etkileme-ve-ikna-duygusal-zeka","status":"publish","type":"product","link":"https:\/\/roveyayinevi.com.tr\/index.php\/urun\/etkileme-ve-ikna-duygusal-zeka\/","title":{"rendered":"Etkileme ve \u0130kna &#8211; Duygusal Zeka"},"content":{"rendered":"<p>Duygusal Fark\u0131ndal\u0131\u011f\u0131n\u0131z\u0131 Art\u0131r\u0131nEtkileme ve \u0130kna, Nick Morgan\u2019\u0131n \u015fu c\u00fcmleleriyle ba\u015fl\u0131yor \u201cSessiz ama ne kadar konu\u015ftu\u011fundan ziyade ne s\u00f6yledi\u011fi \u00f6nemli olan insanlarla hepimiz kar\u015f\u0131la\u015fm\u0131\u015f\u0131zd\u0131r. Bunlar, sessizli\u011fi kullanarak nas\u0131l h\u00e2kimiyet kuraca\u011f\u0131n\u0131 bilen insanlard\u0131r. \u0130nsanlar\u0131 etkileyebilme g\u00fcc\u00fc, konu\u015fmay\u0131 yapan ki\u015fi olmaktan daha fazlas\u0131n\u0131 gerektirir.\u201d Bu kitap size daha fazlas\u0131n\u0131n neler oldu\u011funu g\u00f6steriyor.- Robert Cialdini- Michael D. Harris- Sue Liechti- Robert McKee\u0130\u015f Ya\u015fam\u0131n\u0131n \u0130nsani Yan\u0131 HBR Duygusal Zeka Serisi, Harvard Business Review sayfalar\u0131ndan i\u015f ya\u015fam\u0131n\u0131n insani yan\u0131 \u00fczerine bir okuma se\u00e7kisi sunuyor. Dizideki her kitap, duygular\u0131m\u0131z\u0131n i\u015f hayat\u0131m\u0131z\u0131 nas\u0131l etkiledi\u011fine, zor durumlarla ve zor insanlarla nas\u0131l ba\u015fa \u00e7\u0131kabilece\u011fimize, i\u015fyerindeki mutlulu\u011fa y\u00f6nelmenin ne anlama geldi\u011fine dair ilham veren denemelere ve ara\u015ft\u0131rmalara yer veriyor. Yapay zekan\u0131n ve robotlar\u0131n her alanda geli\u015fmesi ve bir tehdit olarak alg\u0131lanmas\u0131na kar\u015f\u0131n, bizi biz yapan insani \u00f6zelliklerimizin g\u00fcc\u00fcnden faydalanmay\u0131 \u00f6\u011fretiyor. Hem keyifli ve hem de pratik olan bu kitaplar, profesyonellere ustala\u015fmak i\u00e7in kritik olan sosyal becerilerin neler oldu\u011funu anlat\u0131yor.Sayg\u0131lar\u0131m\u0131zla<\/p>\n","protected":false},"excerpt":{"rendered":"<p>Duygusal Fark\u0131ndal\u0131\u011f\u0131n\u0131z\u0131 Art\u0131r\u0131nEtkileme ve \u0130kna, Nick Morgan\u2019\u0131n \u015fu c\u00fcmleleriyle ba\u015fl\u0131yor \u201cSessiz ama ne kadar konu\u015ftu\u011fundan ziyade ne s\u00f6yledi\u011fi \u00f6nemli olan insanlarla hepimiz kar\u015f\u0131la\u015fm\u0131\u015f\u0131zd\u0131r. Bunlar, sessizli\u011fi kullanarak<span class=\"excerpt-hellip\"> [\u2026]<\/span><\/p>\n","protected":false},"featured_media":0,"template":"","meta":{"_monsterinsights_skip_tracking":false,"_monsterinsights_sitenote_active":false,"_monsterinsights_sitenote_note":"","_monsterinsights_sitenote_category":0},"product_brand":[],"product_cat":[13043,17647],"product_tag":[],"class_list":{"0":"post-737961","1":"product","2":"type-product","3":"status-publish","5":"product_cat-ekonomi","6":"product_cat-is-dunyasi","7":"pa_cilt-ciltsiz","8":"pa_tur-kitap","9":"pa_yayinevi-optimist-yayin-dagitim","10":"pa_yazar-harvard-business-review","12":"first","13":"instock","14":"sale","15":"shipping-taxable","16":"purchasable","17":"product-type-simple"},"_links":{"self":[{"href":"https:\/\/roveyayinevi.com.tr\/index.php\/wp-json\/wp\/v2\/product\/737961","targetHints":{"allow":["GET"]}}],"collection":[{"href":"https:\/\/roveyayinevi.com.tr\/index.php\/wp-json\/wp\/v2\/product"}],"about":[{"href":"https:\/\/roveyayinevi.com.tr\/index.php\/wp-json\/wp\/v2\/types\/product"}],"wp:attachment":[{"href":"https:\/\/roveyayinevi.com.tr\/index.php\/wp-json\/wp\/v2\/media?parent=737961"}],"wp:term":[{"taxonomy":"product_brand","embeddable":true,"href":"https:\/\/roveyayinevi.com.tr\/index.php\/wp-json\/wp\/v2\/product_brand?post=737961"},{"taxonomy":"product_cat","embeddable":true,"href":"https:\/\/roveyayinevi.com.tr\/index.php\/wp-json\/wp\/v2\/product_cat?post=737961"},{"taxonomy":"product_tag","embeddable":true,"href":"https:\/\/roveyayinevi.com.tr\/index.php\/wp-json\/wp\/v2\/product_tag?post=737961"}],"curies":[{"name":"wp","href":"https:\/\/api.w.org\/{rel}","templated":true}]}}