{"id":737960,"date":"2025-08-27T23:39:34","date_gmt":"2025-08-27T20:39:34","guid":{"rendered":"https:\/\/roveyayinevi.com.tr\/index.php\/urun\/empati-duygusal-zeka\/"},"modified":"2026-04-03T02:53:18","modified_gmt":"2026-04-02T23:53:18","slug":"empati-duygusal-zeka","status":"publish","type":"product","link":"https:\/\/roveyayinevi.com.tr\/index.php\/urun\/empati-duygusal-zeka\/","title":{"rendered":"Empati &#8211; Duygusal Zeka"},"content":{"rendered":"<p>Empati, ili\u015fkilerde ve \u00fcr\u00fcn geli\u015ftirmede daha iyi olabilmek i\u00e7in \u00f6nemli bir fakt\u00f6rd\u00fcr. Ama s\u00f6ylemesi kolay olsa da kendini ba\u015fkas\u0131n\u0131n yerine koymak, onun duygular\u0131n\u0131 ve motivasyonunu anlamak genellikle o kadar kolay olmaz.Bu kitap empatiyi ve neden bu kadar \u00f6nemli oldu\u011funu kavraman\u0131za, empati kuramaman\u0131za neden olan engelleri a\u015fabilmenize ve empatinin ne zaman a\u015f\u0131r\u0131ya ka\u00e7t\u0131\u011f\u0131n\u0131 anlaman\u0131za yard\u0131m ediyor.Daniel GolemanAnnie McKeeAdam Waytz\u0130\u015f ya\u015fam\u0131nda nas\u0131l insanc\u0131l olunur?HBR Duygusal Zek\u00e2 Serisi, Harward Business Review sayfalar\u0131ndan profesyonel ya\u015fam\u0131n insani taraf\u0131 \u00fczerine ak\u0131ll\u0131 ve esasl\u0131 bir okuma se\u00e7kisi sunuyor. Dizideki her kitap, duygular\u0131m\u0131z\u0131n i\u015f hayat\u0131m\u0131z\u0131 nas\u0131l etkiledi\u011fine, zor durumlarla ve zor insanlarla nas\u0131l ba\u015fa \u00e7\u0131kabilece\u011fimize, i\u015fyerindeki mutlulu\u011fa y\u00f6nelmenin ne anlama geldi\u011fine dair ilham veren denemelere ve ara\u015ft\u0131rmalara yer veriyor. Hem keyifli ve hem de pratik olan bu kitaplar, istekli profesyonellere ustala\u015fmak i\u00e7in kritik olan sosyal becerilerin neler oldu\u011funu anlat\u0131yor.<\/p>\n","protected":false},"excerpt":{"rendered":"<p>Empati, ili\u015fkilerde ve \u00fcr\u00fcn geli\u015ftirmede daha iyi olabilmek i\u00e7in \u00f6nemli bir fakt\u00f6rd\u00fcr. Ama s\u00f6ylemesi kolay olsa da kendini ba\u015fkas\u0131n\u0131n yerine koymak, onun duygular\u0131n\u0131 ve motivasyonunu anlamak<span class=\"excerpt-hellip\"> [\u2026]<\/span><\/p>\n","protected":false},"featured_media":0,"template":"","meta":{"_monsterinsights_skip_tracking":false,"_monsterinsights_sitenote_active":false,"_monsterinsights_sitenote_note":"","_monsterinsights_sitenote_category":0},"product_brand":[],"product_cat":[12364,12376],"product_tag":[],"class_list":{"0":"post-737960","1":"product","2":"type-product","3":"status-publish","5":"product_cat-genel-konular","6":"product_cat-kisisel-gelisim","7":"pa_cilt-ciltsiz","8":"pa_tur-kitap","9":"pa_yayinevi-optimist-yayin-dagitim","10":"pa_yazar-harvard-business-review","12":"first","13":"instock","14":"sale","15":"shipping-taxable","16":"purchasable","17":"product-type-simple"},"_links":{"self":[{"href":"https:\/\/roveyayinevi.com.tr\/index.php\/wp-json\/wp\/v2\/product\/737960","targetHints":{"allow":["GET"]}}],"collection":[{"href":"https:\/\/roveyayinevi.com.tr\/index.php\/wp-json\/wp\/v2\/product"}],"about":[{"href":"https:\/\/roveyayinevi.com.tr\/index.php\/wp-json\/wp\/v2\/types\/product"}],"wp:attachment":[{"href":"https:\/\/roveyayinevi.com.tr\/index.php\/wp-json\/wp\/v2\/media?parent=737960"}],"wp:term":[{"taxonomy":"product_brand","embeddable":true,"href":"https:\/\/roveyayinevi.com.tr\/index.php\/wp-json\/wp\/v2\/product_brand?post=737960"},{"taxonomy":"product_cat","embeddable":true,"href":"https:\/\/roveyayinevi.com.tr\/index.php\/wp-json\/wp\/v2\/product_cat?post=737960"},{"taxonomy":"product_tag","embeddable":true,"href":"https:\/\/roveyayinevi.com.tr\/index.php\/wp-json\/wp\/v2\/product_tag?post=737960"}],"curies":[{"name":"wp","href":"https:\/\/api.w.org\/{rel}","templated":true}]}}