{"id":737959,"date":"2025-08-27T23:39:33","date_gmt":"2025-08-27T20:39:33","guid":{"rendered":"https:\/\/roveyayinevi.com.tr\/index.php\/urun\/ceviklik\/"},"modified":"2026-04-16T02:47:45","modified_gmt":"2026-04-15T23:47:45","slug":"ceviklik","status":"publish","type":"product","link":"https:\/\/roveyayinevi.com.tr\/index.php\/urun\/ceviklik\/","title":{"rendered":"\u00c7eviklik"},"content":{"rendered":"<p>\u00c7eviklik, ekibinizin verimlili\u011fini ve \u00e7al\u0131\u015fan memnuniyetini art\u0131r\u0131yor. Verimsiz toplant\u0131larla, s\u00fcrekli yinelenen planlamalarla, kalite kusurlar\u0131yla, d\u00fc\u015f\u00fck de\u011ferli \u00fcr\u00fcn \u00f6zellikleriyle harcanan zaman\u0131 minimuma indiriyor. M\u00fc\u015fterinin de\u011fi\u015fen \u00f6nceliklerine ayak uydurman\u0131z\u0131 sa\u011flayarak ba\u011fl\u0131l\u0131k ve memnuniyetin artmas\u0131na ve risklerin azalmas\u0131na yard\u0131mc\u0131 oluyor. Organizasyonunuz ya da ekibiniz \u00e7evik y\u00f6ntemlerden nas\u0131l yararlanabilir? \u00c7eviklik size, organizasyonunuzun \u00e7evik uygulamalar\u0131 benimsemesi ya da yayg\u0131nla\u015ft\u0131rmas\u0131 i\u00e7in ihtiya\u00e7 duyaca\u011f\u0131n\u0131z temel anlay\u0131\u015f\u0131 sunmay\u0131, konuyla ilgili kavramlar\u0131 netle\u015ftirmeyi ve kendinizi geli\u015ftirmenizi sa\u011flayacak altyap\u0131y\u0131 olu\u015fturmay\u0131 ama\u00e7l\u0131yor.- Peter Capelli- Rob Cross- Phil Simon\u015eirketinizin gelece\u011fini \u015fekillendirecek konulara dair yakla\u015f\u0131m\u0131n\u0131z\u0131 geli\u015ftirmeye ve fikirlerinizi derinle\u015ftirmeye yard\u0131mc\u0131 oluyor.Harvard Business Review\u2019un blok zinciri, siber g\u00fcvenlik, yapay zek\u00e2, liderlik ve toparlanma gibi h\u0131zla de\u011fi\u015fen ve gelece\u011fi \u015fekillendiren konularla ilgili haz\u0131rlad\u0131\u011f\u0131 kitaplar, organizasyonlar\u0131 bug\u00fcn\u00fcn rekabet ko\u015fullar\u0131na ve yar\u0131na haz\u0131rlayacak en iyi ara\u015ft\u0131rmalara, r\u00f6portaj ve analizlere yer veriyor; uygulamaya y\u00f6nelik \u00f6neriler sunuyor.<\/p>\n","protected":false},"excerpt":{"rendered":"<p>\u00c7eviklik, ekibinizin verimlili\u011fini ve \u00e7al\u0131\u015fan memnuniyetini art\u0131r\u0131yor. Verimsiz toplant\u0131larla, s\u00fcrekli yinelenen planlamalarla, kalite kusurlar\u0131yla, d\u00fc\u015f\u00fck de\u011ferli \u00fcr\u00fcn \u00f6zellikleriyle harcanan zaman\u0131 minimuma indiriyor. M\u00fc\u015fterinin de\u011fi\u015fen \u00f6nceliklerine ayak<span class=\"excerpt-hellip\"> [\u2026]<\/span><\/p>\n","protected":false},"featured_media":0,"template":"","meta":{"_monsterinsights_skip_tracking":false,"_monsterinsights_sitenote_active":false,"_monsterinsights_sitenote_note":"","_monsterinsights_sitenote_category":0},"product_brand":[],"product_cat":[13043,17647],"product_tag":[],"class_list":{"0":"post-737959","1":"product","2":"type-product","3":"status-publish","5":"product_cat-ekonomi","6":"product_cat-is-dunyasi","7":"pa_cilt-ciltsiz","8":"pa_tur-kitap","9":"pa_yayinevi-optimist-yayin-dagitim","10":"pa_yazar-harvard-business-review","12":"first","13":"instock","14":"sale","15":"shipping-taxable","16":"purchasable","17":"product-type-simple"},"_links":{"self":[{"href":"https:\/\/roveyayinevi.com.tr\/index.php\/wp-json\/wp\/v2\/product\/737959","targetHints":{"allow":["GET"]}}],"collection":[{"href":"https:\/\/roveyayinevi.com.tr\/index.php\/wp-json\/wp\/v2\/product"}],"about":[{"href":"https:\/\/roveyayinevi.com.tr\/index.php\/wp-json\/wp\/v2\/types\/product"}],"wp:attachment":[{"href":"https:\/\/roveyayinevi.com.tr\/index.php\/wp-json\/wp\/v2\/media?parent=737959"}],"wp:term":[{"taxonomy":"product_brand","embeddable":true,"href":"https:\/\/roveyayinevi.com.tr\/index.php\/wp-json\/wp\/v2\/product_brand?post=737959"},{"taxonomy":"product_cat","embeddable":true,"href":"https:\/\/roveyayinevi.com.tr\/index.php\/wp-json\/wp\/v2\/product_cat?post=737959"},{"taxonomy":"product_tag","embeddable":true,"href":"https:\/\/roveyayinevi.com.tr\/index.php\/wp-json\/wp\/v2\/product_tag?post=737959"}],"curies":[{"name":"wp","href":"https:\/\/api.w.org\/{rel}","templated":true}]}}