{"id":737957,"date":"2025-08-27T23:39:31","date_gmt":"2025-08-27T20:39:31","guid":{"rendered":"https:\/\/roveyayinevi.com.tr\/index.php\/urun\/bizim-gezegen\/"},"modified":"2026-04-16T02:47:45","modified_gmt":"2026-04-15T23:47:45","slug":"bizim-gezegen","status":"publish","type":"product","link":"https:\/\/roveyayinevi.com.tr\/index.php\/urun\/bizim-gezegen\/","title":{"rendered":"Bizim Gezegen"},"content":{"rendered":"<p>\u0130klim ile hava aras\u0131ndaki fark\u0131, iklimin ne oldu\u011funu, tarih boyunca nas\u0131l de\u011fi\u015fti\u011fini, \u015fimdilerde de\u011fi\u015fikli\u011fi h\u0131zland\u0131ran insan faaliyetlerinin neler oldu\u011funu, bunun etkilerini \u00f6\u011frenecek ve bu arada hem sorular yan\u0131tlay\u0131p bilmece \u00e7\u00f6zecek hem de deneyler yapacaks\u0131n\u0131z.<\/p>\n","protected":false},"excerpt":{"rendered":"<p>\u0130klim ile hava aras\u0131ndaki fark\u0131, iklimin ne oldu\u011funu, tarih boyunca nas\u0131l de\u011fi\u015fti\u011fini, \u015fimdilerde de\u011fi\u015fikli\u011fi h\u0131zland\u0131ran insan faaliyetlerinin neler oldu\u011funu, bunun etkilerini \u00f6\u011frenecek ve bu arada hem<span class=\"excerpt-hellip\"> [\u2026]<\/span><\/p>\n","protected":false},"featured_media":0,"template":"","meta":{"_monsterinsights_skip_tracking":false,"_monsterinsights_sitenote_active":false,"_monsterinsights_sitenote_note":"","_monsterinsights_sitenote_category":0},"product_brand":[],"product_cat":[12274,12518],"product_tag":[],"class_list":{"0":"post-737957","1":"product","2":"type-product","3":"status-publish","5":"product_cat-cocuk-ve-genclik-kitaplari","6":"product_cat-okul-oncesi-kitaplar","7":"pa_cilt-ciltsiz","8":"pa_tur-kitap","9":"pa_yayinevi-optimist-yayin-dagitim","10":"pa_yazar-ayse-bilge-dicleli","12":"first","13":"instock","14":"sale","15":"shipping-taxable","16":"purchasable","17":"product-type-simple"},"_links":{"self":[{"href":"https:\/\/roveyayinevi.com.tr\/index.php\/wp-json\/wp\/v2\/product\/737957","targetHints":{"allow":["GET"]}}],"collection":[{"href":"https:\/\/roveyayinevi.com.tr\/index.php\/wp-json\/wp\/v2\/product"}],"about":[{"href":"https:\/\/roveyayinevi.com.tr\/index.php\/wp-json\/wp\/v2\/types\/product"}],"wp:attachment":[{"href":"https:\/\/roveyayinevi.com.tr\/index.php\/wp-json\/wp\/v2\/media?parent=737957"}],"wp:term":[{"taxonomy":"product_brand","embeddable":true,"href":"https:\/\/roveyayinevi.com.tr\/index.php\/wp-json\/wp\/v2\/product_brand?post=737957"},{"taxonomy":"product_cat","embeddable":true,"href":"https:\/\/roveyayinevi.com.tr\/index.php\/wp-json\/wp\/v2\/product_cat?post=737957"},{"taxonomy":"product_tag","embeddable":true,"href":"https:\/\/roveyayinevi.com.tr\/index.php\/wp-json\/wp\/v2\/product_tag?post=737957"}],"curies":[{"name":"wp","href":"https:\/\/api.w.org\/{rel}","templated":true}]}}