{"id":737952,"date":"2025-08-27T23:39:27","date_gmt":"2025-08-27T20:39:27","guid":{"rendered":"https:\/\/roveyayinevi.com.tr\/index.php\/urun\/findiklarini-arayan-sincap\/"},"modified":"2026-04-16T02:47:45","modified_gmt":"2026-04-15T23:47:45","slug":"findiklarini-arayan-sincap","status":"publish","type":"product","link":"https:\/\/roveyayinevi.com.tr\/index.php\/urun\/findiklarini-arayan-sincap\/","title":{"rendered":"F\u0131nd\u0131klar\u0131n\u0131 Arayan Sincap"},"content":{"rendered":"<p>G\u00fcnlerden bir g\u00fcn saklad\u0131\u011f\u0131 f\u0131nd\u0131klar\u0131 bulamayan sincap, en yak\u0131n arkada\u015f\u0131ndan yard\u0131m ister. Birlikte a\u011fa\u00e7 sakinlerine kaybolan f\u0131nd\u0131klar\u0131 sorarlar. A\u011fa\u00e7kakanla ormana bakarlar, kurba\u011fayla g\u00f6le giderler, k\u00f6stebekle yerin alt\u0131na inerler. Sincap f\u0131nd\u0131klar\u0131 ararken do\u011fan\u0131n g\u00fczelliklerini de ke\u015ffeder\u2026 Bir a\u011fa\u00e7ta uyum i\u00e7inde ya\u015fayan hayvanlar\u0131n dostluk \u00f6yk\u00fcs\u00fc\u2026 Sayfalarda gizlenmi\u015f f\u0131nd\u0131klar\u0131 bulabilir misin? <\/p>\n","protected":false},"excerpt":{"rendered":"<p>G\u00fcnlerden bir g\u00fcn saklad\u0131\u011f\u0131 f\u0131nd\u0131klar\u0131 bulamayan sincap, en yak\u0131n arkada\u015f\u0131ndan yard\u0131m ister. Birlikte a\u011fa\u00e7 sakinlerine kaybolan f\u0131nd\u0131klar\u0131 sorarlar. A\u011fa\u00e7kakanla ormana bakarlar, kurba\u011fayla g\u00f6le giderler, k\u00f6stebekle yerin<span class=\"excerpt-hellip\"> [\u2026]<\/span><\/p>\n","protected":false},"featured_media":0,"template":"","meta":{"_monsterinsights_skip_tracking":false,"_monsterinsights_sitenote_active":false,"_monsterinsights_sitenote_note":"","_monsterinsights_sitenote_category":0},"product_brand":[],"product_cat":[12274,12284],"product_tag":[],"class_list":{"0":"post-737952","1":"product","2":"type-product","3":"status-publish","5":"product_cat-cocuk-ve-genclik-kitaplari","6":"product_cat-hikayeler","7":"pa_cilt-ciltsiz","8":"pa_tur-kitap","9":"pa_yayinevi-is-bankasi-kultur-yayinlari","10":"pa_yazar-jorg-hilbert","12":"first","13":"instock","14":"sale","15":"shipping-taxable","16":"purchasable","17":"product-type-simple"},"_links":{"self":[{"href":"https:\/\/roveyayinevi.com.tr\/index.php\/wp-json\/wp\/v2\/product\/737952","targetHints":{"allow":["GET"]}}],"collection":[{"href":"https:\/\/roveyayinevi.com.tr\/index.php\/wp-json\/wp\/v2\/product"}],"about":[{"href":"https:\/\/roveyayinevi.com.tr\/index.php\/wp-json\/wp\/v2\/types\/product"}],"wp:attachment":[{"href":"https:\/\/roveyayinevi.com.tr\/index.php\/wp-json\/wp\/v2\/media?parent=737952"}],"wp:term":[{"taxonomy":"product_brand","embeddable":true,"href":"https:\/\/roveyayinevi.com.tr\/index.php\/wp-json\/wp\/v2\/product_brand?post=737952"},{"taxonomy":"product_cat","embeddable":true,"href":"https:\/\/roveyayinevi.com.tr\/index.php\/wp-json\/wp\/v2\/product_cat?post=737952"},{"taxonomy":"product_tag","embeddable":true,"href":"https:\/\/roveyayinevi.com.tr\/index.php\/wp-json\/wp\/v2\/product_tag?post=737952"}],"curies":[{"name":"wp","href":"https:\/\/api.w.org\/{rel}","templated":true}]}}