{"id":737946,"date":"2025-08-27T23:39:20","date_gmt":"2025-08-27T20:39:20","guid":{"rendered":"https:\/\/roveyayinevi.com.tr\/index.php\/urun\/dolambac\/"},"modified":"2026-04-11T14:06:37","modified_gmt":"2026-04-11T11:06:37","slug":"dolambac","status":"publish","type":"product","link":"https:\/\/roveyayinevi.com.tr\/index.php\/urun\/dolambac\/","title":{"rendered":"Dolamba\u00e7"},"content":{"rendered":"<p>\u201cKa\u00e7\u0131nc\u0131 kezdir zaman\u0131n \u00f6n\u00fcne ge\u00e7meye \u00e7al\u0131\u015f\u0131yoruz, fakat hep o bizi arkas\u0131nda b\u0131rak\u0131yor, zaman kendi ba\u015f\u0131na bir anlama sahip de\u011fil, onun ba\u015f\u0131bo\u015f bir gidi\u015fi var. Irmak s\u00f6yle\u015fi hep zaman aral\u0131klar\u0131nda ertelene ertelene savruldu. \u00d6zya\u015fam\u00f6yk\u00fcs\u00fc ona tam yakla\u015ft\u0131\u011f\u0131m\u0131z s\u0131rada \u00f6zs\u00fcz kald\u0131. Onun yerine Dolamba\u00e7\u2019\u0131 yazd\u0131m ve h\u00e2l\u00e2 da yaz\u0131yorum. Dolamba\u00e7 benim \u00f6zya\u015fam kurgumdur. Dolamba\u00e7 ya\u015fam ile kurgu aras\u0131nda cereyan eden bir romand\u0131r. Ya\u015fam kurguya dolan\u0131r, kurgu ise ancak b\u00f6yle yaz\u0131l\u0131r. Ya\u015fam benim ya\u015fam\u0131m; ona g\u00f6ndermelerim kurgusal, \u00e7\u00fcnk\u00fc yaln\u0131z \u015fimdiye kadar olan bitenle de\u011fil, olanaklar\u0131mla da bu ya\u015fam benim oluyor. Dolamba\u00e7 bitmeyen bir romand\u0131r. Yaln\u0131zca ters y\u00fcz olur. Vakti gelince bilinmeyen bir i\u015faretin i\u00e7inde kaybolur.\u201d <\/p>\n","protected":false},"excerpt":{"rendered":"<p>\u201cKa\u00e7\u0131nc\u0131 kezdir zaman\u0131n \u00f6n\u00fcne ge\u00e7meye \u00e7al\u0131\u015f\u0131yoruz, fakat hep o bizi arkas\u0131nda b\u0131rak\u0131yor, zaman kendi ba\u015f\u0131na bir anlama sahip de\u011fil, onun ba\u015f\u0131bo\u015f bir gidi\u015fi var. Irmak s\u00f6yle\u015fi<span class=\"excerpt-hellip\"> [\u2026]<\/span><\/p>\n","protected":false},"featured_media":0,"template":"","meta":{"_monsterinsights_skip_tracking":false,"_monsterinsights_sitenote_active":false,"_monsterinsights_sitenote_note":"","_monsterinsights_sitenote_category":0},"product_brand":[],"product_cat":[12291,12711],"product_tag":[],"class_list":{"0":"post-737946","1":"product","2":"type-product","3":"status-publish","5":"product_cat-edebiyat","6":"product_cat-roman-oyku","7":"pa_cilt-ciltsiz","8":"pa_tur-kitap","9":"pa_yayinevi-is-bankasi-kultur-yayinlari","10":"pa_yazar-onay-sozer","12":"first","13":"instock","14":"sale","15":"shipping-taxable","16":"purchasable","17":"product-type-simple"},"_links":{"self":[{"href":"https:\/\/roveyayinevi.com.tr\/index.php\/wp-json\/wp\/v2\/product\/737946","targetHints":{"allow":["GET"]}}],"collection":[{"href":"https:\/\/roveyayinevi.com.tr\/index.php\/wp-json\/wp\/v2\/product"}],"about":[{"href":"https:\/\/roveyayinevi.com.tr\/index.php\/wp-json\/wp\/v2\/types\/product"}],"wp:attachment":[{"href":"https:\/\/roveyayinevi.com.tr\/index.php\/wp-json\/wp\/v2\/media?parent=737946"}],"wp:term":[{"taxonomy":"product_brand","embeddable":true,"href":"https:\/\/roveyayinevi.com.tr\/index.php\/wp-json\/wp\/v2\/product_brand?post=737946"},{"taxonomy":"product_cat","embeddable":true,"href":"https:\/\/roveyayinevi.com.tr\/index.php\/wp-json\/wp\/v2\/product_cat?post=737946"},{"taxonomy":"product_tag","embeddable":true,"href":"https:\/\/roveyayinevi.com.tr\/index.php\/wp-json\/wp\/v2\/product_tag?post=737946"}],"curies":[{"name":"wp","href":"https:\/\/api.w.org\/{rel}","templated":true}]}}