{"id":737939,"date":"2025-08-27T23:39:11","date_gmt":"2025-08-27T20:39:11","guid":{"rendered":"https:\/\/roveyayinevi.com.tr\/index.php\/urun\/anti-kanser-yasam-ve-beslenme\/"},"modified":"2026-04-16T02:47:44","modified_gmt":"2026-04-15T23:47:44","slug":"anti-kanser-yasam-ve-beslenme","status":"publish","type":"product","link":"https:\/\/roveyayinevi.com.tr\/index.php\/urun\/anti-kanser-yasam-ve-beslenme\/","title":{"rendered":"Anti Kanser Ya\u015fam ve Beslenme"},"content":{"rendered":"<p>\u201c\u015eimdi umutlar\u0131m\u0131z ilerleyen teknolojinin, d\u00fcnyan\u0131n yaralar\u0131n\u0131 sarabilmesinde ve mevcut sistemlerin s\u00fcrd\u00fcr\u00fclebilir sistemlerle de\u011fi\u015ftirilmesinde. Bir umudumuz daha var ki o da bizleriz. Bizim i\u00e7inde bulundu\u011fumuz durumu t\u00fcm ger\u00e7ekleri ile fark edip harekete ge\u00e7memiz gerekiyor. Bu \u015fekilde kanser dahil pek \u00e7ok hastal\u0131\u011f\u0131 yenebilir, gelecek nesillere g\u00fczel bir d\u00fcnya b\u0131rakabiliriz.\u201d \u2013 Dr. Sevil \u00d6z   \u201cYa\u015fam\u0131n\u0131 insan ve do\u011fan\u0131n sa\u011fl\u0131\u011f\u0131na adayan sevgili kuzinim Dr. Sevil \u00d6z, d\u00fcnyam\u0131z ve bizler i\u00e7in \u00e7ok faydal\u0131 bir eser ortaya koymu\u015f. Kitab\u0131nda gezegenimiz hastaland\u0131k\u00e7a, bizim de ba\u015fta kanser olmak \u00fczere pek \u00e7ok hastal\u0131\u011fa maruz kald\u0131\u011f\u0131m\u0131z\u0131, k\u00fcresel \u0131s\u0131nman\u0131n yaratt\u0131\u011f\u0131 bu d\u00f6ng\u00fcy\u00fc bozup iyile\u015febilmemiz i\u00e7in yapmam\u0131z gerekenleri anlat\u0131yor. D\u00fcnyam\u0131z ile dost olarak sa\u011fl\u0131\u011f\u0131m\u0131za nas\u0131l kavu\u015fabilece\u011fimiz ve gelecek nesillere nas\u0131l daha iyi bir ya\u015fam sunabilece\u011fimizle ilgili bilimsel verileri \u00e7ok anla\u015f\u0131l\u0131r bir dille sunan bu kitap i\u00e7in kendisini kutluyorum.\u201d \u2013 Prof. Dr. Mehmet \u00d6z   \u201cDr. Sevil \u00d6z, de\u011ferli bir hekim, azimli ve \u00e7al\u0131\u015fkan bir ki\u015fidir. Kendisini asistan doktorken tan\u0131d\u0131m ve Cerrahpa\u015fa T\u0131p Fak\u00fcltesi\u2019nde birlikte \u00e7al\u0131\u015fma f\u0131rsat\u0131m\u0131z oldu. O s\u0131ralarda genel cerrahi asistan\u0131yd\u0131, daha sonra ise gerek\u00e7elerini kitab\u0131nda belirtti\u011fi gibi meme kanseri ile u\u011fra\u015fmaya ba\u015flad\u0131. Hatta bu konuda ilk kitab\u0131n\u0131 yazd\u0131. Elinizdeki bu kitap Dr. Sevil \u00d6z\u2019\u00fcn ikinci kitab\u0131d\u0131r. Asr\u0131n hastal\u0131\u011f\u0131 olan kanserden korunma i\u00e7in hayat tarz\u0131n\u0131 nas\u0131l de\u011fi\u015ftirmek gerekti\u011fi, beslenme ve sa\u011fl\u0131kl\u0131 ya\u015fam i\u00e7in spor, yoga, meditasyon gibi \u00f6nerileri i\u00e7eren olduk\u00e7a kapsaml\u0131 ve kan\u0131ta dayal\u0131 bir eserdir. Hepimiz i\u00e7in e\u011fitici ve \u00f6\u011fretici bir eser ortaya \u00e7\u0131km\u0131\u015ft\u0131r. G\u00fcnl\u00fck ya\u015fant\u0131m\u0131za dokunaca\u011f\u0131na, her okuyucunun kendine gerekli bir bilgi bulaca\u011f\u0131na inan\u0131yorum. Hepimize sa\u011fl\u0131kl\u0131 bir ya\u015fam diliyorum.\u201d \u2013 Prof. Dr. Nil Molinas Mandel   \u201cFarkl\u0131 bir kitap, son sat\u0131r\u0131na kadar dolu dolu, geni\u015f bir a\u00e7\u0131, yal\u0131n bir anlat\u0131m, kucaklayan bir ifade&#8230; Dr. Sevil \u00d6z\u2019\u00fcn bu kitab\u0131nda t\u00fcm ya\u015fam alanlar\u0131n\u0131 ve gelece\u011fimizi tehdit eden unsurlar\u0131n boyutunu ortaya koyarak, kendisine, k\u0131zlar\u0131na ve gelecek nesillere olan sorumlulu\u011funu yerine getirdi\u011fini d\u00fc\u015f\u00fcn\u00fcyorum.\u201d \u2013 Prof. Dr. \u015eehnaz Karadeniz <\/p>\n","protected":false},"excerpt":{"rendered":"<p>\u201c\u015eimdi umutlar\u0131m\u0131z ilerleyen teknolojinin, d\u00fcnyan\u0131n yaralar\u0131n\u0131 sarabilmesinde ve mevcut sistemlerin s\u00fcrd\u00fcr\u00fclebilir sistemlerle de\u011fi\u015ftirilmesinde. Bir umudumuz daha var ki o da bizleriz. Bizim i\u00e7inde bulundu\u011fumuz durumu t\u00fcm<span class=\"excerpt-hellip\"> [\u2026]<\/span><\/p>\n","protected":false},"featured_media":0,"template":"","meta":{"_monsterinsights_skip_tracking":false,"_monsterinsights_sitenote_active":false,"_monsterinsights_sitenote_note":"","_monsterinsights_sitenote_category":0},"product_brand":[],"product_cat":[13402,13365],"product_tag":[],"class_list":{"0":"post-737939","1":"product","2":"type-product","3":"status-publish","5":"product_cat-beslenme-ve-diyet","6":"product_cat-saglik","7":"pa_cilt-ciltsiz","8":"pa_tur-kitap","9":"pa_yayinevi-destek-yayinlari","10":"pa_yazar-sevil-oz","12":"first","13":"instock","14":"sale","15":"shipping-taxable","16":"purchasable","17":"product-type-simple"},"_links":{"self":[{"href":"https:\/\/roveyayinevi.com.tr\/index.php\/wp-json\/wp\/v2\/product\/737939","targetHints":{"allow":["GET"]}}],"collection":[{"href":"https:\/\/roveyayinevi.com.tr\/index.php\/wp-json\/wp\/v2\/product"}],"about":[{"href":"https:\/\/roveyayinevi.com.tr\/index.php\/wp-json\/wp\/v2\/types\/product"}],"wp:attachment":[{"href":"https:\/\/roveyayinevi.com.tr\/index.php\/wp-json\/wp\/v2\/media?parent=737939"}],"wp:term":[{"taxonomy":"product_brand","embeddable":true,"href":"https:\/\/roveyayinevi.com.tr\/index.php\/wp-json\/wp\/v2\/product_brand?post=737939"},{"taxonomy":"product_cat","embeddable":true,"href":"https:\/\/roveyayinevi.com.tr\/index.php\/wp-json\/wp\/v2\/product_cat?post=737939"},{"taxonomy":"product_tag","embeddable":true,"href":"https:\/\/roveyayinevi.com.tr\/index.php\/wp-json\/wp\/v2\/product_tag?post=737939"}],"curies":[{"name":"wp","href":"https:\/\/api.w.org\/{rel}","templated":true}]}}