{"id":737938,"date":"2025-08-27T23:39:10","date_gmt":"2025-08-27T20:39:10","guid":{"rendered":"https:\/\/roveyayinevi.com.tr\/index.php\/urun\/neden-kanim-akar\/"},"modified":"2026-02-25T02:58:21","modified_gmt":"2026-02-24T23:58:21","slug":"neden-kanim-akar","status":"publish","type":"product","link":"https:\/\/roveyayinevi.com.tr\/index.php\/urun\/neden-kanim-akar\/","title":{"rendered":"Neden Kan\u0131m Akar?"},"content":{"rendered":"<p>NEDEN KANIM AKAR? \/ NEDEN SER\u0130S\u0130   Sabri \u00dclker Vakf\u0131 Yay\u0131nlar\u0131 taraf\u0131ndan haz\u0131rlanan Neden Kan\u0131m Akar? \u2013 Neden Serisi, \u00e7ocuklar\u0131 okul \u00f6ncesi e\u011fitime al\u0131\u015ft\u0131rmak, \u00f6\u011frenim ve motor becerilerini geli\u015ftirmek i\u00e7in yay\u0131mlanm\u0131\u015ft\u0131r. \u00c7ocuklar\u0131n merak etti\u011fi bir\u00e7ok soruya cevap veren Neden Serisi kitaplar\u0131, e\u011fitici olmas\u0131n\u0131n yan\u0131 s\u0131ra hareketli tasar\u0131m\u0131 sayesinde \u00e7ocuklara kitap okuma al\u0131\u015fkanl\u0131\u011f\u0131 kazand\u0131r\u0131yor.   Derin s\u0131yr\u0131ld\u0131\u011f\u0131nda veya kesildi\u011finde g\u00f6rd\u00fc\u011f\u00fcn k\u0131rm\u0131z\u0131 \u015feyler kand\u0131r. Kan \u00e7ok \u00f6nemlidir ve derinin alt\u0131nda kalmas\u0131 gerekir? Kan nedir ve ne i\u015fe yarar? Kan\u0131nda ne var? Dola\u015f\u0131m sistemi nas\u0131l \u00e7al\u0131\u015f\u0131r? Kalp ka\u00e7 b\u00f6l\u00fcmden olu\u015fur? B\u00fct\u00fcn sorular\u0131n cevab\u0131n\u0131 bu kitapta bulabilirsiniz. \u015ea\u015f\u0131rt\u0131c\u0131 bilgilerle dolu bu kitab\u0131 okurken hem e\u011flenecek hem de bilgi da\u011farc\u0131\u011f\u0131n\u0131z\u0131 geli\u015ftireceksiniz. Sabri \u00dclker Vakf\u0131 Yay\u0131nlar\u0131 Hakk\u0131nda T\u00fcrk g\u0131da sekt\u00f6r\u00fcn\u00fcn efsane i\u015f insan\u0131 Sabri \u00dclker an\u0131s\u0131na kurulan Sabri \u00dclker Vakf\u0131, 2009 y\u0131l\u0131ndan bu yana toplumu beslenme ve sa\u011fl\u0131k alanlar\u0131nda bilimsel ve g\u00fcvenilir bilgiyle ayd\u0131nlatmak \u00fczere k\u00e2r amac\u0131 g\u00fctmeyen bir kurum olarak faaliyetlerini s\u00fcrd\u00fcr\u00fcyor. Sabri \u00dclker Vakf\u0131 Yay\u0131nlar\u0131, uluslararas\u0131 ve ulusal alanda ba\u015far\u0131l\u0131 \u00e7ocuk kitab\u0131 \u00f6rneklerini \u00e7ocuklar\u0131m\u0131z\u0131n geli\u015fimine katk\u0131 sunmak \u00fczere T\u00fcrk\u00e7eye kazand\u0131r\u0131yor, uyarl\u0131yor, faydal\u0131 olacaklar\u0131 yeniden yay\u0131mlayarak daha \u00e7ok \u00e7ocu\u011fun kitap okumas\u0131n\u0131 ama\u00e7l\u0131yor. Pop\u00fcler Bilim ve Akademik Yay\u0131nlar kategorilerinde ise bilim d\u00fcnyas\u0131n\u0131n \u00f6ne \u00e7\u0131kan eserlerini okuyucuyla bulu\u015fturuyor. <\/p>\n","protected":false},"excerpt":{"rendered":"<p>NEDEN KANIM AKAR? \/ NEDEN SER\u0130S\u0130 Sabri \u00dclker Vakf\u0131 Yay\u0131nlar\u0131 taraf\u0131ndan haz\u0131rlanan Neden Kan\u0131m Akar? \u2013 Neden Serisi, \u00e7ocuklar\u0131 okul \u00f6ncesi e\u011fitime al\u0131\u015ft\u0131rmak, \u00f6\u011frenim ve motor<span class=\"excerpt-hellip\"> [\u2026]<\/span><\/p>\n","protected":false},"featured_media":0,"template":"","meta":{"_monsterinsights_skip_tracking":false,"_monsterinsights_sitenote_active":false,"_monsterinsights_sitenote_note":"","_monsterinsights_sitenote_category":0},"product_brand":[],"product_cat":[12274,15842],"product_tag":[],"class_list":{"0":"post-737938","1":"product","2":"type-product","3":"status-publish","5":"product_cat-cocuk-ve-genclik-kitaplari","6":"product_cat-egitici-kitaplar","7":"pa_cilt-ciltsiz","8":"pa_tur-kitap","9":"pa_yayinevi-sabri-ulker-vakfi-yayinlari","10":"pa_yazar-kirsty-holmes","12":"first","13":"outofstock","14":"sale","15":"shipping-taxable","16":"purchasable","17":"product-type-simple"},"_links":{"self":[{"href":"https:\/\/roveyayinevi.com.tr\/index.php\/wp-json\/wp\/v2\/product\/737938","targetHints":{"allow":["GET"]}}],"collection":[{"href":"https:\/\/roveyayinevi.com.tr\/index.php\/wp-json\/wp\/v2\/product"}],"about":[{"href":"https:\/\/roveyayinevi.com.tr\/index.php\/wp-json\/wp\/v2\/types\/product"}],"wp:attachment":[{"href":"https:\/\/roveyayinevi.com.tr\/index.php\/wp-json\/wp\/v2\/media?parent=737938"}],"wp:term":[{"taxonomy":"product_brand","embeddable":true,"href":"https:\/\/roveyayinevi.com.tr\/index.php\/wp-json\/wp\/v2\/product_brand?post=737938"},{"taxonomy":"product_cat","embeddable":true,"href":"https:\/\/roveyayinevi.com.tr\/index.php\/wp-json\/wp\/v2\/product_cat?post=737938"},{"taxonomy":"product_tag","embeddable":true,"href":"https:\/\/roveyayinevi.com.tr\/index.php\/wp-json\/wp\/v2\/product_tag?post=737938"}],"curies":[{"name":"wp","href":"https:\/\/api.w.org\/{rel}","templated":true}]}}