{"id":737935,"date":"2025-08-27T23:39:07","date_gmt":"2025-08-27T20:39:07","guid":{"rendered":"https:\/\/roveyayinevi.com.tr\/index.php\/urun\/batman-intikam-sovalyesi-sayi-1-flashpoint\/"},"modified":"2026-04-16T02:47:44","modified_gmt":"2026-04-15T23:47:44","slug":"batman-intikam-sovalyesi-sayi-1-flashpoint","status":"publish","type":"product","link":"https:\/\/roveyayinevi.com.tr\/index.php\/urun\/batman-intikam-sovalyesi-sayi-1-flashpoint\/","title":{"rendered":"Batman \u0130ntikam \u015e\u00f6valyesi Say\u0131 1 &#8211; Flashpoint"},"content":{"rendered":"<p>Barry Allen zar zor tan\u0131d\u0131\u011f\u0131 bir d\u00fcnyaya uyand\u0131, ancak bu bir numara ya da paralel D\u00fcnya de\u011fil. Bir \u015fey ya da birileri zamanda de\u011fi\u015fikli\u011fe yol a\u00e7arak Barry\u2019nin d\u00fcnyas\u0131n\u0131n yerine bu d\u00fcnyay\u0131 koydu. Ve bu yeni d\u00fcnya g\u00fcvenli bir yer de\u011fil.G\u00fc\u00e7lerinin ya da dostlar\u0131n\u0131n deste\u011fine sahip olmayan Barry, bu ger\u00e7eklikte o\u011flu \u00f6l\u00fcrken kendisi hayatta kalan, Bruce&#8217;un babas\u0131 Thomas Wayne&#8217;e, yani yeni Batman&#8217;e ula\u015f\u0131yor. Art\u0131k d\u00fcnyay\u0131 eski h\u00e2line getirmek i\u00e7in birlikte \u00e7al\u0131\u015f\u0131yorlar. Ba\u015far\u0131s\u0131z olurlarsa bu \u00e7arp\u0131k, trajik d\u00fcnyadan asla kurtulamayacaklar.<\/p>\n","protected":false},"excerpt":{"rendered":"<p>Barry Allen zar zor tan\u0131d\u0131\u011f\u0131 bir d\u00fcnyaya uyand\u0131, ancak bu bir numara ya da paralel D\u00fcnya de\u011fil. Bir \u015fey ya da birileri zamanda de\u011fi\u015fikli\u011fe yol a\u00e7arak<span class=\"excerpt-hellip\"> [\u2026]<\/span><\/p>\n","protected":false},"featured_media":0,"template":"","meta":{"_monsterinsights_skip_tracking":false,"_monsterinsights_sitenote_active":false,"_monsterinsights_sitenote_note":"","_monsterinsights_sitenote_category":0},"product_brand":[],"product_cat":[12416,12291],"product_tag":[],"class_list":{"0":"post-737935","1":"product","2":"type-product","3":"status-publish","5":"product_cat-cizgi-roman","6":"product_cat-edebiyat","7":"pa_cilt-ciltsiz","8":"pa_tur-kitap","9":"pa_yayinevi-jbc-yayincilik","10":"pa_yazar-brian-azzarello","12":"first","13":"instock","14":"sale","15":"shipping-taxable","16":"purchasable","17":"product-type-simple"},"_links":{"self":[{"href":"https:\/\/roveyayinevi.com.tr\/index.php\/wp-json\/wp\/v2\/product\/737935","targetHints":{"allow":["GET"]}}],"collection":[{"href":"https:\/\/roveyayinevi.com.tr\/index.php\/wp-json\/wp\/v2\/product"}],"about":[{"href":"https:\/\/roveyayinevi.com.tr\/index.php\/wp-json\/wp\/v2\/types\/product"}],"wp:attachment":[{"href":"https:\/\/roveyayinevi.com.tr\/index.php\/wp-json\/wp\/v2\/media?parent=737935"}],"wp:term":[{"taxonomy":"product_brand","embeddable":true,"href":"https:\/\/roveyayinevi.com.tr\/index.php\/wp-json\/wp\/v2\/product_brand?post=737935"},{"taxonomy":"product_cat","embeddable":true,"href":"https:\/\/roveyayinevi.com.tr\/index.php\/wp-json\/wp\/v2\/product_cat?post=737935"},{"taxonomy":"product_tag","embeddable":true,"href":"https:\/\/roveyayinevi.com.tr\/index.php\/wp-json\/wp\/v2\/product_tag?post=737935"}],"curies":[{"name":"wp","href":"https:\/\/api.w.org\/{rel}","templated":true}]}}