{"id":737934,"date":"2025-08-27T23:39:06","date_gmt":"2025-08-27T20:39:06","guid":{"rendered":"https:\/\/roveyayinevi.com.tr\/index.php\/urun\/universitenin-misyonu\/"},"modified":"2025-10-10T07:34:54","modified_gmt":"2025-10-10T04:34:54","slug":"universitenin-misyonu","status":"publish","type":"product","link":"https:\/\/roveyayinevi.com.tr\/index.php\/urun\/universitenin-misyonu\/","title":{"rendered":"\u00dcniversitenin Misyonu"},"content":{"rendered":"<p>\u00dcniversitenin Misyonu, Jos\u00e9 Ortega y Gasset\u2019in \u00fcniversite kurumu, \u00fcniversite reformu, y\u00fcksek\u00f6\u011fretimin i\u00e7eri\u011fi konular\u0131nda d\u00fc\u015f\u00fcncelerini aktar\u0131yor.E\u011fitimde, felsefenin ve do\u011fa g\u00f6r\u00fcn\u00fcmlerinin pay\u0131n\u0131 da irdeleyen kitap, okurlara Ortega y Gasset\u2019in d\u00fc\u015f\u00fcncesinin yeni bir boyutunu tan\u0131t\u0131yor. Bu g\u00fcncel ve ivedi sorun \u00fcst\u00fcne \u00fclkemizde yap\u0131lan tart\u0131\u015fmalar\u0131 \u00e7a\u011fda\u015f bir Avrupal\u0131 \u00f6gretim \u00fcyesi ve d\u00fc\u015f\u00fcn\u00fcr\u00fcn \u00f6zg\u00fcn, sorgulay\u0131c\u0131 ve esinleyici yakla\u015f\u0131m\u0131yla zenginle\u015ftirmenin de kap\u0131s\u0131n\u0131 aral\u0131yor.<\/p>\n","protected":false},"excerpt":{"rendered":"<p>\u00dcniversitenin Misyonu, Jos\u00e9 Ortega y Gasset\u2019in \u00fcniversite kurumu, \u00fcniversite reformu, y\u00fcksek\u00f6\u011fretimin i\u00e7eri\u011fi konular\u0131nda d\u00fc\u015f\u00fcncelerini aktar\u0131yor.E\u011fitimde, felsefenin ve do\u011fa g\u00f6r\u00fcn\u00fcmlerinin pay\u0131n\u0131 da irdeleyen kitap, okurlara Ortega y<span class=\"excerpt-hellip\"> [\u2026]<\/span><\/p>\n","protected":false},"featured_media":0,"template":"","meta":{"_monsterinsights_skip_tracking":false,"_monsterinsights_sitenote_active":false,"_monsterinsights_sitenote_note":"","_monsterinsights_sitenote_category":0},"product_brand":[],"product_cat":[12567,12566],"product_tag":[],"class_list":{"0":"post-737934","1":"product","2":"type-product","3":"status-publish","5":"product_cat-diger-egitim","6":"product_cat-egitim","7":"pa_cilt-ciltsiz","8":"pa_tur-kitap","9":"pa_yayinevi-yapi-kredi-yayinlari","10":"pa_yazar-jose-ortega-y-gasset","12":"first","13":"instock","14":"sale","15":"shipping-taxable","16":"purchasable","17":"product-type-simple"},"_links":{"self":[{"href":"https:\/\/roveyayinevi.com.tr\/index.php\/wp-json\/wp\/v2\/product\/737934","targetHints":{"allow":["GET"]}}],"collection":[{"href":"https:\/\/roveyayinevi.com.tr\/index.php\/wp-json\/wp\/v2\/product"}],"about":[{"href":"https:\/\/roveyayinevi.com.tr\/index.php\/wp-json\/wp\/v2\/types\/product"}],"wp:attachment":[{"href":"https:\/\/roveyayinevi.com.tr\/index.php\/wp-json\/wp\/v2\/media?parent=737934"}],"wp:term":[{"taxonomy":"product_brand","embeddable":true,"href":"https:\/\/roveyayinevi.com.tr\/index.php\/wp-json\/wp\/v2\/product_brand?post=737934"},{"taxonomy":"product_cat","embeddable":true,"href":"https:\/\/roveyayinevi.com.tr\/index.php\/wp-json\/wp\/v2\/product_cat?post=737934"},{"taxonomy":"product_tag","embeddable":true,"href":"https:\/\/roveyayinevi.com.tr\/index.php\/wp-json\/wp\/v2\/product_tag?post=737934"}],"curies":[{"name":"wp","href":"https:\/\/api.w.org\/{rel}","templated":true}]}}