{"id":737928,"date":"2025-08-27T23:38:59","date_gmt":"2025-08-27T20:38:59","guid":{"rendered":"https:\/\/roveyayinevi.com.tr\/index.php\/urun\/yafesin-ogullari-yada-tasi-efsanesi-1\/"},"modified":"2026-04-16T02:47:44","modified_gmt":"2026-04-15T23:47:44","slug":"yafesin-ogullari-yada-tasi-efsanesi-1","status":"publish","type":"product","link":"https:\/\/roveyayinevi.com.tr\/index.php\/urun\/yafesin-ogullari-yada-tasi-efsanesi-1\/","title":{"rendered":"Yafes&#8217;in O\u011fullar\u0131 &#8211; Yada Ta\u015f\u0131 Efsanesi 1"},"content":{"rendered":"<p>Daha hi\u00e7bir \u015fey yokken u\u00e7suz bucaks\u0131z bir su vard\u0131. O vakitler &#8220;Ki\u015fi&#8221;, yer ile g\u00f6k aras\u0131nda pek mutluydu. Fakat bir g\u00fcn kaybedenlerden olup, huzurdan kovuldu ve Erlik (\u015eeytan) ad\u0131n\u0131 alarak d\u00fcnyaya g\u00f6nderildi. T\u00fcm itibar\u0131n\u0131 kaybeden Erlik, topraktan yarat\u0131lan insano\u011fluna bitmek bilmeyen bir kin ve d\u00fc\u015fmanl\u0131k duymaya ba\u015flad\u0131. Zaman akt\u0131, \u00e7a\u011flar ve co\u011frafyalar de\u011fi\u015fti ama ezeli d\u00fc\u015fmanl\u0131k hi\u00e7 bitmedi. Unutulmamas\u0131 laz\u0131m gelen nice \u015feyler unutulup gitse de kimi kadim s\u0131rlar masallara, efsanelere, destanlara ve mitlere kar\u0131\u015farak zaman\u0131n nihayetine dek var olman\u0131n bir yolunu buldular. *** B\u00fcy\u00fck Tufan\u2019\u0131n bitiminde gemiden karaya seksen ki\u015fi \u00e7\u0131kt\u0131. Bunlar\u0131n yetmi\u015f \u00fc\u00e7\u00fc bir t\u00fcr salg\u0131na yakalan\u0131p \u00f6ld\u00fc. Hayatta yaln\u0131zca Nuh Peygamber, \u00fc\u00e7 o\u011flu ve \u00fc\u00e7 gelini kald\u0131. Hz. Nuh; d\u00fcnyay\u0131 kendince \u00fc\u00e7e ay\u0131r\u0131p Ham, Sam ve Yafes adl\u0131 \u00fc\u00e7 o\u011fluna pay etti. B\u00fct\u00fcn T\u00fcrklerin atas\u0131 olan Yafes\u2019in hissesine T\u00fcrkistan d\u00fc\u015f\u00fcnce o\u011flan buran\u0131n kurak oldu\u011funu d\u00fc\u015f\u00fcn\u00fcp biraz h\u00fcz\u00fcnlendi. Bunu g\u00f6ren Nuh Peygamber, en sevgili o\u011fluna bir ta\u015f verip, bir dua \u00f6\u011fretti. Yafes, hangi vakit ya\u011fmura, kara ihtiya\u00e7 duyarsa o ta\u015f sayesinde ya\u011fd\u0131rabilecekti art\u0131k. Ve ola\u011fan\u00fcst\u00fc \u00f6zellikleri olan o ta\u015f, \u00e7a\u011flar boyunca T\u00fcrk devletlerinin birli\u011finin ve saadetinin yeg\u00e2ne kayna\u011f\u0131 oldu.   ***               \u201cYada Ta\u015f\u0131 Efsanesi\u201d serisinin birinci kitab\u0131 olan \u201cYafes\u2019in O\u011fullar\u0131\u201d Yada Ta\u015f\u0131\u2019n\u0131n ola\u011fan\u00fcst\u00fc g\u00fc\u00e7leri sayesinde Orta D\u00fcnya topraklar\u0131n\u0131n tamam\u0131na h\u00fckmeden T\u00fcrkler ile Alt D\u00fcnya\u2019n\u0131n efendisi \u015eeytan Erlik Han aras\u0131ndaki d\u00f6rt bin y\u0131ll\u0131k hesapla\u015fmaya, T\u00fcrklerin u\u011frad\u0131\u011f\u0131 b\u00fcy\u00fck ihanete ve h\u00fcz\u00fcnl\u00fc bir kayba \u015fahitlik edeceksiniz! *** Taht Oyunlar\u0131 (Game Of Thrones), Y\u00fcz\u00fcklerin Efendisi (The Lord Of The Rings), Zaman \u00c7ark\u0131 (The Wheel Of Time) ve Hobbit (The Hobbit) gibi eserleri sevenlerin mutlaka okumas\u0131 gereken bir T\u00dcRK M\u0130TOLOJ\u0130S\u0130 ROMANI\u2026 <\/p>\n","protected":false},"excerpt":{"rendered":"<p>Daha hi\u00e7bir \u015fey yokken u\u00e7suz bucaks\u0131z bir su vard\u0131. O vakitler &#8220;Ki\u015fi&#8221;, yer ile g\u00f6k aras\u0131nda pek mutluydu. Fakat bir g\u00fcn kaybedenlerden olup, huzurdan kovuldu ve<span class=\"excerpt-hellip\"> [\u2026]<\/span><\/p>\n","protected":false},"featured_media":0,"template":"","meta":{"_monsterinsights_skip_tracking":false,"_monsterinsights_sitenote_active":false,"_monsterinsights_sitenote_note":"","_monsterinsights_sitenote_category":0},"product_brand":[],"product_cat":[12291,14777],"product_tag":[],"class_list":{"0":"post-737928","1":"product","2":"type-product","3":"status-publish","5":"product_cat-edebiyat","6":"product_cat-fantastik","7":"pa_cilt-ciltsiz","8":"pa_tur-kitap","9":"pa_yayinevi-profil-kitap","10":"pa_yazar-ufuk-tufan","12":"first","13":"instock","14":"sale","15":"shipping-taxable","16":"purchasable","17":"product-type-simple"},"_links":{"self":[{"href":"https:\/\/roveyayinevi.com.tr\/index.php\/wp-json\/wp\/v2\/product\/737928","targetHints":{"allow":["GET"]}}],"collection":[{"href":"https:\/\/roveyayinevi.com.tr\/index.php\/wp-json\/wp\/v2\/product"}],"about":[{"href":"https:\/\/roveyayinevi.com.tr\/index.php\/wp-json\/wp\/v2\/types\/product"}],"wp:attachment":[{"href":"https:\/\/roveyayinevi.com.tr\/index.php\/wp-json\/wp\/v2\/media?parent=737928"}],"wp:term":[{"taxonomy":"product_brand","embeddable":true,"href":"https:\/\/roveyayinevi.com.tr\/index.php\/wp-json\/wp\/v2\/product_brand?post=737928"},{"taxonomy":"product_cat","embeddable":true,"href":"https:\/\/roveyayinevi.com.tr\/index.php\/wp-json\/wp\/v2\/product_cat?post=737928"},{"taxonomy":"product_tag","embeddable":true,"href":"https:\/\/roveyayinevi.com.tr\/index.php\/wp-json\/wp\/v2\/product_tag?post=737928"}],"curies":[{"name":"wp","href":"https:\/\/api.w.org\/{rel}","templated":true}]}}