{"id":737925,"date":"2025-08-27T23:38:56","date_gmt":"2025-08-27T20:38:56","guid":{"rendered":"https:\/\/roveyayinevi.com.tr\/index.php\/urun\/kacis-golgelerin-efendisi-16\/"},"modified":"2026-04-16T02:47:44","modified_gmt":"2026-04-15T23:47:44","slug":"kacis-golgelerin-efendisi-16","status":"publish","type":"product","link":"https:\/\/roveyayinevi.com.tr\/index.php\/urun\/kacis-golgelerin-efendisi-16\/","title":{"rendered":"Ka\u00e7\u0131\u015f &#8211; G\u00f6lgelerin Efendisi 16"},"content":{"rendered":"<p>Macera devam ediyor&#8230; Will ve Maddie, prensi kurtarmaya \u00e7al\u0131\u015f\u0131rken yakalan\u0131p kuleye hapsedilirler. Baron Lassingy onlar\u0131, kiral\u0131k casuslar olarak i\u015fe almay\u0131 planlamaktad\u0131r ancak Maddie, garnizon komutan\u0131n\u0131 d\u00fcelloya davet edince planlar de\u011fi\u015fir. Will bunun adil bir d\u00f6v\u00fc\u015f olmayaca\u011f\u0131n\u0131 anlad\u0131\u011f\u0131nda deh\u015fete d\u00fc\u015fer. Maddie d\u00fcellodan sa\u011f kurtulabilecek midir? Uzun zamand\u0131r tutsak olan prensle birlikte, \u00e7ok s\u0131k\u0131 korunan Falaise&#8217;den ka\u00e7malar\u0131 m\u00fcmk\u00fcn olacak m\u0131d\u0131r? Peki, onlara ihanet eden kimdir? <\/p>\n","protected":false},"excerpt":{"rendered":"<p>Macera devam ediyor&#8230; Will ve Maddie, prensi kurtarmaya \u00e7al\u0131\u015f\u0131rken yakalan\u0131p kuleye hapsedilirler. Baron Lassingy onlar\u0131, kiral\u0131k casuslar olarak i\u015fe almay\u0131 planlamaktad\u0131r ancak Maddie, garnizon komutan\u0131n\u0131 d\u00fcelloya<span class=\"excerpt-hellip\"> [\u2026]<\/span><\/p>\n","protected":false},"featured_media":0,"template":"","meta":{"_monsterinsights_skip_tracking":false,"_monsterinsights_sitenote_active":false,"_monsterinsights_sitenote_note":"","_monsterinsights_sitenote_category":0},"product_brand":[],"product_cat":[12275,12274],"product_tag":[],"class_list":{"0":"post-737925","1":"product","2":"type-product","3":"status-publish","5":"product_cat-6-12-yas-kitaplari","6":"product_cat-cocuk-ve-genclik-kitaplari","7":"pa_cilt-ciltsiz","8":"pa_tur-kitap","9":"pa_yayinevi-beyaz-balina-yayinlari","10":"pa_yazar-john-flanagan","12":"first","13":"instock","14":"sale","15":"shipping-taxable","16":"purchasable","17":"product-type-simple"},"_links":{"self":[{"href":"https:\/\/roveyayinevi.com.tr\/index.php\/wp-json\/wp\/v2\/product\/737925","targetHints":{"allow":["GET"]}}],"collection":[{"href":"https:\/\/roveyayinevi.com.tr\/index.php\/wp-json\/wp\/v2\/product"}],"about":[{"href":"https:\/\/roveyayinevi.com.tr\/index.php\/wp-json\/wp\/v2\/types\/product"}],"wp:attachment":[{"href":"https:\/\/roveyayinevi.com.tr\/index.php\/wp-json\/wp\/v2\/media?parent=737925"}],"wp:term":[{"taxonomy":"product_brand","embeddable":true,"href":"https:\/\/roveyayinevi.com.tr\/index.php\/wp-json\/wp\/v2\/product_brand?post=737925"},{"taxonomy":"product_cat","embeddable":true,"href":"https:\/\/roveyayinevi.com.tr\/index.php\/wp-json\/wp\/v2\/product_cat?post=737925"},{"taxonomy":"product_tag","embeddable":true,"href":"https:\/\/roveyayinevi.com.tr\/index.php\/wp-json\/wp\/v2\/product_tag?post=737925"}],"curies":[{"name":"wp","href":"https:\/\/api.w.org\/{rel}","templated":true}]}}