{"id":737924,"date":"2025-08-27T23:38:55","date_gmt":"2025-08-27T20:38:55","guid":{"rendered":"https:\/\/roveyayinevi.com.tr\/index.php\/urun\/marie-curie-kim-kimdi-serisi\/"},"modified":"2026-04-16T02:47:44","modified_gmt":"2026-04-15T23:47:44","slug":"marie-curie-kim-kimdi-serisi","status":"publish","type":"product","link":"https:\/\/roveyayinevi.com.tr\/index.php\/urun\/marie-curie-kim-kimdi-serisi\/","title":{"rendered":"Marie Curie &#8211; Kim Kimdi Serisi"},"content":{"rendered":"<p>Kim Kimdi? Serisi Marie Curie \u00b7         Kad\u0131nlar\u0131n \u00fcniversiteye kabul edilmedi\u011fi Polonya&#8217;dan ayr\u0131l\u0131p Paris&#8217;e giderek Sorbonne \u00dcniversitesi&#8217;nden b\u00fcy\u00fck bir ba\u015far\u0131yla mezun olan kad\u0131n. \u00b7         Radyum \u00fczerinde yapt\u0131\u011f\u0131 \u00e7al\u0131\u015fmalar nedeniyle hastalanan ara\u015ft\u0131rmac\u0131. \u00b7         \u0130ki kez Nobel \u00d6d\u00fcl\u00fc&#8217;n\u00fc kazanan bilim insan\u0131. \u00b7         Yukar\u0131dakilerin hepsi E\u011flenceli, heyecanl\u0131 ve resimli biyografisiyle ger\u00e7ek Marie Curie&#8217;yi \u00e7ok daha yak\u0131ndan tan\u0131y\u0131n. <\/p>\n","protected":false},"excerpt":{"rendered":"<p>Kim Kimdi? Serisi Marie Curie \u00b7 Kad\u0131nlar\u0131n \u00fcniversiteye kabul edilmedi\u011fi Polonya&#8217;dan ayr\u0131l\u0131p Paris&#8217;e giderek Sorbonne \u00dcniversitesi&#8217;nden b\u00fcy\u00fck bir ba\u015far\u0131yla mezun olan kad\u0131n. \u00b7 Radyum \u00fczerinde yapt\u0131\u011f\u0131<span class=\"excerpt-hellip\"> [\u2026]<\/span><\/p>\n","protected":false},"featured_media":0,"template":"","meta":{"_monsterinsights_skip_tracking":false,"_monsterinsights_sitenote_active":false,"_monsterinsights_sitenote_note":"","_monsterinsights_sitenote_category":0},"product_brand":[],"product_cat":[12274,15842],"product_tag":[],"class_list":{"0":"post-737924","1":"product","2":"type-product","3":"status-publish","5":"product_cat-cocuk-ve-genclik-kitaplari","6":"product_cat-egitici-kitaplar","7":"pa_cilt-ciltsiz","8":"pa_tur-kitap","9":"pa_yayinevi-beyaz-balina-yayinlari","10":"pa_yazar-megan-stine","12":"first","13":"instock","14":"sale","15":"shipping-taxable","16":"purchasable","17":"product-type-simple"},"_links":{"self":[{"href":"https:\/\/roveyayinevi.com.tr\/index.php\/wp-json\/wp\/v2\/product\/737924","targetHints":{"allow":["GET"]}}],"collection":[{"href":"https:\/\/roveyayinevi.com.tr\/index.php\/wp-json\/wp\/v2\/product"}],"about":[{"href":"https:\/\/roveyayinevi.com.tr\/index.php\/wp-json\/wp\/v2\/types\/product"}],"wp:attachment":[{"href":"https:\/\/roveyayinevi.com.tr\/index.php\/wp-json\/wp\/v2\/media?parent=737924"}],"wp:term":[{"taxonomy":"product_brand","embeddable":true,"href":"https:\/\/roveyayinevi.com.tr\/index.php\/wp-json\/wp\/v2\/product_brand?post=737924"},{"taxonomy":"product_cat","embeddable":true,"href":"https:\/\/roveyayinevi.com.tr\/index.php\/wp-json\/wp\/v2\/product_cat?post=737924"},{"taxonomy":"product_tag","embeddable":true,"href":"https:\/\/roveyayinevi.com.tr\/index.php\/wp-json\/wp\/v2\/product_tag?post=737924"}],"curies":[{"name":"wp","href":"https:\/\/api.w.org\/{rel}","templated":true}]}}