{"id":737923,"date":"2025-08-27T23:38:54","date_gmt":"2025-08-27T20:38:54","guid":{"rendered":"https:\/\/roveyayinevi.com.tr\/index.php\/urun\/stephen-hawking-kim-kimdi-serisi\/"},"modified":"2026-04-16T02:47:44","modified_gmt":"2026-04-15T23:47:44","slug":"stephen-hawking-kim-kimdi-serisi","status":"publish","type":"product","link":"https:\/\/roveyayinevi.com.tr\/index.php\/urun\/stephen-hawking-kim-kimdi-serisi\/","title":{"rendered":"Stephen Hawking &#8211; Kim Kimdi Serisi"},"content":{"rendered":"<p>Kim Kimdi? Serisi Stephen Hawking \u00b7         21 ya\u015f\u0131nda n\u00f6rolojik bir hastal\u0131k te\u015fhisi konulmas\u0131na ra\u011fmen hastal\u0131\u011f\u0131n, hayat\u0131n\u0131 tan\u0131mlamas\u0131na izin vermeyen bilim insan\u0131. \u00b7         Kara delik teorilerini yazd\u0131\u011f\u0131 Zaman\u0131n K\u0131sa Tarihi kitab\u0131yla sat\u0131\u015f rekorlar\u0131 k\u0131ran yazar. \u00b7         Fizikte \u00e7\u0131\u011f\u0131r a\u00e7an \u00e7al\u0131\u015fmalar\u0131yla bir\u00e7ok \u00f6d\u00fcl kazanan bilim insan\u0131. \u00b7         Yukar\u0131dakilerin hepsi. E\u011flenceli, heyecanl\u0131 ve resimli biyografisiyle ger\u00e7ek Stephen Hawking&#8217;i \u00e7ok daha yak\u0131ndan tan\u0131y\u0131n. <\/p>\n","protected":false},"excerpt":{"rendered":"<p>Kim Kimdi? Serisi Stephen Hawking \u00b7 21 ya\u015f\u0131nda n\u00f6rolojik bir hastal\u0131k te\u015fhisi konulmas\u0131na ra\u011fmen hastal\u0131\u011f\u0131n, hayat\u0131n\u0131 tan\u0131mlamas\u0131na izin vermeyen bilim insan\u0131. \u00b7 Kara delik teorilerini yazd\u0131\u011f\u0131<span class=\"excerpt-hellip\"> [\u2026]<\/span><\/p>\n","protected":false},"featured_media":0,"template":"","meta":{"_monsterinsights_skip_tracking":false,"_monsterinsights_sitenote_active":false,"_monsterinsights_sitenote_note":"","_monsterinsights_sitenote_category":0},"product_brand":[],"product_cat":[12274,15842],"product_tag":[],"class_list":{"0":"post-737923","1":"product","2":"type-product","3":"status-publish","5":"product_cat-cocuk-ve-genclik-kitaplari","6":"product_cat-egitici-kitaplar","7":"pa_cilt-ciltsiz","8":"pa_tur-kitap","9":"pa_yayinevi-beyaz-balina-yayinlari","10":"pa_yazar-jim-gigliotti","12":"first","13":"instock","14":"sale","15":"shipping-taxable","16":"purchasable","17":"product-type-simple"},"_links":{"self":[{"href":"https:\/\/roveyayinevi.com.tr\/index.php\/wp-json\/wp\/v2\/product\/737923","targetHints":{"allow":["GET"]}}],"collection":[{"href":"https:\/\/roveyayinevi.com.tr\/index.php\/wp-json\/wp\/v2\/product"}],"about":[{"href":"https:\/\/roveyayinevi.com.tr\/index.php\/wp-json\/wp\/v2\/types\/product"}],"wp:attachment":[{"href":"https:\/\/roveyayinevi.com.tr\/index.php\/wp-json\/wp\/v2\/media?parent=737923"}],"wp:term":[{"taxonomy":"product_brand","embeddable":true,"href":"https:\/\/roveyayinevi.com.tr\/index.php\/wp-json\/wp\/v2\/product_brand?post=737923"},{"taxonomy":"product_cat","embeddable":true,"href":"https:\/\/roveyayinevi.com.tr\/index.php\/wp-json\/wp\/v2\/product_cat?post=737923"},{"taxonomy":"product_tag","embeddable":true,"href":"https:\/\/roveyayinevi.com.tr\/index.php\/wp-json\/wp\/v2\/product_tag?post=737923"}],"curies":[{"name":"wp","href":"https:\/\/api.w.org\/{rel}","templated":true}]}}