{"id":737922,"date":"2025-08-27T23:38:53","date_gmt":"2025-08-27T20:38:53","guid":{"rendered":"https:\/\/roveyayinevi.com.tr\/index.php\/urun\/konuk-kiz\/"},"modified":"2025-11-07T07:37:18","modified_gmt":"2025-11-07T04:37:18","slug":"konuk-kiz","status":"publish","type":"product","link":"https:\/\/roveyayinevi.com.tr\/index.php\/urun\/konuk-kiz\/","title":{"rendered":"Konuk K\u0131z"},"content":{"rendered":"<p>20. y\u00fczy\u0131l\u0131n en etkili kalemlerinden Simone de Beauvoir\u2019\u0131n ilk roman\u0131 Konuk K\u0131z 1943\u2019te, \u0130kinci D\u00fcnya Sava\u015f\u0131 devam ederken yay\u0131mland\u0131. Bu tarihte Fransa, Almanya\u2019n\u0131n i\u015fgali alt\u0131ndayd\u0131 ve i\u015fbirlik\u00e7i Vichy H\u00fck\u00fcmeti vatan, aile, \u00e7al\u0131\u015fma gibi de\u011ferleri \u00f6ne s\u00fcrerek kitleleri elinde tutmaya \u00e7al\u0131\u015f\u0131yordu. Konuk K\u0131z, bu anlay\u0131\u015fa tamamen kar\u015f\u0131t bir kurgu ve atmosfere sahiptir. Sava\u015f yakla\u015f\u0131rken Paris\u2019te bir tiyatroyu ayakta tutmaya \u00e7al\u0131\u015fan Pierre ve Fran\u00e7oise \u00e7iftiyle himayelerine ald\u0131klar\u0131, ta\u015fradan gelen gen\u00e7 k\u0131z\u0131n hik\u00e2yesi, d\u00f6nemin yerle\u015fik yarg\u0131lar\u0131na ve h\u00fck\u00fcmetin ideallerine alabildi\u011fine uzakt\u0131r. \u00dc\u00e7l\u00fc bir ili\u015fkiye d\u00f6n\u00fc\u015fen bu birlikteli\u011fin taraflar\u0131n\u0131n \u00f6tekinin varl\u0131\u011f\u0131yla sars\u0131ld\u0131\u011f\u0131, \u00e7at\u0131\u015fmalara s\u00fcr\u00fcklendi\u011fi Konuk K\u0131z, Simone de Beauvoir\u2019\u0131n hayat\u0131ndan ve sava\u015f \u00f6ncesinde i\u00e7inde bulundu\u011fu d\u00fc\u015f\u00fcnce d\u00fcnyas\u0131ndan izler ta\u015f\u0131r. <\/p>\n","protected":false},"excerpt":{"rendered":"<p>20. y\u00fczy\u0131l\u0131n en etkili kalemlerinden Simone de Beauvoir\u2019\u0131n ilk roman\u0131 Konuk K\u0131z 1943\u2019te, \u0130kinci D\u00fcnya Sava\u015f\u0131 devam ederken yay\u0131mland\u0131. Bu tarihte Fransa, Almanya\u2019n\u0131n i\u015fgali alt\u0131ndayd\u0131 ve<span class=\"excerpt-hellip\"> [\u2026]<\/span><\/p>\n","protected":false},"featured_media":0,"template":"","meta":{"_monsterinsights_skip_tracking":false,"_monsterinsights_sitenote_active":false,"_monsterinsights_sitenote_note":"","_monsterinsights_sitenote_category":0},"product_brand":[],"product_cat":[12291,12711],"product_tag":[],"class_list":{"0":"post-737922","1":"product","2":"type-product","3":"status-publish","5":"product_cat-edebiyat","6":"product_cat-roman-oyku","7":"pa_cilt-ciltsiz","8":"pa_tur-kitap","9":"pa_yayinevi-everest-yayinlari","10":"pa_yazar-simone-de-beauvoir","12":"first","13":"instock","14":"sale","15":"shipping-taxable","16":"purchasable","17":"product-type-simple"},"_links":{"self":[{"href":"https:\/\/roveyayinevi.com.tr\/index.php\/wp-json\/wp\/v2\/product\/737922","targetHints":{"allow":["GET"]}}],"collection":[{"href":"https:\/\/roveyayinevi.com.tr\/index.php\/wp-json\/wp\/v2\/product"}],"about":[{"href":"https:\/\/roveyayinevi.com.tr\/index.php\/wp-json\/wp\/v2\/types\/product"}],"wp:attachment":[{"href":"https:\/\/roveyayinevi.com.tr\/index.php\/wp-json\/wp\/v2\/media?parent=737922"}],"wp:term":[{"taxonomy":"product_brand","embeddable":true,"href":"https:\/\/roveyayinevi.com.tr\/index.php\/wp-json\/wp\/v2\/product_brand?post=737922"},{"taxonomy":"product_cat","embeddable":true,"href":"https:\/\/roveyayinevi.com.tr\/index.php\/wp-json\/wp\/v2\/product_cat?post=737922"},{"taxonomy":"product_tag","embeddable":true,"href":"https:\/\/roveyayinevi.com.tr\/index.php\/wp-json\/wp\/v2\/product_tag?post=737922"}],"curies":[{"name":"wp","href":"https:\/\/api.w.org\/{rel}","templated":true}]}}