{"id":737921,"date":"2025-08-27T23:38:51","date_gmt":"2025-08-27T20:38:51","guid":{"rendered":"https:\/\/roveyayinevi.com.tr\/index.php\/urun\/derde-deva-randevu-3\/"},"modified":"2026-02-03T03:03:00","modified_gmt":"2026-02-03T00:03:00","slug":"derde-deva-randevu-3","status":"publish","type":"product","link":"https:\/\/roveyayinevi.com.tr\/index.php\/urun\/derde-deva-randevu-3\/","title":{"rendered":"Derde Deva Randevu 3"},"content":{"rendered":"<p>\u0130lk iki kitab\u0131 b\u00fcy\u00fck be\u011feni toplayan Derde Deva Randevu, bir nevi edebiyat ve felsefe ansiklopedisi\u2026 Enteresan bir antoloji.   Serinin bu 3. kitab\u0131nda 9 yazar yer al\u0131yor: \u00d6mer Hayyam, Charles Dickens, Fatma Aliye,  Stefan Zweig Abd\u00fclhak \u015einasi Hisar, Isaac Asimov,  Susan Sontag, O\u011fuz Atay ve Tomris Uyar.   S\u00f6yle\u015fi format\u0131nda d\u00fczenlenen kitapta, Murat Mente\u015f\u2019in sorular\u0131na cevaplar yazarlar\u0131n eserlerinden geliyor. Hakan Karata\u015f\u2019\u0131n yetkin \u00e7izgileri, her bir s\u00f6yle\u015fiyi, belgesel bir \u00f6yk\u00fcye d\u00f6n\u00fc\u015ft\u00fcr\u00fcyor. Seriyi okumaya diledi\u011finiz kitaptan, hatta sayfadan ba\u015flayabilirsiniz. Zira her b\u00f6l\u00fcmde ayr\u0131 bir yazarla bulu\u015fuluyor, konu\u015fuluyor. Zamanda yolculuk hissi ya\u015fatan, okurun yazarlarla dostane yak\u0131nl\u0131k kurmas\u0131n\u0131 sa\u011flayan bu benzersiz kitapta siz de sorular\u0131n\u0131za cevaplar bulacaks\u0131n\u0131z.<\/p>\n","protected":false},"excerpt":{"rendered":"<p>\u0130lk iki kitab\u0131 b\u00fcy\u00fck be\u011feni toplayan Derde Deva Randevu, bir nevi edebiyat ve felsefe ansiklopedisi\u2026 Enteresan bir antoloji. Serinin bu 3. kitab\u0131nda 9 yazar yer al\u0131yor:<span class=\"excerpt-hellip\"> [\u2026]<\/span><\/p>\n","protected":false},"featured_media":0,"template":"","meta":{"_monsterinsights_skip_tracking":false,"_monsterinsights_sitenote_active":false,"_monsterinsights_sitenote_note":"","_monsterinsights_sitenote_category":0},"product_brand":[],"product_cat":[12291,30969],"product_tag":[],"class_list":{"0":"post-737921","1":"product","2":"type-product","3":"status-publish","5":"product_cat-edebiyat","6":"product_cat-soylesi-edebiyat","7":"pa_cilt-ciltsiz","8":"pa_tur-kitap","9":"pa_yayinevi-alfa-yayinlari","10":"pa_yazar-murat-mentes","12":"first","13":"instock","14":"sale","15":"shipping-taxable","16":"purchasable","17":"product-type-simple"},"_links":{"self":[{"href":"https:\/\/roveyayinevi.com.tr\/index.php\/wp-json\/wp\/v2\/product\/737921","targetHints":{"allow":["GET"]}}],"collection":[{"href":"https:\/\/roveyayinevi.com.tr\/index.php\/wp-json\/wp\/v2\/product"}],"about":[{"href":"https:\/\/roveyayinevi.com.tr\/index.php\/wp-json\/wp\/v2\/types\/product"}],"wp:attachment":[{"href":"https:\/\/roveyayinevi.com.tr\/index.php\/wp-json\/wp\/v2\/media?parent=737921"}],"wp:term":[{"taxonomy":"product_brand","embeddable":true,"href":"https:\/\/roveyayinevi.com.tr\/index.php\/wp-json\/wp\/v2\/product_brand?post=737921"},{"taxonomy":"product_cat","embeddable":true,"href":"https:\/\/roveyayinevi.com.tr\/index.php\/wp-json\/wp\/v2\/product_cat?post=737921"},{"taxonomy":"product_tag","embeddable":true,"href":"https:\/\/roveyayinevi.com.tr\/index.php\/wp-json\/wp\/v2\/product_tag?post=737921"}],"curies":[{"name":"wp","href":"https:\/\/api.w.org\/{rel}","templated":true}]}}