{"id":737920,"date":"2025-08-27T23:38:50","date_gmt":"2025-08-27T20:38:50","guid":{"rendered":"https:\/\/roveyayinevi.com.tr\/index.php\/urun\/erkekler-yalniz-olur\/"},"modified":"2026-04-16T02:47:44","modified_gmt":"2026-04-15T23:47:44","slug":"erkekler-yalniz-olur","status":"publish","type":"product","link":"https:\/\/roveyayinevi.com.tr\/index.php\/urun\/erkekler-yalniz-olur\/","title":{"rendered":"Erkekler Yaln\u0131z \u00d6l\u00fcr"},"content":{"rendered":"<p>&#8220;K\u00f6t\u00fc haber \u00f6\u011frenme korkusu sendromu diye psikolojide bir sendrom var m\u0131yd\u0131 bilmiyordum ama, i\u00e7inde bulundu\u011fum durum tam da buna uygundu. Sanki telefon a\u00e7\u0131p aramasam, o ger\u00e7ekle y\u00fczle\u015fmeyecektim. O ger\u00e7ek yok olacakt\u0131. Bir nehrin yak\u0131n\u0131mdan \u00f6ylesine sessizce ak\u0131p gitmesi gibi, ak\u0131p ge\u00e7ip gidecekti her \u015fey. Eski e\u015fim Ay\u00e7a\u2019n\u0131n etti\u011fimiz kavgalar\u0131n birinin en hararetli yerinde, parma\u011f\u0131n\u0131 g\u00f6z\u00fcme uzatarak, sorunlarla y\u00fczle\u015fmekten ka\u00e7\u0131yorsun, hayattan korkuyorsun, istiyorsun ki, her \u015fey d\u00fcz bir \u00e7izgide gitsin. Yok, \u00f6yle bir d\u00fcnya. Deve ku\u015fu gibi ba\u015f\u0131n\u0131 kuma g\u00f6mme dedi\u011fi herhalde bu olsa gerekti.&#8221; <\/p>\n","protected":false},"excerpt":{"rendered":"<p>&#8220;K\u00f6t\u00fc haber \u00f6\u011frenme korkusu sendromu diye psikolojide bir sendrom var m\u0131yd\u0131 bilmiyordum ama, i\u00e7inde bulundu\u011fum durum tam da buna uygundu. Sanki telefon a\u00e7\u0131p aramasam, o ger\u00e7ekle<span class=\"excerpt-hellip\"> [\u2026]<\/span><\/p>\n","protected":false},"featured_media":0,"template":"","meta":{"_monsterinsights_skip_tracking":false,"_monsterinsights_sitenote_active":false,"_monsterinsights_sitenote_note":"","_monsterinsights_sitenote_category":0},"product_brand":[],"product_cat":[12291,12711],"product_tag":[],"class_list":{"0":"post-737920","1":"product","2":"type-product","3":"status-publish","5":"product_cat-edebiyat","6":"product_cat-roman-oyku","7":"pa_cilt-ciltsiz","8":"pa_tur-kitap","9":"pa_yayinevi-imgenin-cocuklari","10":"pa_yazar-halis-koc","12":"first","13":"instock","14":"sale","15":"shipping-taxable","16":"purchasable","17":"product-type-simple"},"_links":{"self":[{"href":"https:\/\/roveyayinevi.com.tr\/index.php\/wp-json\/wp\/v2\/product\/737920","targetHints":{"allow":["GET"]}}],"collection":[{"href":"https:\/\/roveyayinevi.com.tr\/index.php\/wp-json\/wp\/v2\/product"}],"about":[{"href":"https:\/\/roveyayinevi.com.tr\/index.php\/wp-json\/wp\/v2\/types\/product"}],"wp:attachment":[{"href":"https:\/\/roveyayinevi.com.tr\/index.php\/wp-json\/wp\/v2\/media?parent=737920"}],"wp:term":[{"taxonomy":"product_brand","embeddable":true,"href":"https:\/\/roveyayinevi.com.tr\/index.php\/wp-json\/wp\/v2\/product_brand?post=737920"},{"taxonomy":"product_cat","embeddable":true,"href":"https:\/\/roveyayinevi.com.tr\/index.php\/wp-json\/wp\/v2\/product_cat?post=737920"},{"taxonomy":"product_tag","embeddable":true,"href":"https:\/\/roveyayinevi.com.tr\/index.php\/wp-json\/wp\/v2\/product_tag?post=737920"}],"curies":[{"name":"wp","href":"https:\/\/api.w.org\/{rel}","templated":true}]}}