{"id":737916,"date":"2025-08-27T23:38:45","date_gmt":"2025-08-27T20:38:45","guid":{"rendered":"https:\/\/roveyayinevi.com.tr\/index.php\/urun\/udumbara\/"},"modified":"2026-04-16T02:47:43","modified_gmt":"2026-04-15T23:47:43","slug":"udumbara","status":"publish","type":"product","link":"https:\/\/roveyayinevi.com.tr\/index.php\/urun\/udumbara\/","title":{"rendered":"Udumbara"},"content":{"rendered":"<p>&#8220;Hay\u0131na be\u015f dakika kalm\u0131\u015f Son ter son hasret ve son kavu\u015fma Bekliyorum kar\u015f\u0131s\u0131nda, yirmi y\u0131ld\u0131r silinmemi\u015f cam\u0131n Puslu g\u00f6zlerin, a\u011flamakl\u0131 d\u00fcped\u00fcz pi\u015fman Ad\u0131mlar\u0131nda bir kad\u0131n yaral\u0131 Ellerin kan Belki bir \u00fc\u00e7 bin y\u0131l daha sana hasret. Ve \u00fc\u00e7 bin y\u0131l daha ana s\u00fct\u00fcnden kesilmi\u015f \u00d6yle ba\u011fr\u0131ndan kasap b\u0131\u00e7a\u011f\u0131 \u00e7ekilmi\u015f bir a\u015fk.&#8221; <\/p>\n","protected":false},"excerpt":{"rendered":"<p>&#8220;Hay\u0131na be\u015f dakika kalm\u0131\u015f Son ter son hasret ve son kavu\u015fma Bekliyorum kar\u015f\u0131s\u0131nda, yirmi y\u0131ld\u0131r silinmemi\u015f cam\u0131n Puslu g\u00f6zlerin, a\u011flamakl\u0131 d\u00fcped\u00fcz pi\u015fman Ad\u0131mlar\u0131nda bir kad\u0131n yaral\u0131<span class=\"excerpt-hellip\"> [\u2026]<\/span><\/p>\n","protected":false},"featured_media":0,"template":"","meta":{"_monsterinsights_skip_tracking":false,"_monsterinsights_sitenote_active":false,"_monsterinsights_sitenote_note":"","_monsterinsights_sitenote_category":0},"product_brand":[],"product_cat":[12291,12509],"product_tag":[],"class_list":{"0":"post-737916","1":"product","2":"type-product","3":"status-publish","5":"product_cat-edebiyat","6":"product_cat-siir","7":"pa_cilt-ciltsiz","8":"pa_tur-kitap","9":"pa_yayinevi-imgenin-cocuklari","10":"pa_yazar-ferhat-bezci","12":"first","13":"instock","14":"sale","15":"shipping-taxable","16":"purchasable","17":"product-type-simple"},"_links":{"self":[{"href":"https:\/\/roveyayinevi.com.tr\/index.php\/wp-json\/wp\/v2\/product\/737916","targetHints":{"allow":["GET"]}}],"collection":[{"href":"https:\/\/roveyayinevi.com.tr\/index.php\/wp-json\/wp\/v2\/product"}],"about":[{"href":"https:\/\/roveyayinevi.com.tr\/index.php\/wp-json\/wp\/v2\/types\/product"}],"wp:attachment":[{"href":"https:\/\/roveyayinevi.com.tr\/index.php\/wp-json\/wp\/v2\/media?parent=737916"}],"wp:term":[{"taxonomy":"product_brand","embeddable":true,"href":"https:\/\/roveyayinevi.com.tr\/index.php\/wp-json\/wp\/v2\/product_brand?post=737916"},{"taxonomy":"product_cat","embeddable":true,"href":"https:\/\/roveyayinevi.com.tr\/index.php\/wp-json\/wp\/v2\/product_cat?post=737916"},{"taxonomy":"product_tag","embeddable":true,"href":"https:\/\/roveyayinevi.com.tr\/index.php\/wp-json\/wp\/v2\/product_tag?post=737916"}],"curies":[{"name":"wp","href":"https:\/\/api.w.org\/{rel}","templated":true}]}}