{"id":737915,"date":"2025-08-27T23:38:43","date_gmt":"2025-08-27T20:38:43","guid":{"rendered":"https:\/\/roveyayinevi.com.tr\/index.php\/urun\/veda-coskusu\/"},"modified":"2026-04-16T02:47:43","modified_gmt":"2026-04-15T23:47:43","slug":"veda-coskusu","status":"publish","type":"product","link":"https:\/\/roveyayinevi.com.tr\/index.php\/urun\/veda-coskusu\/","title":{"rendered":"Veda Co\u015fkusu"},"content":{"rendered":"<p>&#8220;beni \u00e7ocuklu\u011fumdan \u00f6p ac\u0131n\u0131n boynu b\u00fck\u00fcls\u00fcn kendime d\u00f6n\u00fc\u015ft\u00fc\u011f\u00fcm yerde &#8230;.. sesimde taze mezarlar g\u00f6m\u00fcl\u00fc cevab\u0131 olmayan sorulardan &#8230;.. okyanusun a\u011fz\u0131ndan ald\u0131m ba\u015f\u0131bo\u015f s\u00f6zleri susuyorum melankolik da\u011flar\u0131n gizemi k\u0131rdaki yuvalar\/bi\u00e7imsiz sanki dereler y\u0131lan\u0131 s\u00f6\u011f\u00fct a\u011fa\u00e7lar\u0131n\u0131n -ku\u015flar bile ayn\u0131 de\u011fil seni d\u00fc\u015f\u00fcn\u00fcrken &#8230;..&#8221; <\/p>\n","protected":false},"excerpt":{"rendered":"<p>&#8220;beni \u00e7ocuklu\u011fumdan \u00f6p ac\u0131n\u0131n boynu b\u00fck\u00fcls\u00fcn kendime d\u00f6n\u00fc\u015ft\u00fc\u011f\u00fcm yerde &#8230;.. sesimde taze mezarlar g\u00f6m\u00fcl\u00fc cevab\u0131 olmayan sorulardan &#8230;.. okyanusun a\u011fz\u0131ndan ald\u0131m ba\u015f\u0131bo\u015f s\u00f6zleri susuyorum melankolik da\u011flar\u0131n<span class=\"excerpt-hellip\"> [\u2026]<\/span><\/p>\n","protected":false},"featured_media":0,"template":"","meta":{"_monsterinsights_skip_tracking":false,"_monsterinsights_sitenote_active":false,"_monsterinsights_sitenote_note":"","_monsterinsights_sitenote_category":0},"product_brand":[],"product_cat":[12291,12509],"product_tag":[],"class_list":{"0":"post-737915","1":"product","2":"type-product","3":"status-publish","5":"product_cat-edebiyat","6":"product_cat-siir","7":"pa_cilt-ciltsiz","8":"pa_tur-kitap","9":"pa_yayinevi-imgenin-cocuklari","10":"pa_yazar-ridvan-yildiz","12":"first","13":"instock","14":"sale","15":"shipping-taxable","16":"purchasable","17":"product-type-simple"},"_links":{"self":[{"href":"https:\/\/roveyayinevi.com.tr\/index.php\/wp-json\/wp\/v2\/product\/737915","targetHints":{"allow":["GET"]}}],"collection":[{"href":"https:\/\/roveyayinevi.com.tr\/index.php\/wp-json\/wp\/v2\/product"}],"about":[{"href":"https:\/\/roveyayinevi.com.tr\/index.php\/wp-json\/wp\/v2\/types\/product"}],"wp:attachment":[{"href":"https:\/\/roveyayinevi.com.tr\/index.php\/wp-json\/wp\/v2\/media?parent=737915"}],"wp:term":[{"taxonomy":"product_brand","embeddable":true,"href":"https:\/\/roveyayinevi.com.tr\/index.php\/wp-json\/wp\/v2\/product_brand?post=737915"},{"taxonomy":"product_cat","embeddable":true,"href":"https:\/\/roveyayinevi.com.tr\/index.php\/wp-json\/wp\/v2\/product_cat?post=737915"},{"taxonomy":"product_tag","embeddable":true,"href":"https:\/\/roveyayinevi.com.tr\/index.php\/wp-json\/wp\/v2\/product_tag?post=737915"}],"curies":[{"name":"wp","href":"https:\/\/api.w.org\/{rel}","templated":true}]}}