{"id":737913,"date":"2025-08-27T23:38:41","date_gmt":"2025-08-27T20:38:41","guid":{"rendered":"https:\/\/roveyayinevi.com.tr\/index.php\/urun\/kemter-u-edna\/"},"modified":"2026-02-24T02:58:35","modified_gmt":"2026-02-23T23:58:35","slug":"kemter-u-edna","status":"publish","type":"product","link":"https:\/\/roveyayinevi.com.tr\/index.php\/urun\/kemter-u-edna\/","title":{"rendered":"Kemter-u edna"},"content":{"rendered":"<p>&#8220;\u015eimdi sen de sendelesen \u0130ki ol da \u00fc\u00e7e yelten Elek&#8211;trik mate&#8211;matik \u015eunda bunda \u00e7arp\u0131lm\u0131\u015f ol Merdivenler Meridyenler Meraretler Mersiyeler Melametler Melanetler \u0130ne \u00e7\u0131ka bat\u0131lm\u0131\u015f ol Ende boylam d\u00fc\u015f dikeyden Sor zor soru hem de hemen Sual muhal dip y\u00fczeyden Yan\u0131t ver de yan\u0131ltm\u0131\u015f ol&#8221; <\/p>\n","protected":false},"excerpt":{"rendered":"<p>&#8220;\u015eimdi sen de sendelesen \u0130ki ol da \u00fc\u00e7e yelten Elek&#8211;trik mate&#8211;matik \u015eunda bunda \u00e7arp\u0131lm\u0131\u015f ol Merdivenler Meridyenler Meraretler Mersiyeler Melametler Melanetler \u0130ne \u00e7\u0131ka bat\u0131lm\u0131\u015f ol Ende<span class=\"excerpt-hellip\"> [\u2026]<\/span><\/p>\n","protected":false},"featured_media":0,"template":"","meta":{"_monsterinsights_skip_tracking":false,"_monsterinsights_sitenote_active":false,"_monsterinsights_sitenote_note":"","_monsterinsights_sitenote_category":0},"product_brand":[],"product_cat":[12291,12509],"product_tag":[],"class_list":{"0":"post-737913","1":"product","2":"type-product","3":"status-publish","5":"product_cat-edebiyat","6":"product_cat-siir","7":"pa_cilt-ciltsiz","8":"pa_tur-kitap","9":"pa_yayinevi-imgenin-cocuklari","10":"pa_yazar-aytac-ars","12":"first","13":"instock","14":"sale","15":"shipping-taxable","16":"purchasable","17":"product-type-simple"},"_links":{"self":[{"href":"https:\/\/roveyayinevi.com.tr\/index.php\/wp-json\/wp\/v2\/product\/737913","targetHints":{"allow":["GET"]}}],"collection":[{"href":"https:\/\/roveyayinevi.com.tr\/index.php\/wp-json\/wp\/v2\/product"}],"about":[{"href":"https:\/\/roveyayinevi.com.tr\/index.php\/wp-json\/wp\/v2\/types\/product"}],"wp:attachment":[{"href":"https:\/\/roveyayinevi.com.tr\/index.php\/wp-json\/wp\/v2\/media?parent=737913"}],"wp:term":[{"taxonomy":"product_brand","embeddable":true,"href":"https:\/\/roveyayinevi.com.tr\/index.php\/wp-json\/wp\/v2\/product_brand?post=737913"},{"taxonomy":"product_cat","embeddable":true,"href":"https:\/\/roveyayinevi.com.tr\/index.php\/wp-json\/wp\/v2\/product_cat?post=737913"},{"taxonomy":"product_tag","embeddable":true,"href":"https:\/\/roveyayinevi.com.tr\/index.php\/wp-json\/wp\/v2\/product_tag?post=737913"}],"curies":[{"name":"wp","href":"https:\/\/api.w.org\/{rel}","templated":true}]}}