{"id":737912,"date":"2025-08-27T23:38:39","date_gmt":"2025-08-27T20:38:39","guid":{"rendered":"https:\/\/roveyayinevi.com.tr\/index.php\/urun\/ebabil-ofkesi\/"},"modified":"2025-12-30T10:50:02","modified_gmt":"2025-12-30T07:50:02","slug":"ebabil-ofkesi","status":"publish","type":"product","link":"https:\/\/roveyayinevi.com.tr\/index.php\/urun\/ebabil-ofkesi\/","title":{"rendered":"Ebabil \u00d6fkesi"},"content":{"rendered":"<p>&#8220;nas\u0131l da hor g\u00f6rd\u00fc bizi oca\u011f\u0131na d\u00fc\u015ft\u00fc\u011f\u00fcm\u00fcz gurbet yosun tutmay\u0131 beceremeyen ta\u015flar basarak ba\u011fr\u0131ma sab\u0131r y\u00fckl\u00fc s\u00fcsl\u00fc kervanlarla ge\u00e7tim i\u00e7imdeki \u00e7\u00f6l\u00fc ve yorgun s\u00f6zc\u00fcklerin doldurdu\u011fu zengin kafiyelerle k\u0131r \u00e7i\u00e7ekleriyle de\u011fi\u015ftim toz duman i\u00e7indeki g\u00fcl\u00fc sesinden d\u00fc\u015fen ve y\u00fcre\u011finden d\u00f6k\u00fclenleri toplad\u0131m su\u00e7luyum dilsiz ve anlams\u0131z s\u00f6zc\u00fckler ele verdi beni insan insandan ne anlarsa ben de seni \u00f6yle anlad\u0131m g\u00fcnahlar\u0131m\u0131z da b\u00fcy\u00fcm\u00fc\u015ft\u00fcr biz b\u00fcy\u00fcd\u00fck\u00e7e bilirim s\u0131las\u0131z ve gurbetsiz g\u00f6\u00e7ebeyim burada yolcu de\u011filim<\/p>\n","protected":false},"excerpt":{"rendered":"<p>&#8220;nas\u0131l da hor g\u00f6rd\u00fc bizi oca\u011f\u0131na d\u00fc\u015ft\u00fc\u011f\u00fcm\u00fcz gurbet yosun tutmay\u0131 beceremeyen ta\u015flar basarak ba\u011fr\u0131ma sab\u0131r y\u00fckl\u00fc s\u00fcsl\u00fc kervanlarla ge\u00e7tim i\u00e7imdeki \u00e7\u00f6l\u00fc ve yorgun s\u00f6zc\u00fcklerin doldurdu\u011fu zengin<span class=\"excerpt-hellip\"> [\u2026]<\/span><\/p>\n","protected":false},"featured_media":0,"template":"","meta":{"_monsterinsights_skip_tracking":false,"_monsterinsights_sitenote_active":false,"_monsterinsights_sitenote_note":"","_monsterinsights_sitenote_category":0},"product_brand":[],"product_cat":[12291,12509],"product_tag":[],"class_list":{"0":"post-737912","1":"product","2":"type-product","3":"status-publish","5":"product_cat-edebiyat","6":"product_cat-siir","7":"pa_cilt-ciltsiz","8":"pa_tur-kitap","9":"pa_yayinevi-imgenin-cocuklari","10":"pa_yazar-arif-mete","12":"first","13":"instock","14":"sale","15":"shipping-taxable","16":"purchasable","17":"product-type-simple"},"_links":{"self":[{"href":"https:\/\/roveyayinevi.com.tr\/index.php\/wp-json\/wp\/v2\/product\/737912","targetHints":{"allow":["GET"]}}],"collection":[{"href":"https:\/\/roveyayinevi.com.tr\/index.php\/wp-json\/wp\/v2\/product"}],"about":[{"href":"https:\/\/roveyayinevi.com.tr\/index.php\/wp-json\/wp\/v2\/types\/product"}],"wp:attachment":[{"href":"https:\/\/roveyayinevi.com.tr\/index.php\/wp-json\/wp\/v2\/media?parent=737912"}],"wp:term":[{"taxonomy":"product_brand","embeddable":true,"href":"https:\/\/roveyayinevi.com.tr\/index.php\/wp-json\/wp\/v2\/product_brand?post=737912"},{"taxonomy":"product_cat","embeddable":true,"href":"https:\/\/roveyayinevi.com.tr\/index.php\/wp-json\/wp\/v2\/product_cat?post=737912"},{"taxonomy":"product_tag","embeddable":true,"href":"https:\/\/roveyayinevi.com.tr\/index.php\/wp-json\/wp\/v2\/product_tag?post=737912"}],"curies":[{"name":"wp","href":"https:\/\/api.w.org\/{rel}","templated":true}]}}