{"id":737910,"date":"2025-08-27T23:38:38","date_gmt":"2025-08-27T20:38:38","guid":{"rendered":"https:\/\/roveyayinevi.com.tr\/index.php\/urun\/atilim\/"},"modified":"2026-04-16T02:47:43","modified_gmt":"2026-04-15T23:47:43","slug":"atilim","status":"publish","type":"product","link":"https:\/\/roveyayinevi.com.tr\/index.php\/urun\/atilim\/","title":{"rendered":"At\u0131l\u0131m"},"content":{"rendered":"<p>\u201cHayat size daima ihtiyac\u0131n\u0131z olan \u015feyi verir ve \u015fu anda o zor zamanlarda bir rehber olarak kullanman\u0131z i\u00e7in size bu kitab\u0131 vermi\u015ftir. Bu eser, Steve Taylor\u2019un apa\u00e7\u0131k ve ger\u00e7ek\u00e7i bir bi\u00e7imde ve ustaca ifade etti\u011fi \u00e7ok de\u011ferli bir bilgeli\u011fi i\u00e7ermektedir.\u201d &#8211; Eckhart Tolle (Bu kitap, Eckhart Tolle\u2019\u00fcn \u00f6zellikle tavsiye etti\u011fi, onun insan\u0131n ya\u015fam\u0131n\u0131 de\u011fi\u015ftiren eserleri kapsayan se\u00e7kisi i\u00e7inde yer almaktad\u0131r.)   \u201cAyd\u0131nlanman\u0131n ne oldu\u011funu do\u011fru olarak anlaman\u0131n zaman\u0131 gelmi\u015ftir. Bu \u00f6nemli eser uzun zamand\u0131r gizemini koruyan ayd\u0131nlanma halinin tam ve derin bir tasvirini sunmaktad\u0131r.\u201d &#8211; Dr. Robert K. C. Forman, Mistisizm, Zihin, Bilin\u00e7 adl\u0131 kitab\u0131n yazar\u0131   \u201cBu kitap, Steve Taylor\u2019un -a\u00e7\u0131k ve kolay anla\u015f\u0131l\u0131r yaz\u0131m\u0131 okurlarda hayranl\u0131\u011fa ve bilgeli\u011fe yol a\u00e7acak- b\u00fcy\u00fck bir spirit\u00fcel yazar ve \u00f6\u011fretmen oldu\u011funu ortaya koyuyor.\u201d &#8211; Stanley Krippner, PhD, Saybrook \u00dcniversitesi Psikoloji Profes\u00f6r\u00fc   \u201cSpirit\u00fcel geleneklerin i\u00e7inde ve d\u0131\u015f\u0131nda uyan\u0131\u015f\u0131 son derece ayr\u0131nt\u0131l\u0131 bi\u00e7imde ayd\u0131nl\u0131\u011fa kavu\u015fturan ve bu tehlikeli zamanlarda umut sunan bu eseri okumak insana b\u00fcy\u00fck bir zevk veriyor.\u201d &#8211; Claudio Naranjo, Uygarl\u0131\u011f\u0131 \u0130yile\u015ftirmek adl\u0131 kitab\u0131n yazar\u0131   \u201cBu eser, \u00e7a\u011fda\u015f ara\u015ft\u0131rman\u0131n ve ebedi bilgeli\u011fin -spirit\u00fcel uyan\u0131\u015f\u0131n gizemli s\u00fcrecini daha kavran\u0131labilir hale getiren- harika bir sentezi.\u201d &#8211; Peter Russell, Bilimden Tanr\u0131\u2019ya adl\u0131 kitab\u0131n yazar\u0131   \u201cBu kitap hem i\u00e7g\u00f6r\u00fc dolu hem \u00e7ok ilham verici. Steve Taylor\u2019un uyan\u0131kl\u0131k hallerini derin anlay\u0131\u015f\u0131 kitap boyunca \u0131\u015f\u0131k yay\u0131yor ve onun insanl\u0131\u011f\u0131 bekleyen evrimsel bir at\u0131l\u0131m \u00f6nermesiyle doru\u011fa ula\u015f\u0131yor. Taylor bu b\u00fcy\u00fcleyici olgunun derin bir anlay\u0131\u015f\u0131n\u0131 etkili bir bi\u00e7imde aktard\u0131\u011f\u0131ndan, At\u0131l\u0131m uyanmakla ilgilenen herkes i\u00e7in ka\u00e7\u0131r\u0131lmamas\u0131 gereken bir kitap.\u201d &#8211; Dr. Penny Satori, \u00d6l\u00fcmden-D\u00f6nme Deneyimlerinin Bilgeli\u011fi adl\u0131 kitab\u0131n yazar\u0131<\/p>\n","protected":false},"excerpt":{"rendered":"<p>\u201cHayat size daima ihtiyac\u0131n\u0131z olan \u015feyi verir ve \u015fu anda o zor zamanlarda bir rehber olarak kullanman\u0131z i\u00e7in size bu kitab\u0131 vermi\u015ftir. Bu eser, Steve Taylor\u2019un<span class=\"excerpt-hellip\"> [\u2026]<\/span><\/p>\n","protected":false},"featured_media":0,"template":"","meta":{"_monsterinsights_skip_tracking":false,"_monsterinsights_sitenote_active":false,"_monsterinsights_sitenote_note":"","_monsterinsights_sitenote_category":0},"product_brand":[],"product_cat":[12364,12376],"product_tag":[],"class_list":{"0":"post-737910","1":"product","2":"type-product","3":"status-publish","5":"product_cat-genel-konular","6":"product_cat-kisisel-gelisim","7":"pa_cilt-ciltsiz","8":"pa_tur-kitap","9":"pa_yayinevi-akasa-yayinlari","10":"pa_yazar-steve-taylor","12":"first","13":"instock","14":"sale","15":"shipping-taxable","16":"purchasable","17":"product-type-simple"},"_links":{"self":[{"href":"https:\/\/roveyayinevi.com.tr\/index.php\/wp-json\/wp\/v2\/product\/737910","targetHints":{"allow":["GET"]}}],"collection":[{"href":"https:\/\/roveyayinevi.com.tr\/index.php\/wp-json\/wp\/v2\/product"}],"about":[{"href":"https:\/\/roveyayinevi.com.tr\/index.php\/wp-json\/wp\/v2\/types\/product"}],"wp:attachment":[{"href":"https:\/\/roveyayinevi.com.tr\/index.php\/wp-json\/wp\/v2\/media?parent=737910"}],"wp:term":[{"taxonomy":"product_brand","embeddable":true,"href":"https:\/\/roveyayinevi.com.tr\/index.php\/wp-json\/wp\/v2\/product_brand?post=737910"},{"taxonomy":"product_cat","embeddable":true,"href":"https:\/\/roveyayinevi.com.tr\/index.php\/wp-json\/wp\/v2\/product_cat?post=737910"},{"taxonomy":"product_tag","embeddable":true,"href":"https:\/\/roveyayinevi.com.tr\/index.php\/wp-json\/wp\/v2\/product_tag?post=737910"}],"curies":[{"name":"wp","href":"https:\/\/api.w.org\/{rel}","templated":true}]}}