{"id":737909,"date":"2025-08-27T23:38:37","date_gmt":"2025-08-27T20:38:37","guid":{"rendered":"https:\/\/roveyayinevi.com.tr\/index.php\/urun\/gecmisin-yuku\/"},"modified":"2026-04-16T02:47:43","modified_gmt":"2026-04-15T23:47:43","slug":"gecmisin-yuku","status":"publish","type":"product","link":"https:\/\/roveyayinevi.com.tr\/index.php\/urun\/gecmisin-yuku\/","title":{"rendered":"Ge\u00e7mi\u015fin Y\u00fck\u00fc"},"content":{"rendered":"<p>Ge\u00e7mi\u015f insano\u011flunun s\u0131rt\u0131nda \u00f6lene kadar ta\u015f\u0131yaca\u011f\u0131 tek ger\u00e7e\u011fi\u2026Zeynep&#8217;in k\u00f6y\u00fcnden ka\u00e7arcas\u0131na \u00e7\u0131kmas\u0131ndan Amerika&#8217;ya kadar uzanan \u00f6yk\u00fcs\u00fcnde bir aile olma hasretiyle yan\u0131\u015f\u0131na \u015fahit olacaks\u0131n\u0131z. Bu \u00f6zlem \u00f6ylesine tehlikeli bir hal alacak ki tek a\u015fk\u0131 Henry i\u00e7in g\u00f6ze ald\u0131klar\u0131 herkesin hayat\u0131n\u0131 alt \u00fcst edecektir.Sosyetenin i\u00e7ine do\u011fan ve yal\u0131da b\u00fcy\u00fcyen S\u00fcreyya&#8217;n\u0131n \u00fcrkek, k\u00fc\u00e7\u00fck bir k\u0131zdan \u00fcnl\u00fc bir heykeltra\u015fa d\u00f6n\u00fc\u015f\u00fcrkenki sanc\u0131s\u0131 hepinizi g\u00f6zya\u015flar\u0131na bo\u011facak. Mutlulu\u011fu \u00e7amurun i\u00e7inde arayan S\u00fcreyya&#8217;da i\u00e7imizde ya\u015fayan ama fark\u0131nda olmadan s\u0131rt\u0131m\u0131z\u0131 d\u00f6nd\u00fc\u011f\u00fcm\u00fcz binlerce y\u00fcze tan\u0131k olacaks\u0131n\u0131z.Firuze mankenlik d\u00fcnyas\u0131nda parlayan naif bir y\u0131ld\u0131zken, yanl\u0131\u015f bir adama a\u015f\u0131k olmas\u0131yla her g\u00fcn \u00f6l\u00fcm\u00fc nefesinde hissederek ya\u015fayan gen\u00e7 bir kad\u0131n. Firuze&#8217;nin her \u015feyini kaybederkenki \u00e7\u0131rp\u0131n\u0131\u015f\u0131 ve kendi i\u00e7 d\u00fcnyas\u0131na yolculu\u011fu onu tamamen farkl\u0131 bir hayata s\u00fcr\u00fckleyecektir.Almanya&#8217;da T\u00fcrk Gelenekleri&#8217;nden uzak b\u00fcy\u00fcyen ve sevdi\u011fi adam\u0131 ac\u0131 bir \u015fekilde kaybeden Aylin ise, y\u0131llard\u0131r saklad\u0131\u011f\u0131 s\u0131rr\u0131 korumak i\u00e7in ne kadar ileri gidebilecek?Bu d\u00f6rt yak\u0131n arkada\u015f, farkl\u0131 nedenlerle ka\u00e7t\u0131klar\u0131 ge\u00e7mi\u015fleriyle yeniden kar\u015f\u0131la\u015facak ve ne yaz\u0131k ki bu kar\u015f\u0131la\u015fma onlar\u0131 d\u00f6n\u00fc\u015f\u00fc olmayan bir girdab\u0131n i\u00e7ine sokacakt\u0131r.Ge\u00e7mi\u015fin Y\u00fck\u00fc, sizi beklenmedik sona giden bir ser\u00fcven yolculu\u011funa \u00e7\u0131kar\u0131yor.\u201cGe\u00e7mi\u015fle ya\u015famak en a\u011f\u0131r hastal\u0131k S\u00fcreyya! Ge\u00e7mi\u015fi silemezsen, ondan vazge\u00e7emezsen asla yeni gelecek yazamazs\u0131n.\u201d\u201cBu gece bu i\u015f son bulmal\u0131&#8230;zaman\u0131 geldi.\u201dAy\u015feg\u00fcl Kefeli Jones sizi al\u0131p, d\u00fcnya \u015fehirlerinde, insan hayatlar\u0131n\u0131n i\u00e7inde \u00f6yle bir dola\u015ft\u0131r\u0131yor ki, kendinizi uzun s\u00fcredir bekledi\u011fi dalgalara nihayet ula\u015fm\u0131\u015f bir s\u00f6rf\u00e7\u00fc gibi hissediyorsunuz. Sahici, samimi, ak\u0131c\u0131, zeki, h\u0131nz\u0131r ayn\u0131 zamanda. Yaramaz bir \u00e7ocuk gibi.Bilge EGEMENGazeteci\u201cGer\u00e7ekten soluksuz okuyaca\u011f\u0131n\u0131z nadir romanlardan biri. \u00c7ok etkilendim.\u201dArzu ECEM\u00fczisyen<\/p>\n","protected":false},"excerpt":{"rendered":"<p>Ge\u00e7mi\u015f insano\u011flunun s\u0131rt\u0131nda \u00f6lene kadar ta\u015f\u0131yaca\u011f\u0131 tek ger\u00e7e\u011fi\u2026Zeynep&#8217;in k\u00f6y\u00fcnden ka\u00e7arcas\u0131na \u00e7\u0131kmas\u0131ndan Amerika&#8217;ya kadar uzanan \u00f6yk\u00fcs\u00fcnde bir aile olma hasretiyle yan\u0131\u015f\u0131na \u015fahit olacaks\u0131n\u0131z. Bu \u00f6zlem \u00f6ylesine tehlikeli<span class=\"excerpt-hellip\"> [\u2026]<\/span><\/p>\n","protected":false},"featured_media":0,"template":"","meta":{"_monsterinsights_skip_tracking":false,"_monsterinsights_sitenote_active":false,"_monsterinsights_sitenote_note":"","_monsterinsights_sitenote_category":0},"product_brand":[],"product_cat":[12291,12711],"product_tag":[],"class_list":{"0":"post-737909","1":"product","2":"type-product","3":"status-publish","5":"product_cat-edebiyat","6":"product_cat-roman-oyku","7":"pa_cilt-ciltsiz","8":"pa_tur-kitap","9":"pa_yayinevi-perseus","10":"pa_yazar-aysegul-kefeli-jones","12":"first","13":"instock","14":"sale","15":"shipping-taxable","16":"purchasable","17":"product-type-simple"},"_links":{"self":[{"href":"https:\/\/roveyayinevi.com.tr\/index.php\/wp-json\/wp\/v2\/product\/737909","targetHints":{"allow":["GET"]}}],"collection":[{"href":"https:\/\/roveyayinevi.com.tr\/index.php\/wp-json\/wp\/v2\/product"}],"about":[{"href":"https:\/\/roveyayinevi.com.tr\/index.php\/wp-json\/wp\/v2\/types\/product"}],"wp:attachment":[{"href":"https:\/\/roveyayinevi.com.tr\/index.php\/wp-json\/wp\/v2\/media?parent=737909"}],"wp:term":[{"taxonomy":"product_brand","embeddable":true,"href":"https:\/\/roveyayinevi.com.tr\/index.php\/wp-json\/wp\/v2\/product_brand?post=737909"},{"taxonomy":"product_cat","embeddable":true,"href":"https:\/\/roveyayinevi.com.tr\/index.php\/wp-json\/wp\/v2\/product_cat?post=737909"},{"taxonomy":"product_tag","embeddable":true,"href":"https:\/\/roveyayinevi.com.tr\/index.php\/wp-json\/wp\/v2\/product_tag?post=737909"}],"curies":[{"name":"wp","href":"https:\/\/api.w.org\/{rel}","templated":true}]}}